{"id":954,"date":"2023-07-21T16:34:17","date_gmt":"2023-07-21T16:34:17","guid":{"rendered":"https:\/\/yucatandivecrew.com\/?page_id=954"},"modified":"2023-07-31T21:49:28","modified_gmt":"2023-07-31T21:49:28","slug":"cenote-sabak-ha","status":"publish","type":"page","link":"https:\/\/yucatandivecrew.com\/fr\/sites-de-plongee\/cenote-sabak-ha\/","title":{"rendered":"Cenote Sabak H\u00e1"},"content":{"rendered":"<div data-elementor-type=\"wp-page\" data-elementor-id=\"954\" class=\"elementor elementor-954\" data-elementor-post-type=\"page\">\n\t\t\t\t<div class=\"elementor-element elementor-element-56509c71 e-con-full e-flex e-con e-parent\" data-id=\"56509c71\" data-element_type=\"container\" data-settings=\"{&quot;background_background&quot;:&quot;classic&quot;}\">\n\t\t<div class=\"elementor-element elementor-element-2a44f844 e-con-full e-flex e-con e-parent\" data-id=\"2a44f844\" data-element_type=\"container\">\n\t\t\t\t<div class=\"elementor-element elementor-element-378b83f3 elementor-widget elementor-widget-heading\" data-id=\"378b83f3\" data-element_type=\"widget\" data-widget_type=\"heading.default\">\n\t\t\t\t<div class=\"elementor-widget-container\">\n\t\t\t\t\t<h1 class=\"elementor-heading-title elementor-size-default\">Cenote Sabak Ha\n<\/h1>\t\t\t\t<\/div>\n\t\t\t\t<\/div>\n\t\t\t\t<div class=\"elementor-element elementor-element-62ec2e9f elementor-widget elementor-widget-text-editor\" data-id=\"62ec2e9f\" data-element_type=\"widget\" data-widget_type=\"text-editor.default\">\n\t\t\t\t<div class=\"elementor-widget-container\">\n\t\t\t\t\t\t\t\t\t<p>Explorez les profondeurs envo\u00fbtantes du c\u00e9note Sabak Ha (eau sombre), consid\u00e9r\u00e9 comme le c\u00e9note le plus profond du Yucat\u00e1n avec une profondeur estim\u00e9e \u00e0 150 m\u00e8tres \u2013 une profondeur qui reste encore inconnue. Nich\u00e9 dans la municipalit\u00e9 de Sacalum, il se situe \u00e0 70 kilom\u00e8tres au sud de la ville de M\u00e9rida. <\/p>\t\t\t\t\t\t\t\t<\/div>\n\t\t\t\t<\/div>\n\t\t\t\t<div class=\"elementor-element elementor-element-1e93bcec elementor-widget elementor-widget-button\" data-id=\"1e93bcec\" data-element_type=\"widget\" data-widget_type=\"button.default\">\n\t\t\t\t<div class=\"elementor-widget-container\">\n\t\t\t\t\t\t\t\t\t<div class=\"elementor-button-wrapper\">\n\t\t\t\t\t<a class=\"elementor-button elementor-button-link elementor-size-md\" href=\"https:\/\/goo.gl\/maps\/MoBXwraaNPkq7YqMA\">\n\t\t\t\t\t\t<span class=\"elementor-button-content-wrapper\">\n\t\t\t\t\t\t<span class=\"elementor-button-icon\">\n\t\t\t\t<i aria-hidden=\"true\" class=\"far fa-calendar-check\"><\/i>\t\t\t<\/span>\n\t\t\t\t\t\t\t\t\t<span class=\"elementor-button-text\">Obtenir un itin\u00e9raire<\/span>\n\t\t\t\t\t<\/span>\n\t\t\t\t\t<\/a>\n\t\t\t\t<\/div>\n\t\t\t\t\t\t\t\t<\/div>\n\t\t\t\t<\/div>\n\t\t\t\t<\/div>\n\t\t<div class=\"elementor-element elementor-element-56cfc400 e-con-full e-flex e-con e-parent\" data-id=\"56cfc400\" data-element_type=\"container\" data-settings=\"{&quot;background_background&quot;:&quot;slideshow&quot;,&quot;animation&quot;:&quot;none&quot;,&quot;background_slideshow_gallery&quot;:[{&quot;id&quot;:827,&quot;url&quot;:&quot;https:\\\/\\\/yucatandivecrew.com\\\/wp-content\\\/uploads\\\/2023\\\/07\\\/Cenote-Yaal-Utzil-1.jpeg&quot;},{&quot;id&quot;:825,&quot;url&quot;:&quot;https:\\\/\\\/yucatandivecrew.com\\\/wp-content\\\/uploads\\\/2023\\\/07\\\/Cenote-Sabak-Ha.jpeg&quot;},{&quot;id&quot;:822,&quot;url&quot;:&quot;https:\\\/\\\/yucatandivecrew.com\\\/wp-content\\\/uploads\\\/2023\\\/07\\\/cenote_nahyah.jpeg&quot;}],&quot;background_slideshow_loop&quot;:&quot;yes&quot;,&quot;background_slideshow_slide_duration&quot;:5000,&quot;background_slideshow_slide_transition&quot;:&quot;fade&quot;,&quot;background_slideshow_transition_duration&quot;:500}\">\n\t\t\t\t<\/div>\n\t\t\t\t<\/div>\n\t\t<div class=\"elementor-element elementor-element-1ecd5523 e-flex e-con-boxed e-con e-parent\" data-id=\"1ecd5523\" data-element_type=\"container\" data-settings=\"{&quot;background_background&quot;:&quot;classic&quot;}\">\n\t\t\t\t\t<div class=\"e-con-inner\">\n\t\t<div class=\"elementor-element elementor-element-2d7f925 e-flex e-con-boxed e-con e-parent\" data-id=\"2d7f925\" data-element_type=\"container\" data-settings=\"{&quot;background_background&quot;:&quot;classic&quot;}\">\n\t\t\t\t\t<div class=\"e-con-inner\">\n\t\t<div class=\"elementor-element elementor-element-1104aa67 e-flex e-con-boxed elementor-invisible e-con e-parent\" data-id=\"1104aa67\" data-element_type=\"container\" data-settings=\"{&quot;animation&quot;:&quot;rotateIn&quot;}\">\n\t\t\t\t\t<div class=\"e-con-inner\">\n\t\t\t\t<div class=\"elementor-element elementor-element-1476d0b0 elementor-widget elementor-widget-google_maps\" data-id=\"1476d0b0\" data-element_type=\"widget\" data-widget_type=\"google_maps.default\">\n\t\t\t\t<div class=\"elementor-widget-container\">\n\t\t\t\t\t\t\t<div class=\"elementor-custom-embed\">\n\t\t\t<iframe loading=\"lazy\"\n\t\t\t\t\tsrc=\"https:\/\/maps.google.com\/maps?q=Cenote%20sabak%20ha&#038;t=m&#038;z=10&#038;output=embed&#038;iwloc=near\"\n\t\t\t\t\ttitle=\"Cenote sabak ha\"\n\t\t\t\t\taria-label=\"Cenote sabak ha\"\n\t\t\t><\/iframe>\n\t\t<\/div>\n\t\t\t\t\t\t<\/div>\n\t\t\t\t<\/div>\n\t\t\t\t\t<\/div>\n\t\t\t\t<\/div>\n\t\t<div class=\"elementor-element elementor-element-3451df7b e-flex e-con-boxed e-con e-parent\" data-id=\"3451df7b\" data-element_type=\"container\">\n\t\t\t\t\t<div class=\"e-con-inner\">\n\t\t\t\t<div class=\"elementor-element elementor-element-755a4254 elementor-widget elementor-widget-text-editor\" data-id=\"755a4254\" data-element_type=\"widget\" data-widget_type=\"text-editor.default\">\n\t\t\t\t<div class=\"elementor-widget-container\">\n\t\t\t\t\t\t\t\t\t<h2>Informations sur le c\u00e9note Sabak H\u00e1<\/h2>\t\t\t\t\t\t\t\t<\/div>\n\t\t\t\t<\/div>\n\t\t\t\t<div class=\"elementor-element elementor-element-738df72f elementor-icon-list--layout-traditional elementor-list-item-link-full_width elementor-widget elementor-widget-icon-list\" data-id=\"738df72f\" data-element_type=\"widget\" data-widget_type=\"icon-list.default\">\n\t\t\t\t<div class=\"elementor-widget-container\">\n\t\t\t\t\t\t\t<ul class=\"elementor-icon-list-items\">\n\t\t\t\t\t\t\t<li class=\"elementor-icon-list-item\">\n\t\t\t\t\t\t\t\t\t\t\t<span class=\"elementor-icon-list-icon\">\n\t\t\t\t\t\t\t<i aria-hidden=\"true\" class=\"far fa-calendar-alt\"><\/i>\t\t\t\t\t\t<\/span>\n\t\t\t\t\t\t\t\t\t\t<span class=\"elementor-icon-list-text\">Ouvert : du lundi au dimanche<\/span>\n\t\t\t\t\t\t\t\t\t<\/li>\n\t\t\t\t\t\t\t\t<li class=\"elementor-icon-list-item\">\n\t\t\t\t\t\t\t\t\t\t\t<span class=\"elementor-icon-list-icon\">\n\t\t\t\t\t\t\t<i aria-hidden=\"true\" class=\"far fa-clock\"><\/i>\t\t\t\t\t\t<\/span>\n\t\t\t\t\t\t\t\t\t\t<span class=\"elementor-icon-list-text\">Horaires : 8h00 - 18h00.<\/span>\n\t\t\t\t\t\t\t\t\t<\/li>\n\t\t\t\t\t\t\t\t<li class=\"elementor-icon-list-item\">\n\t\t\t\t\t\t\t\t\t\t\t<span class=\"elementor-icon-list-icon\">\n\t\t\t\t\t\t\t<i aria-hidden=\"true\" class=\"fas fa-sort-amount-down\"><\/i>\t\t\t\t\t\t<\/span>\n\t\t\t\t\t\t\t\t\t\t<span class=\"elementor-icon-list-text\">Profondeur maximale : Inconnue.<\/span>\n\t\t\t\t\t\t\t\t\t<\/li>\n\t\t\t\t\t\t\t\t<li class=\"elementor-icon-list-item\">\n\t\t\t\t\t\t\t\t\t\t\t<span class=\"elementor-icon-list-icon\">\n\t\t\t\t\t\t\t<i aria-hidden=\"true\" class=\"fas fa-thermometer-quarter\"><\/i>\t\t\t\t\t\t<\/span>\n\t\t\t\t\t\t\t\t\t\t<span class=\"elementor-icon-list-text\">Temp\u00e9rature de l&#039;eau 27\u00b0C \/ 80,6\u00b0F<\/span>\n\t\t\t\t\t\t\t\t\t<\/li>\n\t\t\t\t\t\t\t\t<li class=\"elementor-icon-list-item\">\n\t\t\t\t\t\t\t\t\t\t\t<span class=\"elementor-icon-list-icon\">\n\t\t\t\t\t\t\t<i aria-hidden=\"true\" class=\"far fa-dot-circle\"><\/i>\t\t\t\t\t\t<\/span>\n\t\t\t\t\t\t\t\t\t\t<span class=\"elementor-icon-list-text\">Type de c\u00e9note\u00a0: Ouvert<\/span>\n\t\t\t\t\t\t\t\t\t<\/li>\n\t\t\t\t\t\t\t\t<li class=\"elementor-icon-list-item\">\n\t\t\t\t\t\t\t\t\t\t\t<span class=\"elementor-icon-list-icon\">\n\t\t\t\t\t\t\t<i aria-hidden=\"true\" class=\"fas fa-certificate\"><\/i>\t\t\t\t\t\t<\/span>\n\t\t\t\t\t\t\t\t\t\t<span class=\"elementor-icon-list-text\">Niveau de certification\u00a0: PADI Advanced Open Water | PADI Deep Diver<\/span>\n\t\t\t\t\t\t\t\t\t<\/li>\n\t\t\t\t\t\t<\/ul>\n\t\t\t\t\t\t<\/div>\n\t\t\t\t<\/div>\n\t\t\t\t\t<\/div>\n\t\t\t\t<\/div>\n\t\t\t\t\t<\/div>\n\t\t\t\t<\/div>\n\t\t\t\t\t<\/div>\n\t\t\t\t<\/div>\n\t\t<div class=\"elementor-element elementor-element-1e8542fe e-flex e-con-boxed e-con e-parent\" data-id=\"1e8542fe\" data-element_type=\"container\" data-settings=\"{&quot;background_background&quot;:&quot;classic&quot;}\">\n\t\t\t\t\t<div class=\"e-con-inner\">\n\t\t<div class=\"elementor-element elementor-element-22c234df e-flex e-con-boxed e-con e-parent\" data-id=\"22c234df\" data-element_type=\"container\">\n\t\t\t\t\t<div class=\"e-con-inner\">\n\t\t\t\t<div class=\"elementor-element elementor-element-2d7bae4b elementor-widget elementor-widget-heading\" data-id=\"2d7bae4b\" data-element_type=\"widget\" data-widget_type=\"heading.default\">\n\t\t\t\t<div class=\"elementor-widget-container\">\n\t\t\t\t\t<h2 class=\"elementor-heading-title elementor-size-default\">C\u00e9notes \u00e0 proximit\u00e9<\/h2>\t\t\t\t<\/div>\n\t\t\t\t<\/div>\n\t\t\t\t<div class=\"elementor-element elementor-element-2ddadeda elementor-widget elementor-widget-image\" data-id=\"2ddadeda\" data-element_type=\"widget\" data-widget_type=\"image.default\">\n\t\t\t\t<div class=\"elementor-widget-container\">\n\t\t\t\t\t\t\t\t\t\t\t\t\t\t\t<img decoding=\"async\" width=\"60\" height=\"4\" src=\"https:\/\/yucatandivecrew.com\/wp-content\/uploads\/2023\/06\/wave.svg\" class=\"attachment-full size-full wp-image-155\" alt=\"\" \/>\t\t\t\t\t\t\t\t\t\t\t\t\t\t\t<\/div>\n\t\t\t\t<\/div>\n\t\t\t\t\t<\/div>\n\t\t\t\t<\/div>\n\t\t<div class=\"elementor-element elementor-element-5b7ec5b8 e-flex e-con-boxed e-con e-parent\" data-id=\"5b7ec5b8\" data-element_type=\"container\">\n\t\t\t\t\t<div class=\"e-con-inner\">\n\t\t<div class=\"elementor-element elementor-element-443b53f8 e-con-full e-flex e-con e-parent\" data-id=\"443b53f8\" data-element_type=\"container\">\n\t\t\t\t<div class=\"elementor-element elementor-element-2aa9fcec elementor-widget elementor-widget-image\" data-id=\"2aa9fcec\" data-element_type=\"widget\" data-widget_type=\"image.default\">\n\t\t\t\t<div class=\"elementor-widget-container\">\n\t\t\t\t\t\t\t\t\t\t\t\t\t\t\t\t<a href=\"\/fr\/cenotes\/cenote-kankirixche\/\">\n\t\t\t\t\t\t\t<img fetchpriority=\"high\" decoding=\"async\" width=\"1080\" height=\"810\" src=\"https:\/\/yucatandivecrew.com\/wp-content\/uploads\/2023\/07\/cenote_kankirixe.jpeg\" class=\"attachment-full size-full wp-image-821\" alt=\"c\u00e9note Kankirixch\u00e9\" srcset=\"https:\/\/yucatandivecrew.com\/wp-content\/uploads\/2023\/07\/cenote_kankirixe.jpeg 1080w, https:\/\/yucatandivecrew.com\/wp-content\/uploads\/2023\/07\/cenote_kankirixe-300x225.jpeg 300w, https:\/\/yucatandivecrew.com\/wp-content\/uploads\/2023\/07\/cenote_kankirixe-1024x768.jpeg 1024w, https:\/\/yucatandivecrew.com\/wp-content\/uploads\/2023\/07\/cenote_kankirixe-768x576.jpeg 768w\" sizes=\"(max-width: 1080px) 100vw, 1080px\" \/>\t\t\t\t\t\t\t\t<\/a>\n\t\t\t\t\t\t\t\t\t\t\t\t\t\t\t<\/div>\n\t\t\t\t<\/div>\n\t\t\t\t<div class=\"elementor-element elementor-element-4e10b99c elementor-widget elementor-widget-text-editor\" data-id=\"4e10b99c\" data-element_type=\"widget\" data-widget_type=\"text-editor.default\">\n\t\t\t\t<div class=\"elementor-widget-container\">\n\t\t\t\t\t\t\t\t\t<h4>C\u00e9note Kankirixche<\/h4><p>P\u00e9n\u00e9trez dans le monde magique du c\u00e9note Kankirixche, une grande caverne souterraine entour\u00e9e de formations de stalactites et de racines d&#039;arbres plongeant dans ses eaux claires et fra\u00eeches.<\/p>\t\t\t\t\t\t\t\t<\/div>\n\t\t\t\t<\/div>\n\t\t\t\t<\/div>\n\t\t<div class=\"elementor-element elementor-element-7bc1fecb e-con-full e-flex e-con e-parent\" data-id=\"7bc1fecb\" data-element_type=\"container\">\n\t\t\t\t<div class=\"elementor-element elementor-element-1a12041a elementor-widget elementor-widget-image\" data-id=\"1a12041a\" data-element_type=\"widget\" data-widget_type=\"image.default\">\n\t\t\t\t<div class=\"elementor-widget-container\">\n\t\t\t\t\t\t\t\t\t\t\t\t\t\t\t\t<a href=\"\/fr\/cenotes\/cenote-nah-yah\/\">\n\t\t\t\t\t\t\t<img decoding=\"async\" width=\"1080\" height=\"1079\" src=\"https:\/\/yucatandivecrew.com\/wp-content\/uploads\/2023\/07\/Cenote-Yaal-Utzil.jpeg\" class=\"attachment-full size-full wp-image-826\" alt=\"Cenote Yaal Utzil foto\" srcset=\"https:\/\/yucatandivecrew.com\/wp-content\/uploads\/2023\/07\/Cenote-Yaal-Utzil.jpeg 1080w, https:\/\/yucatandivecrew.com\/wp-content\/uploads\/2023\/07\/Cenote-Yaal-Utzil-300x300.jpeg 300w, https:\/\/yucatandivecrew.com\/wp-content\/uploads\/2023\/07\/Cenote-Yaal-Utzil-1024x1024.jpeg 1024w, https:\/\/yucatandivecrew.com\/wp-content\/uploads\/2023\/07\/Cenote-Yaal-Utzil-150x150.jpeg 150w, https:\/\/yucatandivecrew.com\/wp-content\/uploads\/2023\/07\/Cenote-Yaal-Utzil-768x767.jpeg 768w\" sizes=\"(max-width: 1080px) 100vw, 1080px\" \/>\t\t\t\t\t\t\t\t<\/a>\n\t\t\t\t\t\t\t\t\t\t\t\t\t\t\t<\/div>\n\t\t\t\t<\/div>\n\t\t\t\t<div class=\"elementor-element elementor-element-690aa17b elementor-widget elementor-widget-text-editor\" data-id=\"690aa17b\" data-element_type=\"widget\" data-widget_type=\"text-editor.default\">\n\t\t\t\t<div class=\"elementor-widget-container\">\n\t\t\t\t\t\t\t\t\t<h4>Cenote Cenote Yaal Utzil<\/h4><p>Ce c\u00e9note \u00e0 ciel ouvert offre une vue panoramique imprenable d\u00e8s son entr\u00e9e. Descendez un escalier de pierre de 20 m\u00e8tres pour acc\u00e9der aux eaux bleues et accueillantes qui s&#039;\u00e9tendent sur 5 m\u00e8tres de long et 25 m\u00e8tres de large.<\/p>\t\t\t\t\t\t\t\t<\/div>\n\t\t\t\t<\/div>\n\t\t\t\t<\/div>\n\t\t\t\t\t<\/div>\n\t\t\t\t<\/div>\n\t\t\t\t\t<\/div>\n\t\t\t\t<\/div>\n\t\t\t\t<\/div>","protected":false},"excerpt":{"rendered":"<p>C\u00e9note Sabak Ha : Plongez dans les profondeurs envo\u00fbtantes du c\u00e9note Sabak Ha (eaux sombres), consid\u00e9r\u00e9 comme le c\u00e9note le plus profond du Yucat\u00e1n avec une profondeur estim\u00e9e \u00e0 150 m\u00e8tres \u2013 une profondeur qui reste encore inconnue. Nich\u00e9 dans la municipalit\u00e9 de Sacalum, il est situ\u00e9 \u00e0 70 kilom\u00e8tres au sud de la ville de M\u00e9rida. Itin\u00e9raire Informations sur le c\u00e9note Sabak Ha Ouvert : Lundi [\u2026]<\/p>","protected":false},"author":1,"featured_media":825,"parent":24,"menu_order":0,"comment_status":"closed","ping_status":"closed","template":"","meta":{"_acf_changed":false,"om_disable_all_campaigns":false,"_joinchat":[],"footnotes":""},"class_list":["post-954","page","type-page","status-publish","has-post-thumbnail","hentry"],"acf":[],"yoast_head":"<!-- This site is optimized with the Yoast SEO plugin v26.8 - https:\/\/yoast.com\/product\/yoast-seo-wordpress\/ -->\n<title>Cenote Sabak H\u00e1 | Yucatan, Mexico<\/title>\n<meta name=\"description\" content=\"Everything you need to know about Cenote Sabak H\u00e1 an incredible open cenote with it&#039;s depth&#039;s still remaining a complete mystery.\" \/>\n<meta name=\"robots\" content=\"index, follow, max-snippet:-1, max-image-preview:large, max-video-preview:-1\" \/>\n<link rel=\"canonical\" href=\"https:\/\/yucatandivecrew.com\/fr\/sites-de-plongee\/cenote-sabak-ha\/\" \/>\n<meta property=\"og:locale\" content=\"fr_FR\" \/>\n<meta property=\"og:type\" content=\"article\" \/>\n<meta property=\"og:title\" content=\"Cenote Sabak H\u00e1 | Yucatan, Mexico\" \/>\n<meta property=\"og:description\" content=\"Everything you need to know about Cenote Sabak H\u00e1 an incredible open cenote with it&#039;s depth&#039;s still remaining a complete mystery.\" \/>\n<meta property=\"og:url\" content=\"https:\/\/yucatandivecrew.com\/fr\/sites-de-plongee\/cenote-sabak-ha\/\" \/>\n<meta property=\"og:site_name\" content=\"Yucatan Dive Crew\" \/>\n<meta property=\"article:publisher\" content=\"https:\/\/www.facebook.com\/yucatandivecrew\" \/>\n<meta property=\"article:modified_time\" content=\"2023-07-31T21:49:28+00:00\" \/>\n<meta property=\"og:image\" content=\"https:\/\/yucatandivecrew.com\/wp-content\/uploads\/2023\/07\/Cenote-Sabak-Ha.jpeg\" \/>\n\t<meta property=\"og:image:width\" content=\"1080\" \/>\n\t<meta property=\"og:image:height\" content=\"810\" \/>\n\t<meta property=\"og:image:type\" content=\"image\/jpeg\" \/>\n<meta name=\"twitter:card\" content=\"summary_large_image\" \/>\n<meta name=\"twitter:label1\" content=\"Dur\u00e9e de lecture estim\u00e9e\" \/>\n\t<meta name=\"twitter:data1\" content=\"2 minutes\" \/>\n<script type=\"application\/ld+json\" class=\"yoast-schema-graph\">{\"@context\":\"https:\/\/schema.org\",\"@graph\":[{\"@type\":\"WebPage\",\"@id\":\"https:\/\/yucatandivecrew.com\/dive-sites\/cenote-sabak-ha\/\",\"url\":\"https:\/\/yucatandivecrew.com\/dive-sites\/cenote-sabak-ha\/\",\"name\":\"Cenote Sabak H\u00e1 | Yucatan, Mexico\",\"isPartOf\":{\"@id\":\"https:\/\/yucatandivecrew.com\/#website\"},\"primaryImageOfPage\":{\"@id\":\"https:\/\/yucatandivecrew.com\/dive-sites\/cenote-sabak-ha\/#primaryimage\"},\"image\":{\"@id\":\"https:\/\/yucatandivecrew.com\/dive-sites\/cenote-sabak-ha\/#primaryimage\"},\"thumbnailUrl\":\"https:\/\/yucatandivecrew.com\/wp-content\/uploads\/2023\/07\/Cenote-Sabak-Ha.jpeg\",\"datePublished\":\"2023-07-21T16:34:17+00:00\",\"dateModified\":\"2023-07-31T21:49:28+00:00\",\"description\":\"Everything you need to know about Cenote Sabak H\u00e1 an incredible open cenote with it's depth's still remaining a complete mystery.\",\"breadcrumb\":{\"@id\":\"https:\/\/yucatandivecrew.com\/dive-sites\/cenote-sabak-ha\/#breadcrumb\"},\"inLanguage\":\"fr-FR\",\"potentialAction\":[{\"@type\":\"ReadAction\",\"target\":[\"https:\/\/yucatandivecrew.com\/dive-sites\/cenote-sabak-ha\/\"]}]},{\"@type\":\"ImageObject\",\"inLanguage\":\"fr-FR\",\"@id\":\"https:\/\/yucatandivecrew.com\/dive-sites\/cenote-sabak-ha\/#primaryimage\",\"url\":\"https:\/\/yucatandivecrew.com\/wp-content\/uploads\/2023\/07\/Cenote-Sabak-Ha.jpeg\",\"contentUrl\":\"https:\/\/yucatandivecrew.com\/wp-content\/uploads\/2023\/07\/Cenote-Sabak-Ha.jpeg\",\"width\":1080,\"height\":810},{\"@type\":\"BreadcrumbList\",\"@id\":\"https:\/\/yucatandivecrew.com\/dive-sites\/cenote-sabak-ha\/#breadcrumb\",\"itemListElement\":[{\"@type\":\"ListItem\",\"position\":1,\"name\":\"Inicio\",\"item\":\"https:\/\/yucatandivecrew.com\/\"},{\"@type\":\"ListItem\",\"position\":2,\"name\":\"Dive Sites\",\"item\":\"https:\/\/yucatandivecrew.com\/dive-sites\/\"},{\"@type\":\"ListItem\",\"position\":3,\"name\":\"Cenote Sabak H\u00e1\"}]},{\"@type\":\"WebSite\",\"@id\":\"https:\/\/yucatandivecrew.com\/#website\",\"url\":\"https:\/\/yucatandivecrew.com\/\",\"name\":\"Yucatan Dive Crew\",\"description\":\"\",\"publisher\":{\"@id\":\"https:\/\/yucatandivecrew.com\/#organization\"},\"potentialAction\":[{\"@type\":\"SearchAction\",\"target\":{\"@type\":\"EntryPoint\",\"urlTemplate\":\"https:\/\/yucatandivecrew.com\/?s={search_term_string}\"},\"query-input\":{\"@type\":\"PropertyValueSpecification\",\"valueRequired\":true,\"valueName\":\"search_term_string\"}}],\"inLanguage\":\"fr-FR\"},{\"@type\":\"Organization\",\"@id\":\"https:\/\/yucatandivecrew.com\/#organization\",\"name\":\"Yucatan Dive Crew\",\"url\":\"https:\/\/yucatandivecrew.com\/\",\"logo\":{\"@type\":\"ImageObject\",\"inLanguage\":\"fr-FR\",\"@id\":\"https:\/\/yucatandivecrew.com\/#\/schema\/logo\/image\/\",\"url\":\"https:\/\/yucatandivecrew.com\/wp-content\/uploads\/2023\/06\/yucatan-dive-crew.svg\",\"contentUrl\":\"https:\/\/yucatandivecrew.com\/wp-content\/uploads\/2023\/06\/yucatan-dive-crew.svg\",\"width\":157,\"height\":60,\"caption\":\"Yucatan Dive Crew\"},\"image\":{\"@id\":\"https:\/\/yucatandivecrew.com\/#\/schema\/logo\/image\/\"},\"sameAs\":[\"https:\/\/www.facebook.com\/yucatandivecrew\",\"https:\/\/www.instagram.com\/yucatandivecrew\/\",\"https:\/\/www.youtube.com\/@YucatanDiveCrew\/\",\"https:\/\/www.tiktok.com\/@yucatandivecrew\"]}]}<\/script>\n<!-- \/ Yoast SEO plugin. -->","yoast_head_json":{"title":"C\u00e9note Sabak Ha | Yucat\u00e1n, Mexique","description":"Tout ce que vous devez savoir sur le c\u00e9note Sabak H\u00e1, un c\u00e9note ouvert incroyable dont la profondeur reste encore un myst\u00e8re complet.","robots":{"index":"index","follow":"follow","max-snippet":"max-snippet:-1","max-image-preview":"max-image-preview:large","max-video-preview":"max-video-preview:-1"},"canonical":"https:\/\/yucatandivecrew.com\/fr\/sites-de-plongee\/cenote-sabak-ha\/","og_locale":"fr_FR","og_type":"article","og_title":"Cenote Sabak H\u00e1 | Yucatan, Mexico","og_description":"Everything you need to know about Cenote Sabak H\u00e1 an incredible open cenote with it's depth's still remaining a complete mystery.","og_url":"https:\/\/yucatandivecrew.com\/fr\/sites-de-plongee\/cenote-sabak-ha\/","og_site_name":"Yucatan Dive Crew","article_publisher":"https:\/\/www.facebook.com\/yucatandivecrew","article_modified_time":"2023-07-31T21:49:28+00:00","og_image":[{"width":1080,"height":810,"url":"https:\/\/yucatandivecrew.com\/wp-content\/uploads\/2023\/07\/Cenote-Sabak-Ha.jpeg","type":"image\/jpeg"}],"twitter_card":"summary_large_image","twitter_misc":{"Dur\u00e9e de lecture estim\u00e9e":"2 minutes"},"schema":{"@context":"https:\/\/schema.org","@graph":[{"@type":"WebPage","@id":"https:\/\/yucatandivecrew.com\/dive-sites\/cenote-sabak-ha\/","url":"https:\/\/yucatandivecrew.com\/dive-sites\/cenote-sabak-ha\/","name":"C\u00e9note Sabak Ha | Yucat\u00e1n, Mexique","isPartOf":{"@id":"https:\/\/yucatandivecrew.com\/#website"},"primaryImageOfPage":{"@id":"https:\/\/yucatandivecrew.com\/dive-sites\/cenote-sabak-ha\/#primaryimage"},"image":{"@id":"https:\/\/yucatandivecrew.com\/dive-sites\/cenote-sabak-ha\/#primaryimage"},"thumbnailUrl":"https:\/\/yucatandivecrew.com\/wp-content\/uploads\/2023\/07\/Cenote-Sabak-Ha.jpeg","datePublished":"2023-07-21T16:34:17+00:00","dateModified":"2023-07-31T21:49:28+00:00","description":"Tout ce que vous devez savoir sur le c\u00e9note Sabak H\u00e1, un c\u00e9note ouvert incroyable dont la profondeur reste encore un myst\u00e8re complet.","breadcrumb":{"@id":"https:\/\/yucatandivecrew.com\/dive-sites\/cenote-sabak-ha\/#breadcrumb"},"inLanguage":"fr-FR","potentialAction":[{"@type":"ReadAction","target":["https:\/\/yucatandivecrew.com\/dive-sites\/cenote-sabak-ha\/"]}]},{"@type":"ImageObject","inLanguage":"fr-FR","@id":"https:\/\/yucatandivecrew.com\/dive-sites\/cenote-sabak-ha\/#primaryimage","url":"https:\/\/yucatandivecrew.com\/wp-content\/uploads\/2023\/07\/Cenote-Sabak-Ha.jpeg","contentUrl":"https:\/\/yucatandivecrew.com\/wp-content\/uploads\/2023\/07\/Cenote-Sabak-Ha.jpeg","width":1080,"height":810},{"@type":"BreadcrumbList","@id":"https:\/\/yucatandivecrew.com\/dive-sites\/cenote-sabak-ha\/#breadcrumb","itemListElement":[{"@type":"ListItem","position":1,"name":"Inicio","item":"https:\/\/yucatandivecrew.com\/"},{"@type":"ListItem","position":2,"name":"Dive Sites","item":"https:\/\/yucatandivecrew.com\/dive-sites\/"},{"@type":"ListItem","position":3,"name":"Cenote Sabak H\u00e1"}]},{"@type":"WebSite","@id":"https:\/\/yucatandivecrew.com\/#website","url":"https:\/\/yucatandivecrew.com\/","name":"\u00c9quipe de plong\u00e9e du Yucatan","description":"","publisher":{"@id":"https:\/\/yucatandivecrew.com\/#organization"},"potentialAction":[{"@type":"SearchAction","target":{"@type":"EntryPoint","urlTemplate":"https:\/\/yucatandivecrew.com\/?s={search_term_string}"},"query-input":{"@type":"PropertyValueSpecification","valueRequired":true,"valueName":"search_term_string"}}],"inLanguage":"fr-FR"},{"@type":"Organization","@id":"https:\/\/yucatandivecrew.com\/#organization","name":"\u00c9quipe de plong\u00e9e du Yucatan","url":"https:\/\/yucatandivecrew.com\/","logo":{"@type":"ImageObject","inLanguage":"fr-FR","@id":"https:\/\/yucatandivecrew.com\/#\/schema\/logo\/image\/","url":"https:\/\/yucatandivecrew.com\/wp-content\/uploads\/2023\/06\/yucatan-dive-crew.svg","contentUrl":"https:\/\/yucatandivecrew.com\/wp-content\/uploads\/2023\/06\/yucatan-dive-crew.svg","width":157,"height":60,"caption":"Yucatan Dive Crew"},"image":{"@id":"https:\/\/yucatandivecrew.com\/#\/schema\/logo\/image\/"},"sameAs":["https:\/\/www.facebook.com\/yucatandivecrew","https:\/\/www.instagram.com\/yucatandivecrew\/","https:\/\/www.youtube.com\/@YucatanDiveCrew\/","https:\/\/www.tiktok.com\/@yucatandivecrew"]}]}},"_links":{"self":[{"href":"https:\/\/yucatandivecrew.com\/fr\/wp-json\/wp\/v2\/pages\/954","targetHints":{"allow":["GET"]}}],"collection":[{"href":"https:\/\/yucatandivecrew.com\/fr\/wp-json\/wp\/v2\/pages"}],"about":[{"href":"https:\/\/yucatandivecrew.com\/fr\/wp-json\/wp\/v2\/types\/page"}],"author":[{"embeddable":true,"href":"https:\/\/yucatandivecrew.com\/fr\/wp-json\/wp\/v2\/users\/1"}],"replies":[{"embeddable":true,"href":"https:\/\/yucatandivecrew.com\/fr\/wp-json\/wp\/v2\/comments?post=954"}],"version-history":[{"count":0,"href":"https:\/\/yucatandivecrew.com\/fr\/wp-json\/wp\/v2\/pages\/954\/revisions"}],"up":[{"embeddable":true,"href":"https:\/\/yucatandivecrew.com\/fr\/wp-json\/wp\/v2\/pages\/24"}],"wp:featuredmedia":[{"embeddable":true,"href":"https:\/\/yucatandivecrew.com\/fr\/wp-json\/wp\/v2\/media\/825"}],"wp:attachment":[{"href":"https:\/\/yucatandivecrew.com\/fr\/wp-json\/wp\/v2\/media?parent=954"}],"curies":[{"name":"wp","href":"https:\/\/api.w.org\/{rel}","templated":true}]}}