{"id":918,"date":"2023-07-21T15:56:00","date_gmt":"2023-07-21T15:56:00","guid":{"rendered":"https:\/\/yucatandivecrew.com\/?page_id=918"},"modified":"2023-07-31T21:44:49","modified_gmt":"2023-07-31T21:44:49","slug":"cenote-nah-yah","status":"publish","type":"page","link":"https:\/\/yucatandivecrew.com\/fr\/sites-de-plongee\/cenote-nah-yah\/","title":{"rendered":"C\u00e9note Nah-Yah"},"content":{"rendered":"<div data-elementor-type=\"wp-page\" data-elementor-id=\"918\" class=\"elementor elementor-918\" data-elementor-post-type=\"page\">\n\t\t\t\t<div class=\"elementor-element elementor-element-1a7deaa9 e-con-full e-flex e-con e-parent\" data-id=\"1a7deaa9\" data-element_type=\"container\" data-settings=\"{&quot;background_background&quot;:&quot;classic&quot;}\">\n\t\t<div class=\"elementor-element elementor-element-238f19e0 e-con-full e-flex e-con e-parent\" data-id=\"238f19e0\" data-element_type=\"container\">\n\t\t\t\t<div class=\"elementor-element elementor-element-38f36aa2 elementor-widget elementor-widget-heading\" data-id=\"38f36aa2\" data-element_type=\"widget\" data-widget_type=\"heading.default\">\n\t\t\t\t<div class=\"elementor-widget-container\">\n\t\t\t\t\t<h1 class=\"elementor-heading-title elementor-size-default\">C\u00e9note Nah-Yah\n<\/h1>\t\t\t\t<\/div>\n\t\t\t\t<\/div>\n\t\t\t\t<div class=\"elementor-element elementor-element-5525233f elementor-widget elementor-widget-text-editor\" data-id=\"5525233f\" data-element_type=\"widget\" data-widget_type=\"text-editor.default\">\n\t\t\t\t<div class=\"elementor-widget-container\">\n\t\t\t\t\t\t\t\t\t<p><span style=\"font-weight: 400;\">Le c\u00e9note Nah-Yah est un c\u00e9note semi-ouvert aux eaux d&#039;un bleu incroyable. Le rayon de lumi\u00e8re qui le traverse offre un spectacle \u00e9poustouflant qui vous laissera sans voix.<\/span><\/p><p><span style=\"font-weight: 400;\">Ce c\u00e9note semi-ouvert offre une descente spectaculaire, avec une chute verticale de 9 m\u00e8tres dans des eaux d&#039;un bleu cristallin. La lumi\u00e8re naturelle se refl\u00e8te \u00e0 la surface de l&#039;eau, cr\u00e9ant un effet miroir hypnotisant qui s&#039;\u00e9tend sur environ 22 m\u00e8tres de long et 24 m\u00e8tres de large. Avec une profondeur maximale atteignant 42 m\u00e8tres, c&#039;est un voyage sous-marin au c\u0153ur d&#039;un univers mystique et magnifique.<\/span><\/p>\t\t\t\t\t\t\t\t<\/div>\n\t\t\t\t<\/div>\n\t\t\t\t<div class=\"elementor-element elementor-element-bbdc0ac elementor-widget elementor-widget-button\" data-id=\"bbdc0ac\" data-element_type=\"widget\" data-widget_type=\"button.default\">\n\t\t\t\t<div class=\"elementor-widget-container\">\n\t\t\t\t\t\t\t\t\t<div class=\"elementor-button-wrapper\">\n\t\t\t\t\t<a class=\"elementor-button elementor-button-link elementor-size-md\" href=\"\">\n\t\t\t\t\t\t<span class=\"elementor-button-content-wrapper\">\n\t\t\t\t\t\t<span class=\"elementor-button-icon\">\n\t\t\t\t<i aria-hidden=\"true\" class=\"fas fa-directions\"><\/i>\t\t\t<\/span>\n\t\t\t\t\t\t\t\t\t<span class=\"elementor-button-text\">Obtenir un itin\u00e9raire<\/span>\n\t\t\t\t\t<\/span>\n\t\t\t\t\t<\/a>\n\t\t\t\t<\/div>\n\t\t\t\t\t\t\t\t<\/div>\n\t\t\t\t<\/div>\n\t\t\t\t<\/div>\n\t\t<div class=\"elementor-element elementor-element-4b18dd92 e-con-full e-flex e-con e-parent\" data-id=\"4b18dd92\" data-element_type=\"container\" data-settings=\"{&quot;background_background&quot;:&quot;slideshow&quot;,&quot;animation&quot;:&quot;none&quot;,&quot;background_slideshow_gallery&quot;:[{&quot;id&quot;:822,&quot;url&quot;:&quot;https:\\\/\\\/yucatandivecrew.com\\\/wp-content\\\/uploads\\\/2023\\\/07\\\/cenote_nahyah.jpeg&quot;}],&quot;background_slideshow_loop&quot;:&quot;yes&quot;,&quot;background_slideshow_slide_duration&quot;:5000,&quot;background_slideshow_slide_transition&quot;:&quot;fade&quot;,&quot;background_slideshow_transition_duration&quot;:500}\">\n\t\t\t\t<\/div>\n\t\t\t\t<\/div>\n\t\t<div class=\"elementor-element elementor-element-29a0fb32 e-flex e-con-boxed e-con e-parent\" data-id=\"29a0fb32\" data-element_type=\"container\" data-settings=\"{&quot;background_background&quot;:&quot;classic&quot;}\">\n\t\t\t\t\t<div class=\"e-con-inner\">\n\t\t<div class=\"elementor-element elementor-element-1a6b064 e-flex e-con-boxed e-con e-parent\" data-id=\"1a6b064\" data-element_type=\"container\" data-settings=\"{&quot;background_background&quot;:&quot;classic&quot;}\">\n\t\t\t\t\t<div class=\"e-con-inner\">\n\t\t<div class=\"elementor-element elementor-element-5293836 e-flex e-con-boxed elementor-invisible e-con e-parent\" data-id=\"5293836\" data-element_type=\"container\" data-settings=\"{&quot;animation&quot;:&quot;rotateIn&quot;}\">\n\t\t\t\t\t<div class=\"e-con-inner\">\n\t\t\t\t<div class=\"elementor-element elementor-element-49ef4282 elementor-widget elementor-widget-google_maps\" data-id=\"49ef4282\" data-element_type=\"widget\" data-widget_type=\"google_maps.default\">\n\t\t\t\t<div class=\"elementor-widget-container\">\n\t\t\t\t\t\t\t<div class=\"elementor-custom-embed\">\n\t\t\t<iframe loading=\"lazy\"\n\t\t\t\t\tsrc=\"https:\/\/maps.google.com\/maps?q=cenote%20nah-yah&#038;t=m&#038;z=10&#038;output=embed&#038;iwloc=near\"\n\t\t\t\t\ttitle=\"c\u00e9note nah-yah\"\n\t\t\t\t\taria-label=\"c\u00e9note nah-yah\"\n\t\t\t><\/iframe>\n\t\t<\/div>\n\t\t\t\t\t\t<\/div>\n\t\t\t\t<\/div>\n\t\t\t\t\t<\/div>\n\t\t\t\t<\/div>\n\t\t<div class=\"elementor-element elementor-element-4764dbea e-flex e-con-boxed e-con e-parent\" data-id=\"4764dbea\" data-element_type=\"container\">\n\t\t\t\t\t<div class=\"e-con-inner\">\n\t\t\t\t<div class=\"elementor-element elementor-element-5095e0fb elementor-widget elementor-widget-text-editor\" data-id=\"5095e0fb\" data-element_type=\"widget\" data-widget_type=\"text-editor.default\">\n\t\t\t\t<div class=\"elementor-widget-container\">\n\t\t\t\t\t\t\t\t\t<h2>Informations sur le c\u00e9note Nah-Yah<\/h2>\t\t\t\t\t\t\t\t<\/div>\n\t\t\t\t<\/div>\n\t\t\t\t<div class=\"elementor-element elementor-element-23b7c86c elementor-icon-list--layout-traditional elementor-list-item-link-full_width elementor-widget elementor-widget-icon-list\" data-id=\"23b7c86c\" data-element_type=\"widget\" data-widget_type=\"icon-list.default\">\n\t\t\t\t<div class=\"elementor-widget-container\">\n\t\t\t\t\t\t\t<ul class=\"elementor-icon-list-items\">\n\t\t\t\t\t\t\t<li class=\"elementor-icon-list-item\">\n\t\t\t\t\t\t\t\t\t\t\t<span class=\"elementor-icon-list-icon\">\n\t\t\t\t\t\t\t<i aria-hidden=\"true\" class=\"far fa-calendar-alt\"><\/i>\t\t\t\t\t\t<\/span>\n\t\t\t\t\t\t\t\t\t\t<span class=\"elementor-icon-list-text\">Ouvert : du lundi au dimanche<\/span>\n\t\t\t\t\t\t\t\t\t<\/li>\n\t\t\t\t\t\t\t\t<li class=\"elementor-icon-list-item\">\n\t\t\t\t\t\t\t\t\t\t\t<span class=\"elementor-icon-list-icon\">\n\t\t\t\t\t\t\t<i aria-hidden=\"true\" class=\"far fa-clock\"><\/i>\t\t\t\t\t\t<\/span>\n\t\t\t\t\t\t\t\t\t\t<span class=\"elementor-icon-list-text\">Horaires : 8h00 - 17h00.<\/span>\n\t\t\t\t\t\t\t\t\t<\/li>\n\t\t\t\t\t\t\t\t<li class=\"elementor-icon-list-item\">\n\t\t\t\t\t\t\t\t\t\t\t<span class=\"elementor-icon-list-icon\">\n\t\t\t\t\t\t\t<i aria-hidden=\"true\" class=\"fas fa-sort-amount-down\"><\/i>\t\t\t\t\t\t<\/span>\n\t\t\t\t\t\t\t\t\t\t<span class=\"elementor-icon-list-text\">Profondeur maximale : 48 m.<\/span>\n\t\t\t\t\t\t\t\t\t<\/li>\n\t\t\t\t\t\t\t\t<li class=\"elementor-icon-list-item\">\n\t\t\t\t\t\t\t\t\t\t\t<span class=\"elementor-icon-list-icon\">\n\t\t\t\t\t\t\t<i aria-hidden=\"true\" class=\"fas fa-thermometer-quarter\"><\/i>\t\t\t\t\t\t<\/span>\n\t\t\t\t\t\t\t\t\t\t<span class=\"elementor-icon-list-text\">Temp\u00e9rature de l&#039;eau\u00a0: 27c \/ 80,6f<\/span>\n\t\t\t\t\t\t\t\t\t<\/li>\n\t\t\t\t\t\t\t\t<li class=\"elementor-icon-list-item\">\n\t\t\t\t\t\t\t\t\t\t\t<span class=\"elementor-icon-list-icon\">\n\t\t\t\t\t\t\t<i aria-hidden=\"true\" class=\"far fa-dot-circle\"><\/i>\t\t\t\t\t\t<\/span>\n\t\t\t\t\t\t\t\t\t\t<span class=\"elementor-icon-list-text\">Type de c\u00e9note : semi-ouvert - Cueva<\/span>\n\t\t\t\t\t\t\t\t\t<\/li>\n\t\t\t\t\t\t\t\t<li class=\"elementor-icon-list-item\">\n\t\t\t\t\t\t\t\t\t\t\t<span class=\"elementor-icon-list-icon\">\n\t\t\t\t\t\t\t<i aria-hidden=\"true\" class=\"fas fa-certificate\"><\/i>\t\t\t\t\t\t<\/span>\n\t\t\t\t\t\t\t\t\t\t<span class=\"elementor-icon-list-text\">Niveau de certification : PADI Open Water<\/span>\n\t\t\t\t\t\t\t\t\t<\/li>\n\t\t\t\t\t\t\t\t<li class=\"elementor-icon-list-item\">\n\t\t\t\t\t\t\t\t\t\t\t<span class=\"elementor-icon-list-icon\">\n\t\t\t\t\t\t\t<i aria-hidden=\"true\" class=\"far fa-life-ring\"><\/i>\t\t\t\t\t\t<\/span>\n\t\t\t\t\t\t\t\t\t\t<span class=\"elementor-icon-list-text\">Location de gilets de sauvetage<\/span>\n\t\t\t\t\t\t\t\t\t<\/li>\n\t\t\t\t\t\t<\/ul>\n\t\t\t\t\t\t<\/div>\n\t\t\t\t<\/div>\n\t\t\t\t\t<\/div>\n\t\t\t\t<\/div>\n\t\t\t\t\t<\/div>\n\t\t\t\t<\/div>\n\t\t\t\t\t<\/div>\n\t\t\t\t<\/div>\n\t\t<div class=\"elementor-element elementor-element-620e3863 e-flex e-con-boxed e-con e-parent\" data-id=\"620e3863\" data-element_type=\"container\" data-settings=\"{&quot;background_background&quot;:&quot;classic&quot;}\">\n\t\t\t\t\t<div class=\"e-con-inner\">\n\t\t<div class=\"elementor-element elementor-element-48b92576 e-flex e-con-boxed e-con e-parent\" data-id=\"48b92576\" data-element_type=\"container\">\n\t\t\t\t\t<div class=\"e-con-inner\">\n\t\t\t\t<div class=\"elementor-element elementor-element-1710b1bd elementor-widget elementor-widget-heading\" data-id=\"1710b1bd\" data-element_type=\"widget\" data-widget_type=\"heading.default\">\n\t\t\t\t<div class=\"elementor-widget-container\">\n\t\t\t\t\t<h2 class=\"elementor-heading-title elementor-size-default\">C\u00e9notes \u00e0 proximit\u00e9<\/h2>\t\t\t\t<\/div>\n\t\t\t\t<\/div>\n\t\t\t\t<div class=\"elementor-element elementor-element-174896c4 elementor-widget elementor-widget-image\" data-id=\"174896c4\" data-element_type=\"widget\" data-widget_type=\"image.default\">\n\t\t\t\t<div class=\"elementor-widget-container\">\n\t\t\t\t\t\t\t\t\t\t\t\t\t\t\t<img decoding=\"async\" width=\"60\" height=\"4\" src=\"https:\/\/yucatandivecrew.com\/wp-content\/uploads\/2023\/06\/wave.svg\" class=\"attachment-full size-full wp-image-155\" alt=\"\" \/>\t\t\t\t\t\t\t\t\t\t\t\t\t\t\t<\/div>\n\t\t\t\t<\/div>\n\t\t\t\t\t<\/div>\n\t\t\t\t<\/div>\n\t\t<div class=\"elementor-element elementor-element-22a769b5 e-flex e-con-boxed e-con e-parent\" data-id=\"22a769b5\" data-element_type=\"container\">\n\t\t\t\t\t<div class=\"e-con-inner\">\n\t\t<div class=\"elementor-element elementor-element-257f7352 e-con-full e-flex e-con e-parent\" data-id=\"257f7352\" data-element_type=\"container\">\n\t\t\t\t<div class=\"elementor-element elementor-element-46f02a17 elementor-widget elementor-widget-image\" data-id=\"46f02a17\" data-element_type=\"widget\" data-widget_type=\"image.default\">\n\t\t\t\t<div class=\"elementor-widget-container\">\n\t\t\t\t\t\t\t\t\t\t\t\t\t\t\t\t<a href=\"\/fr\/cenotes\/cenote-noh-mozon\/\">\n\t\t\t\t\t\t\t<img fetchpriority=\"high\" decoding=\"async\" width=\"1080\" height=\"810\" src=\"https:\/\/yucatandivecrew.com\/wp-content\/uploads\/2023\/07\/cenote_nohmozon_suba.jpeg\" class=\"attachment-full size-full wp-image-544\" alt=\"c\u00e9note_nohmozon_scuba\" srcset=\"https:\/\/yucatandivecrew.com\/wp-content\/uploads\/2023\/07\/cenote_nohmozon_suba.jpeg 1080w, https:\/\/yucatandivecrew.com\/wp-content\/uploads\/2023\/07\/cenote_nohmozon_suba-300x225.jpeg 300w, https:\/\/yucatandivecrew.com\/wp-content\/uploads\/2023\/07\/cenote_nohmozon_suba-1024x768.jpeg 1024w, https:\/\/yucatandivecrew.com\/wp-content\/uploads\/2023\/07\/cenote_nohmozon_suba-768x576.jpeg 768w\" sizes=\"(max-width: 1080px) 100vw, 1080px\" \/>\t\t\t\t\t\t\t\t<\/a>\n\t\t\t\t\t\t\t\t\t\t\t\t\t\t\t<\/div>\n\t\t\t\t<\/div>\n\t\t\t\t<div class=\"elementor-element elementor-element-183c0bf0 elementor-widget elementor-widget-text-editor\" data-id=\"183c0bf0\" data-element_type=\"widget\" data-widget_type=\"text-editor.default\">\n\t\t\t\t<div class=\"elementor-widget-container\">\n\t\t\t\t\t\t\t\t\t<h4>C\u00e9note Noh Mozon<\/h4><p>Le c\u00e9note Noh Mozon est l&#039;un des plus charmants de la p\u00e9ninsule du Yucat\u00e1n. Son aspect de piscine naturelle en fait un lieu enchanteur pour la plong\u00e9e, l&#039;observation et la baignade.<\/p>\t\t\t\t\t\t\t\t<\/div>\n\t\t\t\t<\/div>\n\t\t\t\t<\/div>\n\t\t<div class=\"elementor-element elementor-element-1f6fe03e e-con-full e-flex e-con e-parent\" data-id=\"1f6fe03e\" data-element_type=\"container\">\n\t\t\t\t<div class=\"elementor-element elementor-element-f9f7123 elementor-widget elementor-widget-image\" data-id=\"f9f7123\" data-element_type=\"widget\" data-widget_type=\"image.default\">\n\t\t\t\t<div class=\"elementor-widget-container\">\n\t\t\t\t\t\t\t\t\t\t\t\t\t\t\t\t<a href=\"\/fr\/cenotes\/cenote-kankirixche\/\">\n\t\t\t\t\t\t\t<img decoding=\"async\" width=\"1080\" height=\"810\" src=\"https:\/\/yucatandivecrew.com\/wp-content\/uploads\/2023\/07\/cenote_kankirixe.jpeg\" class=\"attachment-full size-full wp-image-821\" alt=\"c\u00e9note Kankirixch\u00e9\" srcset=\"https:\/\/yucatandivecrew.com\/wp-content\/uploads\/2023\/07\/cenote_kankirixe.jpeg 1080w, https:\/\/yucatandivecrew.com\/wp-content\/uploads\/2023\/07\/cenote_kankirixe-300x225.jpeg 300w, https:\/\/yucatandivecrew.com\/wp-content\/uploads\/2023\/07\/cenote_kankirixe-1024x768.jpeg 1024w, https:\/\/yucatandivecrew.com\/wp-content\/uploads\/2023\/07\/cenote_kankirixe-768x576.jpeg 768w\" sizes=\"(max-width: 1080px) 100vw, 1080px\" \/>\t\t\t\t\t\t\t\t<\/a>\n\t\t\t\t\t\t\t\t\t\t\t\t\t\t\t<\/div>\n\t\t\t\t<\/div>\n\t\t\t\t<div class=\"elementor-element elementor-element-6c6c4f2a elementor-widget elementor-widget-text-editor\" data-id=\"6c6c4f2a\" data-element_type=\"widget\" data-widget_type=\"text-editor.default\">\n\t\t\t\t<div class=\"elementor-widget-container\">\n\t\t\t\t\t\t\t\t\t<h4>C\u00e9note Kankirixche<\/h4><p>P\u00e9n\u00e9trez dans le monde magique du c\u00e9note Kankirixche, une grande caverne souterraine entour\u00e9e de formations de stalactites et de racines d&#039;arbres plongeant dans ses eaux claires et fra\u00eeches.<\/p>\t\t\t\t\t\t\t\t<\/div>\n\t\t\t\t<\/div>\n\t\t\t\t<\/div>\n\t\t<div class=\"elementor-element elementor-element-361acb79 e-con-full e-flex e-con e-parent\" data-id=\"361acb79\" data-element_type=\"container\">\n\t\t\t\t<div class=\"elementor-element elementor-element-45f6c518 elementor-widget elementor-widget-image\" data-id=\"45f6c518\" data-element_type=\"widget\" data-widget_type=\"image.default\">\n\t\t\t\t<div class=\"elementor-widget-container\">\n\t\t\t\t\t\t\t\t\t\t\t\t\t\t\t\t<a href=\"https:\/\/yucatandivecrew.com\/fr\/sites-de-plongee\/cenote-yaal-utzil\/\">\n\t\t\t\t\t\t\t<img loading=\"lazy\" decoding=\"async\" width=\"1080\" height=\"1079\" src=\"https:\/\/yucatandivecrew.com\/wp-content\/uploads\/2023\/07\/Cenote-Yaal-Utzil.jpeg\" class=\"attachment-full size-full wp-image-826\" alt=\"Cenote Yaal Utzil foto\" srcset=\"https:\/\/yucatandivecrew.com\/wp-content\/uploads\/2023\/07\/Cenote-Yaal-Utzil.jpeg 1080w, https:\/\/yucatandivecrew.com\/wp-content\/uploads\/2023\/07\/Cenote-Yaal-Utzil-300x300.jpeg 300w, https:\/\/yucatandivecrew.com\/wp-content\/uploads\/2023\/07\/Cenote-Yaal-Utzil-1024x1024.jpeg 1024w, https:\/\/yucatandivecrew.com\/wp-content\/uploads\/2023\/07\/Cenote-Yaal-Utzil-150x150.jpeg 150w, https:\/\/yucatandivecrew.com\/wp-content\/uploads\/2023\/07\/Cenote-Yaal-Utzil-768x767.jpeg 768w\" sizes=\"(max-width: 1080px) 100vw, 1080px\" \/>\t\t\t\t\t\t\t\t<\/a>\n\t\t\t\t\t\t\t\t\t\t\t\t\t\t\t<\/div>\n\t\t\t\t<\/div>\n\t\t\t\t<div class=\"elementor-element elementor-element-5c3d1a50 elementor-widget elementor-widget-text-editor\" data-id=\"5c3d1a50\" data-element_type=\"widget\" data-widget_type=\"text-editor.default\">\n\t\t\t\t<div class=\"elementor-widget-container\">\n\t\t\t\t\t\t\t\t\t<h4>Cenote Yaal Utzil<\/h4><p>Ce c\u00e9note \u00e0 ciel ouvert offre une vue panoramique imprenable d\u00e8s son entr\u00e9e. Descendez un escalier de pierre de 20 m\u00e8tres pour acc\u00e9der aux eaux bleues et accueillantes qui s&#039;\u00e9tendent sur 5 m\u00e8tres de long et 25 m\u00e8tres de large.<\/p>\t\t\t\t\t\t\t\t<\/div>\n\t\t\t\t<\/div>\n\t\t\t\t<\/div>\n\t\t\t\t\t<\/div>\n\t\t\t\t<\/div>\n\t\t\t\t\t<\/div>\n\t\t\t\t<\/div>\n\t\t\t\t<\/div>","protected":false},"excerpt":{"rendered":"<p>Cenote Nah-Yah Cenote Nah-Yah is a semi-open cenote filled with incredibly blue water. The light beam that pierces through the cenote creates a spectacular sight that will leave you awestruck. This semi-open cenote unveils a spectacular descent, offering both a 9-meter (30-foot) vertical drop into crystalline blue waters. The natural skylight reflects on the water&#8217;s [&hellip;]<\/p>","protected":false},"author":1,"featured_media":822,"parent":24,"menu_order":0,"comment_status":"closed","ping_status":"closed","template":"","meta":{"_acf_changed":false,"om_disable_all_campaigns":false,"_joinchat":[],"footnotes":""},"class_list":["post-918","page","type-page","status-publish","has-post-thumbnail","hentry"],"acf":[],"yoast_head":"<!-- This site is optimized with the Yoast SEO plugin v26.8 - https:\/\/yoast.com\/product\/yoast-seo-wordpress\/ -->\n<title>Cenote Nah-Yah | Yucatan, Mexico<\/title>\n<meta name=\"description\" content=\"Everything you need to know about Cenote Nah-Yah - filled with incredibly blue water, and a view that will leave you awestruck.\" \/>\n<meta name=\"robots\" content=\"index, follow, max-snippet:-1, max-image-preview:large, max-video-preview:-1\" \/>\n<link rel=\"canonical\" href=\"https:\/\/yucatandivecrew.com\/fr\/sites-de-plongee\/cenote-nah-yah\/\" \/>\n<meta property=\"og:locale\" content=\"fr_FR\" \/>\n<meta property=\"og:type\" content=\"article\" \/>\n<meta property=\"og:title\" content=\"Cenote Nah-Yah | Yucatan, Mexico\" \/>\n<meta property=\"og:description\" content=\"Everything you need to know about Cenote Nah-Yah - filled with incredibly blue water, and a view that will leave you awestruck.\" \/>\n<meta property=\"og:url\" content=\"https:\/\/yucatandivecrew.com\/fr\/sites-de-plongee\/cenote-nah-yah\/\" \/>\n<meta property=\"og:site_name\" content=\"Yucatan Dive Crew\" \/>\n<meta property=\"article:publisher\" content=\"https:\/\/www.facebook.com\/yucatandivecrew\" \/>\n<meta property=\"article:modified_time\" content=\"2023-07-31T21:44:49+00:00\" \/>\n<meta property=\"og:image\" content=\"https:\/\/yucatandivecrew.com\/wp-content\/uploads\/2023\/07\/cenote_nahyah.jpeg\" \/>\n\t<meta property=\"og:image:width\" content=\"1080\" \/>\n\t<meta property=\"og:image:height\" content=\"1080\" \/>\n\t<meta property=\"og:image:type\" content=\"image\/jpeg\" \/>\n<meta name=\"twitter:card\" content=\"summary_large_image\" \/>\n<meta name=\"twitter:label1\" content=\"Dur\u00e9e de lecture estim\u00e9e\" \/>\n\t<meta name=\"twitter:data1\" content=\"2 minutes\" \/>\n<script type=\"application\/ld+json\" class=\"yoast-schema-graph\">{\"@context\":\"https:\/\/schema.org\",\"@graph\":[{\"@type\":\"WebPage\",\"@id\":\"https:\/\/yucatandivecrew.com\/dive-sites\/cenote-nah-yah\/\",\"url\":\"https:\/\/yucatandivecrew.com\/dive-sites\/cenote-nah-yah\/\",\"name\":\"Cenote Nah-Yah | Yucatan, Mexico\",\"isPartOf\":{\"@id\":\"https:\/\/yucatandivecrew.com\/#website\"},\"primaryImageOfPage\":{\"@id\":\"https:\/\/yucatandivecrew.com\/dive-sites\/cenote-nah-yah\/#primaryimage\"},\"image\":{\"@id\":\"https:\/\/yucatandivecrew.com\/dive-sites\/cenote-nah-yah\/#primaryimage\"},\"thumbnailUrl\":\"https:\/\/yucatandivecrew.com\/wp-content\/uploads\/2023\/07\/cenote_nahyah.jpeg\",\"datePublished\":\"2023-07-21T15:56:00+00:00\",\"dateModified\":\"2023-07-31T21:44:49+00:00\",\"description\":\"Everything you need to know about Cenote Nah-Yah - filled with incredibly blue water, and a view that will leave you awestruck.\",\"breadcrumb\":{\"@id\":\"https:\/\/yucatandivecrew.com\/dive-sites\/cenote-nah-yah\/#breadcrumb\"},\"inLanguage\":\"fr-FR\",\"potentialAction\":[{\"@type\":\"ReadAction\",\"target\":[\"https:\/\/yucatandivecrew.com\/dive-sites\/cenote-nah-yah\/\"]}]},{\"@type\":\"ImageObject\",\"inLanguage\":\"fr-FR\",\"@id\":\"https:\/\/yucatandivecrew.com\/dive-sites\/cenote-nah-yah\/#primaryimage\",\"url\":\"https:\/\/yucatandivecrew.com\/wp-content\/uploads\/2023\/07\/cenote_nahyah.jpeg\",\"contentUrl\":\"https:\/\/yucatandivecrew.com\/wp-content\/uploads\/2023\/07\/cenote_nahyah.jpeg\",\"width\":1080,\"height\":1080,\"caption\":\"cenote_nahyah\"},{\"@type\":\"BreadcrumbList\",\"@id\":\"https:\/\/yucatandivecrew.com\/dive-sites\/cenote-nah-yah\/#breadcrumb\",\"itemListElement\":[{\"@type\":\"ListItem\",\"position\":1,\"name\":\"Inicio\",\"item\":\"https:\/\/yucatandivecrew.com\/\"},{\"@type\":\"ListItem\",\"position\":2,\"name\":\"Dive Sites\",\"item\":\"https:\/\/yucatandivecrew.com\/dive-sites\/\"},{\"@type\":\"ListItem\",\"position\":3,\"name\":\"Cenote Nah-Yah\"}]},{\"@type\":\"WebSite\",\"@id\":\"https:\/\/yucatandivecrew.com\/#website\",\"url\":\"https:\/\/yucatandivecrew.com\/\",\"name\":\"Yucatan Dive Crew\",\"description\":\"\",\"publisher\":{\"@id\":\"https:\/\/yucatandivecrew.com\/#organization\"},\"potentialAction\":[{\"@type\":\"SearchAction\",\"target\":{\"@type\":\"EntryPoint\",\"urlTemplate\":\"https:\/\/yucatandivecrew.com\/?s={search_term_string}\"},\"query-input\":{\"@type\":\"PropertyValueSpecification\",\"valueRequired\":true,\"valueName\":\"search_term_string\"}}],\"inLanguage\":\"fr-FR\"},{\"@type\":\"Organization\",\"@id\":\"https:\/\/yucatandivecrew.com\/#organization\",\"name\":\"Yucatan Dive Crew\",\"url\":\"https:\/\/yucatandivecrew.com\/\",\"logo\":{\"@type\":\"ImageObject\",\"inLanguage\":\"fr-FR\",\"@id\":\"https:\/\/yucatandivecrew.com\/#\/schema\/logo\/image\/\",\"url\":\"https:\/\/yucatandivecrew.com\/wp-content\/uploads\/2023\/06\/yucatan-dive-crew.svg\",\"contentUrl\":\"https:\/\/yucatandivecrew.com\/wp-content\/uploads\/2023\/06\/yucatan-dive-crew.svg\",\"width\":157,\"height\":60,\"caption\":\"Yucatan Dive Crew\"},\"image\":{\"@id\":\"https:\/\/yucatandivecrew.com\/#\/schema\/logo\/image\/\"},\"sameAs\":[\"https:\/\/www.facebook.com\/yucatandivecrew\",\"https:\/\/www.instagram.com\/yucatandivecrew\/\",\"https:\/\/www.youtube.com\/@YucatanDiveCrew\/\",\"https:\/\/www.tiktok.com\/@yucatandivecrew\"]}]}<\/script>\n<!-- \/ Yoast SEO plugin. -->","yoast_head_json":{"title":"C\u00e9note Nah-Yah | Yucatan, Mexique","description":"Tout ce que vous devez savoir sur le c\u00e9note Nah-Yah\u00a0: une eau d\u2019un bleu incroyable et une vue \u00e0 couper le souffle.","robots":{"index":"index","follow":"follow","max-snippet":"max-snippet:-1","max-image-preview":"max-image-preview:large","max-video-preview":"max-video-preview:-1"},"canonical":"https:\/\/yucatandivecrew.com\/fr\/sites-de-plongee\/cenote-nah-yah\/","og_locale":"fr_FR","og_type":"article","og_title":"Cenote Nah-Yah | Yucatan, Mexico","og_description":"Everything you need to know about Cenote Nah-Yah - filled with incredibly blue water, and a view that will leave you awestruck.","og_url":"https:\/\/yucatandivecrew.com\/fr\/sites-de-plongee\/cenote-nah-yah\/","og_site_name":"Yucatan Dive Crew","article_publisher":"https:\/\/www.facebook.com\/yucatandivecrew","article_modified_time":"2023-07-31T21:44:49+00:00","og_image":[{"width":1080,"height":1080,"url":"https:\/\/yucatandivecrew.com\/wp-content\/uploads\/2023\/07\/cenote_nahyah.jpeg","type":"image\/jpeg"}],"twitter_card":"summary_large_image","twitter_misc":{"Dur\u00e9e de lecture estim\u00e9e":"2 minutes"},"schema":{"@context":"https:\/\/schema.org","@graph":[{"@type":"WebPage","@id":"https:\/\/yucatandivecrew.com\/dive-sites\/cenote-nah-yah\/","url":"https:\/\/yucatandivecrew.com\/dive-sites\/cenote-nah-yah\/","name":"C\u00e9note Nah-Yah | Yucatan, Mexique","isPartOf":{"@id":"https:\/\/yucatandivecrew.com\/#website"},"primaryImageOfPage":{"@id":"https:\/\/yucatandivecrew.com\/dive-sites\/cenote-nah-yah\/#primaryimage"},"image":{"@id":"https:\/\/yucatandivecrew.com\/dive-sites\/cenote-nah-yah\/#primaryimage"},"thumbnailUrl":"https:\/\/yucatandivecrew.com\/wp-content\/uploads\/2023\/07\/cenote_nahyah.jpeg","datePublished":"2023-07-21T15:56:00+00:00","dateModified":"2023-07-31T21:44:49+00:00","description":"Tout ce que vous devez savoir sur le c\u00e9note Nah-Yah\u00a0: une eau d\u2019un bleu incroyable et une vue \u00e0 couper le souffle.","breadcrumb":{"@id":"https:\/\/yucatandivecrew.com\/dive-sites\/cenote-nah-yah\/#breadcrumb"},"inLanguage":"fr-FR","potentialAction":[{"@type":"ReadAction","target":["https:\/\/yucatandivecrew.com\/dive-sites\/cenote-nah-yah\/"]}]},{"@type":"ImageObject","inLanguage":"fr-FR","@id":"https:\/\/yucatandivecrew.com\/dive-sites\/cenote-nah-yah\/#primaryimage","url":"https:\/\/yucatandivecrew.com\/wp-content\/uploads\/2023\/07\/cenote_nahyah.jpeg","contentUrl":"https:\/\/yucatandivecrew.com\/wp-content\/uploads\/2023\/07\/cenote_nahyah.jpeg","width":1080,"height":1080,"caption":"cenote_nahyah"},{"@type":"BreadcrumbList","@id":"https:\/\/yucatandivecrew.com\/dive-sites\/cenote-nah-yah\/#breadcrumb","itemListElement":[{"@type":"ListItem","position":1,"name":"Inicio","item":"https:\/\/yucatandivecrew.com\/"},{"@type":"ListItem","position":2,"name":"Dive Sites","item":"https:\/\/yucatandivecrew.com\/dive-sites\/"},{"@type":"ListItem","position":3,"name":"Cenote Nah-Yah"}]},{"@type":"WebSite","@id":"https:\/\/yucatandivecrew.com\/#website","url":"https:\/\/yucatandivecrew.com\/","name":"\u00c9quipe de plong\u00e9e du Yucatan","description":"","publisher":{"@id":"https:\/\/yucatandivecrew.com\/#organization"},"potentialAction":[{"@type":"SearchAction","target":{"@type":"EntryPoint","urlTemplate":"https:\/\/yucatandivecrew.com\/?s={search_term_string}"},"query-input":{"@type":"PropertyValueSpecification","valueRequired":true,"valueName":"search_term_string"}}],"inLanguage":"fr-FR"},{"@type":"Organization","@id":"https:\/\/yucatandivecrew.com\/#organization","name":"\u00c9quipe de plong\u00e9e du Yucatan","url":"https:\/\/yucatandivecrew.com\/","logo":{"@type":"ImageObject","inLanguage":"fr-FR","@id":"https:\/\/yucatandivecrew.com\/#\/schema\/logo\/image\/","url":"https:\/\/yucatandivecrew.com\/wp-content\/uploads\/2023\/06\/yucatan-dive-crew.svg","contentUrl":"https:\/\/yucatandivecrew.com\/wp-content\/uploads\/2023\/06\/yucatan-dive-crew.svg","width":157,"height":60,"caption":"Yucatan Dive Crew"},"image":{"@id":"https:\/\/yucatandivecrew.com\/#\/schema\/logo\/image\/"},"sameAs":["https:\/\/www.facebook.com\/yucatandivecrew","https:\/\/www.instagram.com\/yucatandivecrew\/","https:\/\/www.youtube.com\/@YucatanDiveCrew\/","https:\/\/www.tiktok.com\/@yucatandivecrew"]}]}},"_links":{"self":[{"href":"https:\/\/yucatandivecrew.com\/fr\/wp-json\/wp\/v2\/pages\/918","targetHints":{"allow":["GET"]}}],"collection":[{"href":"https:\/\/yucatandivecrew.com\/fr\/wp-json\/wp\/v2\/pages"}],"about":[{"href":"https:\/\/yucatandivecrew.com\/fr\/wp-json\/wp\/v2\/types\/page"}],"author":[{"embeddable":true,"href":"https:\/\/yucatandivecrew.com\/fr\/wp-json\/wp\/v2\/users\/1"}],"replies":[{"embeddable":true,"href":"https:\/\/yucatandivecrew.com\/fr\/wp-json\/wp\/v2\/comments?post=918"}],"version-history":[{"count":0,"href":"https:\/\/yucatandivecrew.com\/fr\/wp-json\/wp\/v2\/pages\/918\/revisions"}],"up":[{"embeddable":true,"href":"https:\/\/yucatandivecrew.com\/fr\/wp-json\/wp\/v2\/pages\/24"}],"wp:featuredmedia":[{"embeddable":true,"href":"https:\/\/yucatandivecrew.com\/fr\/wp-json\/wp\/v2\/media\/822"}],"wp:attachment":[{"href":"https:\/\/yucatandivecrew.com\/fr\/wp-json\/wp\/v2\/media?parent=918"}],"curies":[{"name":"wp","href":"https:\/\/api.w.org\/{rel}","templated":true}]}}