{"id":402,"date":"2023-07-12T14:51:57","date_gmt":"2023-07-12T14:51:57","guid":{"rendered":"https:\/\/yucatandivecrew.com\/?page_id=402"},"modified":"2023-08-07T16:07:35","modified_gmt":"2023-08-07T16:07:35","slug":"conditions-generales","status":"publish","type":"page","link":"https:\/\/yucatandivecrew.com\/fr\/conditions-generales\/","title":{"rendered":"Conditions g\u00e9n\u00e9rales"},"content":{"rendered":"<div data-elementor-type=\"wp-page\" data-elementor-id=\"402\" class=\"elementor elementor-402\" data-elementor-post-type=\"page\">\n\t\t\t\t<div class=\"elementor-element elementor-element-87f1836 e-flex e-con-boxed e-con e-parent\" data-id=\"87f1836\" data-element_type=\"container\">\n\t\t\t\t\t<div class=\"e-con-inner\">\n\t\t\t\t<div class=\"elementor-element elementor-element-0a83d9a elementor-widget elementor-widget-text-editor\" data-id=\"0a83d9a\" data-element_type=\"widget\" data-widget_type=\"text-editor.default\">\n\t\t\t\t<div class=\"elementor-widget-container\">\n\t\t\t\t\t\t\t\t\t<p><\/p>\n<h1 class=\"wp-block-heading\">Conditions g\u00e9n\u00e9rales<\/h1>\n<h4 class=\"wp-block-heading\">Veuillez consulter nos conditions g\u00e9n\u00e9rales avant de r\u00e9server vos plong\u00e9es. Pour toute question, n&#039;h\u00e9sitez pas \u00e0 nous contacter.<\/h4>\n<p><\/p>\n<h4 class=\"wp-block-heading\">Nous serons heureux de r\u00e9pondre \u00e0 toutes vos questions et pr\u00e9occupations.<\/h4>\n<p><\/p>\n<p><em>En confirmant votre r\u00e9servation, vous acceptez l&#039;int\u00e9gralit\u00e9 des conditions g\u00e9n\u00e9rales ci-dessous.<\/em><\/p>\n<p><\/p>\n<h4 class=\"wp-block-heading\"><b>Tarifs et r\u00e9servation<\/b><\/h4>\n<p><\/p>\n<ul class=\"wp-block-list\"><p><\/p>\n<li>Tous les prix sont en pesos MXN. .<\/li>\n<p><\/p>\n<li>Les confirmations de r\u00e9servation n\u00e9cessitent un d\u00e9p\u00f4t de 50% ou 100% si la r\u00e9servation a lieu dans un d\u00e9lai de 14 jours, sauf indication contraire.&nbsp;<\/li>\n<p><\/p>\n<li>Les r\u00e9servations sont consid\u00e9r\u00e9es comme confirm\u00e9es d\u00e8s r\u00e9ception de l&#039;acompte.<\/li>\n<p><\/p>\n<li>Le solde du paiement est d\u00fb \u00e0 votre arriv\u00e9e, le premier jour de votre voyage.<\/li>\n<p><\/p>\n<li>Nous acceptons les paiements en : pesos mexicains au taux du march\u00e9 quotidien, cartes de cr\u00e9dit et Paypal (frais de traitement de carte 5%).<\/li>\n<p><\/p>\n<li>Tous les prix indiqu\u00e9s sont sujets \u00e0 modification et \u00e0 disponibilit\u00e9 jusqu&#039;\u00e0 ce que le paiement ait \u00e9t\u00e9 effectu\u00e9.<\/li>\n<p><\/p><\/ul>\n<p><\/p>\n<h4 class=\"wp-block-heading\"><b>Politique d&#039;annulation<\/b><\/h4>\n<p><\/p>\n<ul class=\"wp-block-list\"><p><\/p>\n<li>Un d\u00e9p\u00f4t initial de 50% est obligatoire pour toutes les activit\u00e9s de plong\u00e9e.&nbsp;<\/li>\n<p><\/p>\n<li>Vous pouvez vous faire rembourser votre acompte 72 heures avant votre r\u00e9servation pr\u00e9vue ; pass\u00e9 ce d\u00e9lai, il n&#039;est pas remboursable.&nbsp;<\/li>\n<p><\/p>\n<li>Conform\u00e9ment aux instructions du questionnaire m\u00e9dical, si une autorisation m\u00e9dicale d\u00e9livr\u00e9e par un m\u00e9decin apr\u00e8s une r\u00e9ponse OUI ne peut \u00eatre fournie avant votre sortie, vous ne serez pas autoris\u00e9 \u00e0 participer \u00e0 l&#039;excursion.<br>Le non-respect des conditions ci-dessus ne constitue pas un motif de remboursement, partiel ou total.<\/li>\n<p><\/p>\n<li>La plong\u00e9e sous-marine, notamment la plong\u00e9e technique et souterraine, est une activit\u00e9 qui exige une bonne condition physique et l&#039;absence de probl\u00e8mes m\u00e9dicaux susceptibles de compromettre la s\u00e9curit\u00e9. Si un plongeur pr\u00e9sente des probl\u00e8mes m\u00e9dicaux manifestes non mentionn\u00e9s dans le questionnaire m\u00e9dical et\/ou non jug\u00e9s aptes \u00e0 la plong\u00e9e par un m\u00e9decin qualifi\u00e9, nous nous r\u00e9servons le droit d&#039;annuler toute activit\u00e9 de plong\u00e9e et de formation pr\u00e9vue \u00e0 son nom. Aucun remboursement, partiel ou total, ne sera accord\u00e9 dans ce cas.<\/li>\n<p><\/p>\n<li>L&#039;horaire peut \u00eatre adapt\u00e9 et sujet \u00e0 modifications en fonction de la logistique, des disponibilit\u00e9s et des conditions m\u00e9t\u00e9orologiques. Ces modifications ne donnent pas droit \u00e0 un remboursement si d&#039;autres options de plong\u00e9e sont propos\u00e9es.<\/li>\n<p><\/p>\n<li>Si les conditions m\u00e9t\u00e9orologiques entra\u00eenent une annulation et qu&#039;aucune alternative de plong\u00e9e ne peut \u00eatre propos\u00e9e, un remboursement int\u00e9gral sera effectu\u00e9.<\/li>\n<p><\/p><\/ul>\n<p><\/p>\n<h4 class=\"wp-block-heading\"><b>Politique de plong\u00e9e sous-marine<\/b><\/h4>\n<p><\/p>\n<ul class=\"wp-block-list\"><p><\/p>\n<li>Tous les plongeurs certifi\u00e9s doivent pr\u00e9senter une preuve de leur certification de plong\u00e9e sous-marine d\u00e9livr\u00e9e par un organisme de formation reconnu.<\/li>\n<p><\/p>\n<li>Tous les plongeurs doivent remplir le formulaire num\u00e9rique de d\u00e9charge de responsabilit\u00e9, d&#039;acceptation expresse des risques et le questionnaire m\u00e9dical avant leur arriv\u00e9e. Cliquez <strong>ICI<\/strong> Veuillez examiner les documents avant votre r\u00e9servation afin de confirmer que vous remplissez les conditions requises.<\/li>\n<p><\/p>\n<li>Si la d\u00e9charge de responsabilit\u00e9 g\u00e9n\u00e9rale, l&#039;acceptation expresse des risques et le questionnaire m\u00e9dical ne sont pas remplis avant votre sortie, vous ne serez pas autoris\u00e9 \u00e0 participer \u00e0 l&#039;excursion.<\/li>\n<p><\/p>\n<li>Toute plong\u00e9e en hauteur est un type de plong\u00e9e avanc\u00e9 qui exige un bon contr\u00f4le de la flottabilit\u00e9 et une bonne vigilance.<\/li>\n<p><\/p>\n<li>Bien que nous planifiions toutes les plong\u00e9es en fonction de l&#039;exp\u00e9rience du plongeur, il appartient \u00e0 la discr\u00e9tion de nos guides et instructeurs de plong\u00e9e en grotte\/caverne\/oc\u00e9an d&#039;\u00e9valuer la capacit\u00e9 d&#039;une personne \u00e0 poursuivre, d&#039;ajuster ou d&#039;interrompre le plan de plong\u00e9e et\/ou la plong\u00e9e pour la s\u00e9curit\u00e9 du plongeur et la pr\u00e9servation du site de plong\u00e9e.<\/li>\n<p><\/p><\/ul>\n<p><\/p>\n<h4 class=\"wp-block-heading\"><b>Cam\u00e9ras<\/b><\/h4>\n<p><\/p>\n<ul class=\"wp-block-list\"><p><\/p>\n<li>Veuillez noter que toutes les plong\u00e9es en c\u00e9note se d\u00e9roulent sur des terrains priv\u00e9s, et que les propri\u00e9taires fixent donc leurs propres r\u00e8gles. Les appareils photo sont autoris\u00e9s dans la plupart des c\u00e9notes, mais certains demandent un suppl\u00e9ment pour leur utilisation sous l&#039;eau, et d&#039;autres les interdisent totalement. Ce suppl\u00e9ment est int\u00e9gralement revers\u00e9 aux propri\u00e9taires des terrains. Si l&#039;utilisation d&#039;un appareil photo est importante pour vous, merci de nous l&#039;indiquer afin que nous puissions organiser les plong\u00e9es en cons\u00e9quence et vous informer du co\u00fbt suppl\u00e9mentaire.<\/li>\n<p><\/p>\n<li>Il appartient \u00e0 nos guides et instructeurs d&#039;\u00e9valuer la capacit\u00e9 d&#039;une personne \u00e0 utiliser un appareil photo et d&#039;en interdire l&#039;utilisation pour la s\u00e9curit\u00e9 du plongeur et la pr\u00e9servation du site de plong\u00e9e.<\/li>\n<p><\/p><\/ul>\n<p><\/p>\n<h4 class=\"wp-block-heading\"><b>R\u00e9serv\u00e9 aux \u00e9tudiants<\/b><\/h4>\n<p><\/p>\n<ul class=\"wp-block-list\"><p><\/p>\n<li>Les \u00e9tudiants re\u00e7oivent des vid\u00e9os et du mat\u00e9riel de formation pour s&#039;entra\u00eener et se pr\u00e9parer \u00e0 leur cours. Ils doivent se pr\u00e9senter pr\u00eats le jour du cours r\u00e9serv\u00e9 et d\u00e9montrer les comp\u00e9tences pr\u00e9alables qui leur ont \u00e9t\u00e9 communiqu\u00e9es. Si un \u00e9tudiant est incapable de le faire le premier jour, il ne sera pas admis au programme. Ses frais d&#039;inscription et les jours r\u00e9serv\u00e9s seront alors cr\u00e9dit\u00e9s pour d&#039;autres programmes de formation et\/ou des plong\u00e9es encadr\u00e9es. L&#039;incapacit\u00e9 \u00e0 commencer le programme pr\u00e9vu ne donne lieu \u00e0 aucun remboursement, partiel ou total.<\/li>\n<p><\/p>\n<li>Les \u00e9tudiants paient pour un cours, mais les certifications doivent \u00eatre m\u00e9rit\u00e9es.<\/li>\n<p><\/p>\n<li>Nous mettrons tout en \u0153uvre pour que vos comp\u00e9tences et vos connaissances soient \u00e0 la hauteur, et si cela implique des plong\u00e9es suppl\u00e9mentaires ou des s\u00e9ances th\u00e9oriques, qu&#039;il en soit ainsi (un suppl\u00e9ment sera appliqu\u00e9 si n\u00e9cessaire).<\/li>\n<p><\/p>\n<li>Nous recommandons \u00e0 nos \u00e9tudiants de pr\u00e9voir au moins 2 jours suppl\u00e9mentaires pour les rattrapages, les conditions m\u00e9t\u00e9orologiques, la maladie, les pauses en milieu de cours ou tout autre \u00e9v\u00e9nement impr\u00e9vu.<\/li>\n<p><\/p><\/ul>\n<p><\/p>\n<h4 class=\"wp-block-heading\"><b>Stockage d&#039;\u00e9quipement<\/b><\/h4>\n<p><\/p>\n<ul class=\"wp-block-list\"><p><\/p>\n<li>Nous serons ravis de conserver votre \u00e9quipement dans notre entrep\u00f4t pendant toute la dur\u00e9e de votre s\u00e9jour de plong\u00e9e avec nous.<\/li>\n<p><\/p>\n<li>Si vous choisissez cette option, les plongeurs acceptent que notre soci\u00e9t\u00e9 ne soit pas responsable des pertes, dommages ou vols pouvant affecter leur \u00e9quipement.<\/li>\n<p><\/p><\/ul>\n<p><\/p>\t\t\t\t\t\t\t\t<\/div>\n\t\t\t\t<\/div>\n\t\t\t\t\t<\/div>\n\t\t\t\t<\/div>\n\t\t\t\t<\/div>","protected":false},"excerpt":{"rendered":"<p>Terms &amp; Conditions Please review our Policies prior to booking your dives. If you have any questions regarding anything stated, please feel free to contact us. We\u2019ll be happy to go over any of your questions or concerns. By confirming your reservation, you accept all of the below terms &amp; conditions. Pricing &amp; Booking Cancellation [&hellip;]<\/p>","protected":false},"author":1,"featured_media":0,"parent":0,"menu_order":0,"comment_status":"closed","ping_status":"closed","template":"","meta":{"_acf_changed":false,"om_disable_all_campaigns":false,"_joinchat":[],"footnotes":""},"class_list":["post-402","page","type-page","status-publish","hentry"],"acf":[],"yoast_head":"<!-- This site is optimized with the Yoast SEO plugin v26.8 - https:\/\/yoast.com\/product\/yoast-seo-wordpress\/ -->\n<title>Terms &amp; Conditions - Yucatan Dive Crew<\/title>\n<meta name=\"description\" content=\"Explore the Terms and Conditions at Yucatan Dive Crew to understand the guidelines governing the use of our website and services.\" \/>\n<meta name=\"robots\" content=\"index, follow, max-snippet:-1, max-image-preview:large, max-video-preview:-1\" \/>\n<link rel=\"canonical\" href=\"https:\/\/yucatandivecrew.com\/fr\/conditions-generales\/\" \/>\n<meta property=\"og:locale\" content=\"fr_FR\" \/>\n<meta property=\"og:type\" content=\"article\" \/>\n<meta property=\"og:title\" content=\"Terms &amp; Conditions - Yucatan Dive Crew\" \/>\n<meta property=\"og:description\" content=\"Explore the Terms and Conditions at Yucatan Dive Crew to understand the guidelines governing the use of our website and services.\" \/>\n<meta property=\"og:url\" content=\"https:\/\/yucatandivecrew.com\/fr\/conditions-generales\/\" \/>\n<meta property=\"og:site_name\" content=\"Yucatan Dive Crew\" \/>\n<meta property=\"article:publisher\" content=\"https:\/\/www.facebook.com\/yucatandivecrew\" \/>\n<meta property=\"article:modified_time\" content=\"2023-08-07T16:07:35+00:00\" \/>\n<meta name=\"twitter:card\" content=\"summary_large_image\" \/>\n<meta name=\"twitter:label1\" content=\"Dur\u00e9e de lecture estim\u00e9e\" \/>\n\t<meta name=\"twitter:data1\" content=\"4 minutes\" \/>\n<script type=\"application\/ld+json\" class=\"yoast-schema-graph\">{\"@context\":\"https:\/\/schema.org\",\"@graph\":[{\"@type\":\"WebPage\",\"@id\":\"https:\/\/yucatandivecrew.com\/terms-conditions\/\",\"url\":\"https:\/\/yucatandivecrew.com\/terms-conditions\/\",\"name\":\"Terms & Conditions - Yucatan Dive Crew\",\"isPartOf\":{\"@id\":\"https:\/\/yucatandivecrew.com\/#website\"},\"datePublished\":\"2023-07-12T14:51:57+00:00\",\"dateModified\":\"2023-08-07T16:07:35+00:00\",\"description\":\"Explore the Terms and Conditions at Yucatan Dive Crew to understand the guidelines governing the use of our website and services.\",\"breadcrumb\":{\"@id\":\"https:\/\/yucatandivecrew.com\/terms-conditions\/#breadcrumb\"},\"inLanguage\":\"fr-FR\",\"potentialAction\":[{\"@type\":\"ReadAction\",\"target\":[\"https:\/\/yucatandivecrew.com\/terms-conditions\/\"]}]},{\"@type\":\"BreadcrumbList\",\"@id\":\"https:\/\/yucatandivecrew.com\/terms-conditions\/#breadcrumb\",\"itemListElement\":[{\"@type\":\"ListItem\",\"position\":1,\"name\":\"Inicio\",\"item\":\"https:\/\/yucatandivecrew.com\/\"},{\"@type\":\"ListItem\",\"position\":2,\"name\":\"Terms &#038; Conditions\"}]},{\"@type\":\"WebSite\",\"@id\":\"https:\/\/yucatandivecrew.com\/#website\",\"url\":\"https:\/\/yucatandivecrew.com\/\",\"name\":\"Yucatan Dive Crew\",\"description\":\"\",\"publisher\":{\"@id\":\"https:\/\/yucatandivecrew.com\/#organization\"},\"potentialAction\":[{\"@type\":\"SearchAction\",\"target\":{\"@type\":\"EntryPoint\",\"urlTemplate\":\"https:\/\/yucatandivecrew.com\/?s={search_term_string}\"},\"query-input\":{\"@type\":\"PropertyValueSpecification\",\"valueRequired\":true,\"valueName\":\"search_term_string\"}}],\"inLanguage\":\"fr-FR\"},{\"@type\":\"Organization\",\"@id\":\"https:\/\/yucatandivecrew.com\/#organization\",\"name\":\"Yucatan Dive Crew\",\"url\":\"https:\/\/yucatandivecrew.com\/\",\"logo\":{\"@type\":\"ImageObject\",\"inLanguage\":\"fr-FR\",\"@id\":\"https:\/\/yucatandivecrew.com\/#\/schema\/logo\/image\/\",\"url\":\"https:\/\/yucatandivecrew.com\/wp-content\/uploads\/2023\/06\/yucatan-dive-crew.svg\",\"contentUrl\":\"https:\/\/yucatandivecrew.com\/wp-content\/uploads\/2023\/06\/yucatan-dive-crew.svg\",\"width\":157,\"height\":60,\"caption\":\"Yucatan Dive Crew\"},\"image\":{\"@id\":\"https:\/\/yucatandivecrew.com\/#\/schema\/logo\/image\/\"},\"sameAs\":[\"https:\/\/www.facebook.com\/yucatandivecrew\",\"https:\/\/www.instagram.com\/yucatandivecrew\/\",\"https:\/\/www.youtube.com\/@YucatanDiveCrew\/\",\"https:\/\/www.tiktok.com\/@yucatandivecrew\"]}]}<\/script>\n<!-- \/ Yoast SEO plugin. -->","yoast_head_json":{"title":"Conditions g\u00e9n\u00e9rales - \u00c9quipe de plong\u00e9e du Yucatan","description":"Consultez les conditions g\u00e9n\u00e9rales de Yucatan Dive Crew pour comprendre les r\u00e8gles r\u00e9gissant l&#039;utilisation de notre site web et de nos services.","robots":{"index":"index","follow":"follow","max-snippet":"max-snippet:-1","max-image-preview":"max-image-preview:large","max-video-preview":"max-video-preview:-1"},"canonical":"https:\/\/yucatandivecrew.com\/fr\/conditions-generales\/","og_locale":"fr_FR","og_type":"article","og_title":"Terms & Conditions - Yucatan Dive Crew","og_description":"Explore the Terms and Conditions at Yucatan Dive Crew to understand the guidelines governing the use of our website and services.","og_url":"https:\/\/yucatandivecrew.com\/fr\/conditions-generales\/","og_site_name":"Yucatan Dive Crew","article_publisher":"https:\/\/www.facebook.com\/yucatandivecrew","article_modified_time":"2023-08-07T16:07:35+00:00","twitter_card":"summary_large_image","twitter_misc":{"Dur\u00e9e de lecture estim\u00e9e":"4 minutes"},"schema":{"@context":"https:\/\/schema.org","@graph":[{"@type":"WebPage","@id":"https:\/\/yucatandivecrew.com\/terms-conditions\/","url":"https:\/\/yucatandivecrew.com\/terms-conditions\/","name":"Conditions g\u00e9n\u00e9rales - \u00c9quipe de plong\u00e9e du Yucatan","isPartOf":{"@id":"https:\/\/yucatandivecrew.com\/#website"},"datePublished":"2023-07-12T14:51:57+00:00","dateModified":"2023-08-07T16:07:35+00:00","description":"Consultez les conditions g\u00e9n\u00e9rales de Yucatan Dive Crew pour comprendre les r\u00e8gles r\u00e9gissant l&#039;utilisation de notre site web et de nos services.","breadcrumb":{"@id":"https:\/\/yucatandivecrew.com\/terms-conditions\/#breadcrumb"},"inLanguage":"fr-FR","potentialAction":[{"@type":"ReadAction","target":["https:\/\/yucatandivecrew.com\/terms-conditions\/"]}]},{"@type":"BreadcrumbList","@id":"https:\/\/yucatandivecrew.com\/terms-conditions\/#breadcrumb","itemListElement":[{"@type":"ListItem","position":1,"name":"Inicio","item":"https:\/\/yucatandivecrew.com\/"},{"@type":"ListItem","position":2,"name":"Terms &#038; Conditions"}]},{"@type":"WebSite","@id":"https:\/\/yucatandivecrew.com\/#website","url":"https:\/\/yucatandivecrew.com\/","name":"\u00c9quipe de plong\u00e9e du Yucatan","description":"","publisher":{"@id":"https:\/\/yucatandivecrew.com\/#organization"},"potentialAction":[{"@type":"SearchAction","target":{"@type":"EntryPoint","urlTemplate":"https:\/\/yucatandivecrew.com\/?s={search_term_string}"},"query-input":{"@type":"PropertyValueSpecification","valueRequired":true,"valueName":"search_term_string"}}],"inLanguage":"fr-FR"},{"@type":"Organization","@id":"https:\/\/yucatandivecrew.com\/#organization","name":"\u00c9quipe de plong\u00e9e du Yucatan","url":"https:\/\/yucatandivecrew.com\/","logo":{"@type":"ImageObject","inLanguage":"fr-FR","@id":"https:\/\/yucatandivecrew.com\/#\/schema\/logo\/image\/","url":"https:\/\/yucatandivecrew.com\/wp-content\/uploads\/2023\/06\/yucatan-dive-crew.svg","contentUrl":"https:\/\/yucatandivecrew.com\/wp-content\/uploads\/2023\/06\/yucatan-dive-crew.svg","width":157,"height":60,"caption":"Yucatan Dive Crew"},"image":{"@id":"https:\/\/yucatandivecrew.com\/#\/schema\/logo\/image\/"},"sameAs":["https:\/\/www.facebook.com\/yucatandivecrew","https:\/\/www.instagram.com\/yucatandivecrew\/","https:\/\/www.youtube.com\/@YucatanDiveCrew\/","https:\/\/www.tiktok.com\/@yucatandivecrew"]}]}},"_links":{"self":[{"href":"https:\/\/yucatandivecrew.com\/fr\/wp-json\/wp\/v2\/pages\/402","targetHints":{"allow":["GET"]}}],"collection":[{"href":"https:\/\/yucatandivecrew.com\/fr\/wp-json\/wp\/v2\/pages"}],"about":[{"href":"https:\/\/yucatandivecrew.com\/fr\/wp-json\/wp\/v2\/types\/page"}],"author":[{"embeddable":true,"href":"https:\/\/yucatandivecrew.com\/fr\/wp-json\/wp\/v2\/users\/1"}],"replies":[{"embeddable":true,"href":"https:\/\/yucatandivecrew.com\/fr\/wp-json\/wp\/v2\/comments?post=402"}],"version-history":[{"count":0,"href":"https:\/\/yucatandivecrew.com\/fr\/wp-json\/wp\/v2\/pages\/402\/revisions"}],"wp:attachment":[{"href":"https:\/\/yucatandivecrew.com\/fr\/wp-json\/wp\/v2\/media?parent=402"}],"curies":[{"name":"wp","href":"https:\/\/api.w.org\/{rel}","templated":true}]}}