{"id":359,"date":"2023-07-10T17:58:45","date_gmt":"2023-07-10T17:58:45","guid":{"rendered":"https:\/\/yucatandivecrew.com\/?page_id=359"},"modified":"2024-06-07T15:56:16","modified_gmt":"2024-06-07T15:56:16","slug":"reservation","status":"publish","type":"page","link":"https:\/\/yucatandivecrew.com\/fr\/reservation\/","title":{"rendered":"R\u00e9servation"},"content":{"rendered":"<div data-elementor-type=\"wp-page\" data-elementor-id=\"359\" class=\"elementor elementor-359\" data-elementor-post-type=\"page\">\n\t\t\t\t\t\t<section class=\"elementor-section elementor-top-section elementor-element elementor-element-71864d27 elementor-section-boxed elementor-section-height-default elementor-section-height-default\" data-id=\"71864d27\" data-element_type=\"section\">\n\t\t\t\t\t\t<div class=\"elementor-container elementor-column-gap-default\">\n\t\t\t\t\t<div class=\"elementor-column elementor-col-100 elementor-top-column elementor-element elementor-element-76961ef1\" data-id=\"76961ef1\" data-element_type=\"column\">\n\t\t\t<div class=\"elementor-widget-wrap elementor-element-populated\">\n\t\t\t\t\t\t<div class=\"elementor-element elementor-element-74406f87 elementor-widget elementor-widget-text-editor\" data-id=\"74406f87\" data-element_type=\"widget\" data-widget_type=\"text-editor.default\">\n\t\t\t\t<div class=\"elementor-widget-container\">\n\t\t\t\t\t\t\t\t\t\n<p><script src=\"https:\/\/app.anyroad.com\/assets\/integration-v1.1.js\"><\/script><\/p>\n<div id=\"iframe_wrapper\">\u00a0<\/div>\n<p><script language=\"javascript\" type=\"text\/javascript\">\n  (function () {\n    window.anyroad = new AnyRoad({\n      container: '#iframe_wrapper',\n      plugin: { id: 'yucatandivecrew' }\n    });\n  })();\n<\/script> <a id=\"powered_by_anyroad_link\" style=\"color: #999; text-decoration: none; font-size: 14px; display: block; text-align: center; margin: 10px 0 60px 0;\" href=\"https:\/\/www.anyroad.com?utm_source=yucatandivecrew&amp;utm_medium=PBA&amp;utm_campaign=PLUGIN\"> Propuls\u00e9 par AnyRoad <\/a><\/p>\n\t\t\t\t\t\t\t\t<\/div>\n\t\t\t\t<\/div>\n\t\t\t\t\t<\/div>\n\t\t<\/div>\n\t\t\t\t\t<\/div>\n\t\t<\/section>\n\t\t\t\t<\/div>","protected":false},"excerpt":{"rendered":"<p>&nbsp; &nbsp; Propuls\u00e9 par AnyRoad<\/p>","protected":false},"author":1,"featured_media":0,"parent":0,"menu_order":0,"comment_status":"closed","ping_status":"closed","template":"","meta":{"_acf_changed":false,"om_disable_all_campaigns":false,"_joinchat":[],"footnotes":""},"class_list":["post-359","page","type-page","status-publish","hentry"],"acf":[],"yoast_head":"<!-- This site is optimized with the Yoast SEO plugin v26.8 - https:\/\/yoast.com\/product\/yoast-seo-wordpress\/ -->\n<title>Book Your Course \/ Tour<\/title>\n<meta name=\"description\" content=\"Dive with Yucatan Dive Crew. Explore cenotes, earn PADI certifications, get personalized coaching. Perfect for all divers. Start your adventure today!\" \/>\n<meta name=\"robots\" content=\"noindex, nofollow\" \/>\n<meta property=\"og:locale\" content=\"fr_FR\" \/>\n<meta property=\"og:type\" content=\"article\" \/>\n<meta property=\"og:title\" content=\"Book Your Course \/ Tour\" \/>\n<meta property=\"og:description\" content=\"Dive with Yucatan Dive Crew. Explore cenotes, earn PADI certifications, get personalized coaching. Perfect for all divers. Start your adventure today!\" \/>\n<meta property=\"og:url\" content=\"https:\/\/yucatandivecrew.com\/fr\/reservation\/\" \/>\n<meta property=\"og:site_name\" content=\"Yucatan Dive Crew\" \/>\n<meta property=\"article:publisher\" content=\"https:\/\/www.facebook.com\/yucatandivecrew\" \/>\n<meta property=\"article:modified_time\" content=\"2024-06-07T15:56:16+00:00\" \/>\n<meta name=\"twitter:card\" content=\"summary_large_image\" \/>\n<meta name=\"twitter:label1\" content=\"Dur\u00e9e de lecture estim\u00e9e\" \/>\n\t<meta name=\"twitter:data1\" content=\"1 minute\" \/>\n<script type=\"application\/ld+json\" class=\"yoast-schema-graph\">{\"@context\":\"https:\/\/schema.org\",\"@graph\":[{\"@type\":\"WebPage\",\"@id\":\"https:\/\/yucatandivecrew.com\/booking\/\",\"url\":\"https:\/\/yucatandivecrew.com\/booking\/\",\"name\":\"Book Your Course \/ Tour\",\"isPartOf\":{\"@id\":\"https:\/\/yucatandivecrew.com\/#website\"},\"datePublished\":\"2023-07-10T17:58:45+00:00\",\"dateModified\":\"2024-06-07T15:56:16+00:00\",\"description\":\"Dive with Yucatan Dive Crew. Explore cenotes, earn PADI certifications, get personalized coaching. Perfect for all divers. Start your adventure today!\",\"breadcrumb\":{\"@id\":\"https:\/\/yucatandivecrew.com\/booking\/#breadcrumb\"},\"inLanguage\":\"fr-FR\",\"potentialAction\":[{\"@type\":\"ReadAction\",\"target\":[\"https:\/\/yucatandivecrew.com\/booking\/\"]}]},{\"@type\":\"BreadcrumbList\",\"@id\":\"https:\/\/yucatandivecrew.com\/booking\/#breadcrumb\",\"itemListElement\":[{\"@type\":\"ListItem\",\"position\":1,\"name\":\"Inicio\",\"item\":\"https:\/\/yucatandivecrew.com\/\"},{\"@type\":\"ListItem\",\"position\":2,\"name\":\"Booking\"}]},{\"@type\":\"WebSite\",\"@id\":\"https:\/\/yucatandivecrew.com\/#website\",\"url\":\"https:\/\/yucatandivecrew.com\/\",\"name\":\"Yucatan Dive Crew\",\"description\":\"\",\"publisher\":{\"@id\":\"https:\/\/yucatandivecrew.com\/#organization\"},\"potentialAction\":[{\"@type\":\"SearchAction\",\"target\":{\"@type\":\"EntryPoint\",\"urlTemplate\":\"https:\/\/yucatandivecrew.com\/?s={search_term_string}\"},\"query-input\":{\"@type\":\"PropertyValueSpecification\",\"valueRequired\":true,\"valueName\":\"search_term_string\"}}],\"inLanguage\":\"fr-FR\"},{\"@type\":\"Organization\",\"@id\":\"https:\/\/yucatandivecrew.com\/#organization\",\"name\":\"Yucatan Dive Crew\",\"url\":\"https:\/\/yucatandivecrew.com\/\",\"logo\":{\"@type\":\"ImageObject\",\"inLanguage\":\"fr-FR\",\"@id\":\"https:\/\/yucatandivecrew.com\/#\/schema\/logo\/image\/\",\"url\":\"https:\/\/yucatandivecrew.com\/wp-content\/uploads\/2023\/06\/yucatan-dive-crew.svg\",\"contentUrl\":\"https:\/\/yucatandivecrew.com\/wp-content\/uploads\/2023\/06\/yucatan-dive-crew.svg\",\"width\":157,\"height\":60,\"caption\":\"Yucatan Dive Crew\"},\"image\":{\"@id\":\"https:\/\/yucatandivecrew.com\/#\/schema\/logo\/image\/\"},\"sameAs\":[\"https:\/\/www.facebook.com\/yucatandivecrew\",\"https:\/\/www.instagram.com\/yucatandivecrew\/\",\"https:\/\/www.youtube.com\/@YucatanDiveCrew\/\",\"https:\/\/www.tiktok.com\/@yucatandivecrew\"]}]}<\/script>\n<!-- \/ Yoast SEO plugin. -->","yoast_head_json":{"title":"R\u00e9servez votre cours \/ votre visite","description":"Plongez avec Yucatan Dive Crew. Explorez les c\u00e9notes, obtenez vos certifications PADI et b\u00e9n\u00e9ficiez d&#039;un encadrement personnalis\u00e9. Id\u00e9al pour tous les plongeurs. Commencez votre aventure d\u00e8s aujourd&#039;hui\u00a0!","robots":{"index":"noindex","follow":"nofollow"},"og_locale":"fr_FR","og_type":"article","og_title":"Book Your Course \/ Tour","og_description":"Dive with Yucatan Dive Crew. Explore cenotes, earn PADI certifications, get personalized coaching. Perfect for all divers. Start your adventure today!","og_url":"https:\/\/yucatandivecrew.com\/fr\/reservation\/","og_site_name":"Yucatan Dive Crew","article_publisher":"https:\/\/www.facebook.com\/yucatandivecrew","article_modified_time":"2024-06-07T15:56:16+00:00","twitter_card":"summary_large_image","twitter_misc":{"Dur\u00e9e de lecture estim\u00e9e":"1 minute"},"schema":{"@context":"https:\/\/schema.org","@graph":[{"@type":"WebPage","@id":"https:\/\/yucatandivecrew.com\/booking\/","url":"https:\/\/yucatandivecrew.com\/booking\/","name":"R\u00e9servez votre cours \/ votre visite","isPartOf":{"@id":"https:\/\/yucatandivecrew.com\/#website"},"datePublished":"2023-07-10T17:58:45+00:00","dateModified":"2024-06-07T15:56:16+00:00","description":"Plongez avec Yucatan Dive Crew. Explorez les c\u00e9notes, obtenez vos certifications PADI et b\u00e9n\u00e9ficiez d&#039;un encadrement personnalis\u00e9. Id\u00e9al pour tous les plongeurs. Commencez votre aventure d\u00e8s aujourd&#039;hui\u00a0!","breadcrumb":{"@id":"https:\/\/yucatandivecrew.com\/booking\/#breadcrumb"},"inLanguage":"fr-FR","potentialAction":[{"@type":"ReadAction","target":["https:\/\/yucatandivecrew.com\/booking\/"]}]},{"@type":"BreadcrumbList","@id":"https:\/\/yucatandivecrew.com\/booking\/#breadcrumb","itemListElement":[{"@type":"ListItem","position":1,"name":"Inicio","item":"https:\/\/yucatandivecrew.com\/"},{"@type":"ListItem","position":2,"name":"Booking"}]},{"@type":"WebSite","@id":"https:\/\/yucatandivecrew.com\/#website","url":"https:\/\/yucatandivecrew.com\/","name":"\u00c9quipe de plong\u00e9e du Yucatan","description":"","publisher":{"@id":"https:\/\/yucatandivecrew.com\/#organization"},"potentialAction":[{"@type":"SearchAction","target":{"@type":"EntryPoint","urlTemplate":"https:\/\/yucatandivecrew.com\/?s={search_term_string}"},"query-input":{"@type":"PropertyValueSpecification","valueRequired":true,"valueName":"search_term_string"}}],"inLanguage":"fr-FR"},{"@type":"Organization","@id":"https:\/\/yucatandivecrew.com\/#organization","name":"\u00c9quipe de plong\u00e9e du Yucatan","url":"https:\/\/yucatandivecrew.com\/","logo":{"@type":"ImageObject","inLanguage":"fr-FR","@id":"https:\/\/yucatandivecrew.com\/#\/schema\/logo\/image\/","url":"https:\/\/yucatandivecrew.com\/wp-content\/uploads\/2023\/06\/yucatan-dive-crew.svg","contentUrl":"https:\/\/yucatandivecrew.com\/wp-content\/uploads\/2023\/06\/yucatan-dive-crew.svg","width":157,"height":60,"caption":"Yucatan Dive Crew"},"image":{"@id":"https:\/\/yucatandivecrew.com\/#\/schema\/logo\/image\/"},"sameAs":["https:\/\/www.facebook.com\/yucatandivecrew","https:\/\/www.instagram.com\/yucatandivecrew\/","https:\/\/www.youtube.com\/@YucatanDiveCrew\/","https:\/\/www.tiktok.com\/@yucatandivecrew"]}]}},"_links":{"self":[{"href":"https:\/\/yucatandivecrew.com\/fr\/wp-json\/wp\/v2\/pages\/359","targetHints":{"allow":["GET"]}}],"collection":[{"href":"https:\/\/yucatandivecrew.com\/fr\/wp-json\/wp\/v2\/pages"}],"about":[{"href":"https:\/\/yucatandivecrew.com\/fr\/wp-json\/wp\/v2\/types\/page"}],"author":[{"embeddable":true,"href":"https:\/\/yucatandivecrew.com\/fr\/wp-json\/wp\/v2\/users\/1"}],"replies":[{"embeddable":true,"href":"https:\/\/yucatandivecrew.com\/fr\/wp-json\/wp\/v2\/comments?post=359"}],"version-history":[{"count":1,"href":"https:\/\/yucatandivecrew.com\/fr\/wp-json\/wp\/v2\/pages\/359\/revisions"}],"predecessor-version":[{"id":2476,"href":"https:\/\/yucatandivecrew.com\/fr\/wp-json\/wp\/v2\/pages\/359\/revisions\/2476"}],"wp:attachment":[{"href":"https:\/\/yucatandivecrew.com\/fr\/wp-json\/wp\/v2\/media?parent=359"}],"curies":[{"name":"wp","href":"https:\/\/api.w.org\/{rel}","templated":true}]}}