{"id":26,"date":"2023-06-28T05:14:26","date_gmt":"2023-06-28T05:14:26","guid":{"rendered":"https:\/\/yucatandivecrew.com\/?page_id=26"},"modified":"2023-08-07T16:08:27","modified_gmt":"2023-08-07T16:08:27","slug":"a-propos-de-nous","status":"publish","type":"page","link":"https:\/\/yucatandivecrew.com\/fr\/about-us\/","title":{"rendered":"\u00c0 propos de nous"},"content":{"rendered":"\t\t<div data-elementor-type=\"wp-page\" data-elementor-id=\"26\" class=\"elementor elementor-26\" data-elementor-post-type=\"page\">\n\t\t\t\t<div class=\"elementor-element elementor-element-c502c86 e-con-full e-flex e-con e-parent\" data-id=\"c502c86\" data-element_type=\"container\" data-e-type=\"container\" data-settings=\"{&quot;background_background&quot;:&quot;classic&quot;,&quot;background_motion_fx_motion_fx_scrolling&quot;:&quot;yes&quot;,&quot;background_motion_fx_translateY_effect&quot;:&quot;yes&quot;,&quot;background_motion_fx_translateY_speed&quot;:{&quot;unit&quot;:&quot;px&quot;,&quot;size&quot;:4,&quot;sizes&quot;:[]},&quot;background_motion_fx_translateY_affectedRange&quot;:{&quot;unit&quot;:&quot;%&quot;,&quot;size&quot;:&quot;&quot;,&quot;sizes&quot;:{&quot;start&quot;:0,&quot;end&quot;:100}},&quot;background_motion_fx_devices&quot;:[&quot;desktop&quot;,&quot;tablet&quot;,&quot;mobile&quot;]}\">\n\t\t<div class=\"elementor-element elementor-element-86d737a e-flex e-con-boxed e-con e-child\" data-id=\"86d737a\" data-element_type=\"container\" data-e-type=\"container\">\n\t\t\t\t\t<div class=\"e-con-inner\">\n\t\t\t\t<div class=\"elementor-element elementor-element-7d3c367 elementor-widget elementor-widget-heading\" data-id=\"7d3c367\" data-element_type=\"widget\" data-e-type=\"widget\" data-widget_type=\"heading.default\">\n\t\t\t\t<div class=\"elementor-widget-container\">\n\t\t\t\t\t<h1 class=\"elementor-heading-title elementor-size-default\">About Us<\/h1>\t\t\t\t<\/div>\n\t\t\t\t<\/div>\n\t\t\t\t\t<\/div>\n\t\t\t\t<\/div>\n\t\t\t\t<\/div>\n\t\t<div class=\"elementor-element elementor-element-b5f2eac e-flex e-con-boxed e-con e-parent\" data-id=\"b5f2eac\" data-element_type=\"container\" data-e-type=\"container\">\n\t\t\t\t\t<div class=\"e-con-inner\">\n\t\t<div class=\"elementor-element elementor-element-7499cd8 e-con-full e-flex e-con e-child\" data-id=\"7499cd8\" data-element_type=\"container\" data-e-type=\"container\">\n\t\t\t\t<div class=\"elementor-element elementor-element-ad96c49 elementor-widget elementor-widget-heading\" data-id=\"ad96c49\" data-element_type=\"widget\" data-e-type=\"widget\" data-widget_type=\"heading.default\">\n\t\t\t\t<div class=\"elementor-widget-container\">\n\t\t\t\t\t<h1 class=\"elementor-heading-title elementor-size-default\">Welcome to Yucatan Dive Crew<\/h1>\t\t\t\t<\/div>\n\t\t\t\t<\/div>\n\t\t\t\t<\/div>\n\t\t<div class=\"elementor-element elementor-element-c1ef100 e-con-full e-flex e-con e-child\" data-id=\"c1ef100\" data-element_type=\"container\" data-e-type=\"container\">\n\t\t\t\t<\/div>\n\t\t\t\t\t<\/div>\n\t\t\t\t<\/div>\n\t\t<div class=\"elementor-element elementor-element-08cf44c e-flex e-con-boxed e-con e-parent\" data-id=\"08cf44c\" data-element_type=\"container\" data-e-type=\"container\">\n\t\t\t\t\t<div class=\"e-con-inner\">\n\t\t<div class=\"elementor-element elementor-element-5e730a7 e-con-full e-flex e-con e-child\" data-id=\"5e730a7\" data-element_type=\"container\" data-e-type=\"container\">\n\t\t\t\t<div class=\"elementor-element elementor-element-b012954 elementor-widget elementor-widget-text-editor\" data-id=\"b012954\" data-element_type=\"widget\" data-e-type=\"widget\" data-widget_type=\"text-editor.default\">\n\t\t\t\t<div class=\"elementor-widget-container\">\n\t\t\t\t\t\t\t\t\t<h4><span style=\"color: #0070e0;\">The gateway to your underwater exploration and a thriving community of diving enthusiasts.<\/span><\/h4><p><span style=\"font-weight: 400;\">We are Rodrigo and Michael, co-founders, diving veterans, and passionate advocates for the underwater world.<\/span><\/p><p><span style=\"font-weight: 400;\">Our combined expertise spans over 25+ years, with each of us bringing a wealth of knowledge and passion to our venture. Rodrigo, a seasoned commercial diver, has a unique resume that extends beyond guiding divers into the mesmerizing depths.<\/span><\/p>\t\t\t\t\t\t\t\t<\/div>\n\t\t\t\t<\/div>\n\t\t\t\t<\/div>\n\t\t<div class=\"elementor-element elementor-element-4b131b6 e-con-full e-flex e-con e-child\" data-id=\"4b131b6\" data-element_type=\"container\" data-e-type=\"container\">\n\t\t\t\t<div class=\"elementor-element elementor-element-863898f elementor-widget elementor-widget-text-editor\" data-id=\"863898f\" data-element_type=\"widget\" data-e-type=\"widget\" data-widget_type=\"text-editor.default\">\n\t\t\t\t<div class=\"elementor-widget-container\">\n\t\t\t\t\t\t\t\t\t<p><span style=\"font-weight: 400;\">As an oceanographer, he collaborates with universities, contributing to pivotal studies aimed at better understanding our oceans and developing renewable technologies. His experience extends to working on movie sets, where he&#8217;s navigated demanding underwater conditions and unveiled marine worlds that many only dream of.<\/span><\/p>\n<p><span style=\"font-weight: 400;\">On the other hand, Michael has spent countless hours sharing the thrill of diving with both newcomers and experienced divers, refining their skills, and igniting a shared passion for the aquatic world.<\/span><\/p>\t\t\t\t\t\t\t\t<\/div>\n\t\t\t\t<\/div>\n\t\t\t\t<\/div>\n\t\t\t\t\t<\/div>\n\t\t\t\t<\/div>\n\t\t<div class=\"elementor-element elementor-element-0ee061e e-flex e-con-boxed e-con e-parent\" data-id=\"0ee061e\" data-element_type=\"container\" data-e-type=\"container\" data-settings=\"{&quot;background_background&quot;:&quot;classic&quot;,&quot;background_motion_fx_motion_fx_scrolling&quot;:&quot;yes&quot;,&quot;background_motion_fx_translateY_effect&quot;:&quot;yes&quot;,&quot;background_motion_fx_translateY_speed&quot;:{&quot;unit&quot;:&quot;px&quot;,&quot;size&quot;:4,&quot;sizes&quot;:[]},&quot;background_motion_fx_translateY_affectedRange&quot;:{&quot;unit&quot;:&quot;%&quot;,&quot;size&quot;:&quot;&quot;,&quot;sizes&quot;:{&quot;start&quot;:0,&quot;end&quot;:100}},&quot;background_motion_fx_devices&quot;:[&quot;desktop&quot;,&quot;tablet&quot;,&quot;mobile&quot;]}\">\n\t\t\t\t\t<div class=\"e-con-inner\">\n\t\t<div class=\"elementor-element elementor-element-a5fc84f e-flex e-con-boxed e-con e-child\" data-id=\"a5fc84f\" data-element_type=\"container\" data-e-type=\"container\">\n\t\t\t\t\t<div class=\"e-con-inner\">\n\t\t\t\t<div class=\"elementor-element elementor-element-66e777f elementor-widget elementor-widget-text-editor\" data-id=\"66e777f\" data-element_type=\"widget\" data-e-type=\"widget\" data-widget_type=\"text-editor.default\">\n\t\t\t\t<div class=\"elementor-widget-container\">\n\t\t\t\t\t\t\t\t\t<p><span style=\"color: #ffffff;\">Our vision with Yucatan Dive Crew reaches beyond our individual experiences. Our mission is to cultivate a global community of divers, a space where knowledge, stories, and experiences can be shared, and where the thrill of underwater exploration is celebrated.<\/span><\/p>\t\t\t\t\t\t\t\t<\/div>\n\t\t\t\t<\/div>\n\t\t\t\t<div class=\"elementor-element elementor-element-71947e8 elementor-widget elementor-widget-text-editor\" data-id=\"71947e8\" data-element_type=\"widget\" data-e-type=\"widget\" data-widget_type=\"text-editor.default\">\n\t\t\t\t<div class=\"elementor-widget-container\">\n\t\t\t\t\t\t\t\t\t<span style=\"color: #ffffff;\">For us, diving is not just a sport &#8211; it&#8217;s a transformative experience that offers a unique perspective on our world. It&#8217;s an invitation to connect with nature in its most primal form, a chance to understand and appreciate the delicate balance of marine life, and a journey that can spark a lifelong passion for aquatic exploration.<\/span>\t\t\t\t\t\t\t\t<\/div>\n\t\t\t\t<\/div>\n\t\t\t\t\t<\/div>\n\t\t\t\t<\/div>\n\t\t<div class=\"elementor-element elementor-element-6cdedf8 e-con-full e-flex e-con e-child\" data-id=\"6cdedf8\" data-element_type=\"container\" data-e-type=\"container\">\n\t\t\t\t<\/div>\n\t\t\t\t\t<\/div>\n\t\t\t\t<\/div>\n\t\t<div class=\"elementor-element elementor-element-5bcf5d3 e-con-full e-flex e-con e-parent\" data-id=\"5bcf5d3\" data-element_type=\"container\" data-e-type=\"container\">\n\t\t<div class=\"elementor-element elementor-element-3143a46 e-flex e-con-boxed e-con e-child\" data-id=\"3143a46\" data-element_type=\"container\" data-e-type=\"container\" data-settings=\"{&quot;background_background&quot;:&quot;classic&quot;}\">\n\t\t\t\t\t<div class=\"e-con-inner\">\n\t\t<div class=\"elementor-element elementor-element-31e236b e-flex e-con-boxed e-con e-child\" data-id=\"31e236b\" data-element_type=\"container\" data-e-type=\"container\">\n\t\t\t\t\t<div class=\"e-con-inner\">\n\t\t<div class=\"elementor-element elementor-element-5fd728b e-flex e-con-boxed e-con e-child\" data-id=\"5fd728b\" data-element_type=\"container\" data-e-type=\"container\">\n\t\t\t\t\t<div class=\"e-con-inner\">\n\t\t\t\t<div class=\"elementor-element elementor-element-42b2625 elementor-invisible elementor-widget elementor-widget-image\" data-id=\"42b2625\" data-element_type=\"widget\" data-e-type=\"widget\" data-settings=\"{&quot;_animation&quot;:&quot;rotateIn&quot;}\" data-widget_type=\"image.default\">\n\t\t\t\t<div class=\"elementor-widget-container\">\n\t\t\t\t\t\t\t\t\t\t\t\t\t\t\t<img fetchpriority=\"high\" decoding=\"async\" width=\"960\" height=\"1280\" src=\"https:\/\/yucatandivecrew.com\/wp-content\/uploads\/2023\/07\/divecrew9.jpeg\" class=\"attachment-full size-full wp-image-1653\" alt=\"\" srcset=\"https:\/\/yucatandivecrew.com\/wp-content\/uploads\/2023\/07\/divecrew9.jpeg 960w, https:\/\/yucatandivecrew.com\/wp-content\/uploads\/2023\/07\/divecrew9-225x300.jpeg 225w, https:\/\/yucatandivecrew.com\/wp-content\/uploads\/2023\/07\/divecrew9-768x1024.jpeg 768w, https:\/\/yucatandivecrew.com\/wp-content\/uploads\/2023\/07\/divecrew9-9x12.jpeg 9w\" sizes=\"(max-width: 960px) 100vw, 960px\" \/>\t\t\t\t\t\t\t\t\t\t\t\t\t\t\t<\/div>\n\t\t\t\t<\/div>\n\t\t\t\t\t<\/div>\n\t\t\t\t<\/div>\n\t\t<div class=\"elementor-element elementor-element-12a3e81 e-con-full e-flex e-con e-child\" data-id=\"12a3e81\" data-element_type=\"container\" data-e-type=\"container\">\n\t\t\t\t<div class=\"elementor-element elementor-element-28eeaaf elementor-widget elementor-widget-text-editor\" data-id=\"28eeaaf\" data-element_type=\"widget\" data-e-type=\"widget\" data-widget_type=\"text-editor.default\">\n\t\t\t\t<div class=\"elementor-widget-container\">\n\t\t\t\t\t\t\t\t\t<h3>Yucatan Dive Crew is more than a diving center.<\/h3>\t\t\t\t\t\t\t\t<\/div>\n\t\t\t\t<\/div>\n\t\t\t\t<div class=\"elementor-element elementor-element-9329727 elementor-widget elementor-widget-text-editor\" data-id=\"9329727\" data-element_type=\"widget\" data-e-type=\"widget\" data-widget_type=\"text-editor.default\">\n\t\t\t\t<div class=\"elementor-widget-container\">\n\t\t\t\t\t\t\t\t\t<p><span style=\"font-weight: 400;\">It&#8217;s a platform for those who dare to defy the ordinary, step beyond their comfort zones, and immerse themselves in the ocean&#8217;s fascinating mysteries.<\/span><\/p><p><span style=\"font-weight: 400;\">By joining us, you&#8217;re not only learning to dive, you&#8217;re becoming part of a global community that shares a love for the ocean&#8217;s depth. You&#8217;re embarking on an adventure that will reshape the way you see the world.<\/span><\/p><p><span style=\"font-weight: 400;\">We eagerly await the opportunity to guide you into the unknown, to share in the indescribable thrill of your first breath beneath the surface, and to welcome you into the Yucatan Dive Crew &#8211; the beginning of your very own scuba diving journey.\u00a0<\/span><\/p>\t\t\t\t\t\t\t\t<\/div>\n\t\t\t\t<\/div>\n\t\t\t\t<\/div>\n\t\t\t\t\t<\/div>\n\t\t\t\t<\/div>\n\t\t\t\t\t<\/div>\n\t\t\t\t<\/div>\n\t\t\t\t<\/div>\n\t\t\t\t<\/div>\n\t\t","protected":false},"excerpt":{"rendered":"<p>About Us Welcome to Yucatan Dive Crew The gateway to your underwater exploration and a thriving community of diving enthusiasts. We are Rodrigo and Michael, co-founders, diving veterans, and passionate advocates for the underwater world. Our combined expertise spans over 25+ years, with each of us bringing a wealth of knowledge and passion to our [&hellip;]<\/p>\n","protected":false},"author":1,"featured_media":0,"parent":0,"menu_order":0,"comment_status":"closed","ping_status":"closed","template":"","meta":{"_acf_changed":false,"om_disable_all_campaigns":false,"_joinchat":[],"footnotes":""},"class_list":["post-26","page","type-page","status-publish","hentry"],"acf":[],"yoast_head":"<!-- This site is optimized with the Yoast SEO plugin v27.4 - https:\/\/yoast.com\/product\/yoast-seo-wordpress\/ -->\n<title>About Us - Yucatan Dive Crew<\/title>\n<meta name=\"description\" content=\"Learn more about Yucatan Dive Crew on our About Us page. Discover our mission, values, and the dedicated team behind our exceptional diving experiences.\" \/>\n<meta name=\"robots\" content=\"index, follow, max-snippet:-1, max-image-preview:large, max-video-preview:-1\" \/>\n<link rel=\"canonical\" href=\"https:\/\/yucatandivecrew.com\/fr\/a-propos-de-nous\/\" \/>\n<meta property=\"og:locale\" content=\"fr_FR\" \/>\n<meta property=\"og:type\" content=\"article\" \/>\n<meta property=\"og:title\" content=\"About Us - Yucatan Dive Crew\" \/>\n<meta property=\"og:description\" content=\"Learn more about Yucatan Dive Crew on our About Us page. Discover our mission, values, and the dedicated team behind our exceptional diving experiences.\" \/>\n<meta property=\"og:url\" content=\"https:\/\/yucatandivecrew.com\/fr\/a-propos-de-nous\/\" \/>\n<meta property=\"og:site_name\" content=\"Yucatan Dive Crew\" \/>\n<meta property=\"article:publisher\" content=\"https:\/\/www.facebook.com\/yucatandivecrew\" \/>\n<meta property=\"article:modified_time\" content=\"2023-08-07T16:08:27+00:00\" \/>\n<meta property=\"og:image\" content=\"https:\/\/yucatandivecrew.com\/wp-content\/uploads\/2023\/07\/divecrew9.jpeg\" \/>\n<meta name=\"twitter:card\" content=\"summary_large_image\" \/>\n<meta name=\"twitter:label1\" content=\"Dur\u00e9e de lecture estim\u00e9e\" \/>\n\t<meta name=\"twitter:data1\" content=\"2 minutes\" \/>\n<script type=\"application\/ld+json\" class=\"yoast-schema-graph\">{\"@context\":\"https:\\\/\\\/schema.org\",\"@graph\":[{\"@type\":\"WebPage\",\"@id\":\"https:\\\/\\\/yucatandivecrew.com\\\/about-us\\\/\",\"url\":\"https:\\\/\\\/yucatandivecrew.com\\\/about-us\\\/\",\"name\":\"About Us - Yucatan Dive Crew\",\"isPartOf\":{\"@id\":\"https:\\\/\\\/yucatandivecrew.com\\\/#website\"},\"primaryImageOfPage\":{\"@id\":\"https:\\\/\\\/yucatandivecrew.com\\\/about-us\\\/#primaryimage\"},\"image\":{\"@id\":\"https:\\\/\\\/yucatandivecrew.com\\\/about-us\\\/#primaryimage\"},\"thumbnailUrl\":\"https:\\\/\\\/yucatandivecrew.com\\\/wp-content\\\/uploads\\\/2023\\\/07\\\/divecrew9.jpeg\",\"datePublished\":\"2023-06-28T05:14:26+00:00\",\"dateModified\":\"2023-08-07T16:08:27+00:00\",\"description\":\"Learn more about Yucatan Dive Crew on our About Us page. Discover our mission, values, and the dedicated team behind our exceptional diving experiences.\",\"breadcrumb\":{\"@id\":\"https:\\\/\\\/yucatandivecrew.com\\\/about-us\\\/#breadcrumb\"},\"inLanguage\":\"fr-FR\",\"potentialAction\":[{\"@type\":\"ReadAction\",\"target\":[\"https:\\\/\\\/yucatandivecrew.com\\\/about-us\\\/\"]}]},{\"@type\":\"ImageObject\",\"inLanguage\":\"fr-FR\",\"@id\":\"https:\\\/\\\/yucatandivecrew.com\\\/about-us\\\/#primaryimage\",\"url\":\"https:\\\/\\\/yucatandivecrew.com\\\/wp-content\\\/uploads\\\/2023\\\/07\\\/divecrew9.jpeg\",\"contentUrl\":\"https:\\\/\\\/yucatandivecrew.com\\\/wp-content\\\/uploads\\\/2023\\\/07\\\/divecrew9.jpeg\"},{\"@type\":\"BreadcrumbList\",\"@id\":\"https:\\\/\\\/yucatandivecrew.com\\\/about-us\\\/#breadcrumb\",\"itemListElement\":[{\"@type\":\"ListItem\",\"position\":1,\"name\":\"Inicio\",\"item\":\"https:\\\/\\\/yucatandivecrew.com\\\/\"},{\"@type\":\"ListItem\",\"position\":2,\"name\":\"About Us\"}]},{\"@type\":\"WebSite\",\"@id\":\"https:\\\/\\\/yucatandivecrew.com\\\/#website\",\"url\":\"https:\\\/\\\/yucatandivecrew.com\\\/\",\"name\":\"Yucatan Dive Crew\",\"description\":\"\",\"publisher\":{\"@id\":\"https:\\\/\\\/yucatandivecrew.com\\\/#organization\"},\"potentialAction\":[{\"@type\":\"SearchAction\",\"target\":{\"@type\":\"EntryPoint\",\"urlTemplate\":\"https:\\\/\\\/yucatandivecrew.com\\\/?s={search_term_string}\"},\"query-input\":{\"@type\":\"PropertyValueSpecification\",\"valueRequired\":true,\"valueName\":\"search_term_string\"}}],\"inLanguage\":\"fr-FR\"},{\"@type\":\"Organization\",\"@id\":\"https:\\\/\\\/yucatandivecrew.com\\\/#organization\",\"name\":\"Yucatan Dive Crew\",\"url\":\"https:\\\/\\\/yucatandivecrew.com\\\/\",\"logo\":{\"@type\":\"ImageObject\",\"inLanguage\":\"fr-FR\",\"@id\":\"https:\\\/\\\/yucatandivecrew.com\\\/#\\\/schema\\\/logo\\\/image\\\/\",\"url\":\"https:\\\/\\\/yucatandivecrew.com\\\/wp-content\\\/uploads\\\/2023\\\/06\\\/yucatan-dive-crew.svg\",\"contentUrl\":\"https:\\\/\\\/yucatandivecrew.com\\\/wp-content\\\/uploads\\\/2023\\\/06\\\/yucatan-dive-crew.svg\",\"width\":157,\"height\":60,\"caption\":\"Yucatan Dive Crew\"},\"image\":{\"@id\":\"https:\\\/\\\/yucatandivecrew.com\\\/#\\\/schema\\\/logo\\\/image\\\/\"},\"sameAs\":[\"https:\\\/\\\/www.facebook.com\\\/yucatandivecrew\",\"https:\\\/\\\/www.instagram.com\\\/yucatandivecrew\\\/\",\"https:\\\/\\\/www.youtube.com\\\/@YucatanDiveCrew\\\/\",\"https:\\\/\\\/www.tiktok.com\\\/@yucatandivecrew\"]}]}<\/script>\n<!-- \/ Yoast SEO plugin. -->","yoast_head_json":{"title":"\u00c0 propos de nous - L&#039;\u00e9quipe de plong\u00e9e du Yucatan","description":"Apprenez-en davantage sur Yucatan Dive Crew sur notre page \u00ab\u00a0\u00c0 propos\u00a0\u00bb. D\u00e9couvrez notre mission, nos valeurs et l\u2019\u00e9quipe d\u00e9vou\u00e9e qui se cache derri\u00e8re nos exp\u00e9riences de plong\u00e9e exceptionnelles.","robots":{"index":"index","follow":"follow","max-snippet":"max-snippet:-1","max-image-preview":"max-image-preview:large","max-video-preview":"max-video-preview:-1"},"canonical":"https:\/\/yucatandivecrew.com\/fr\/a-propos-de-nous\/","og_locale":"fr_FR","og_type":"article","og_title":"About Us - Yucatan Dive Crew","og_description":"Learn more about Yucatan Dive Crew on our About Us page. Discover our mission, values, and the dedicated team behind our exceptional diving experiences.","og_url":"https:\/\/yucatandivecrew.com\/fr\/a-propos-de-nous\/","og_site_name":"Yucatan Dive Crew","article_publisher":"https:\/\/www.facebook.com\/yucatandivecrew","article_modified_time":"2023-08-07T16:08:27+00:00","og_image":[{"url":"https:\/\/yucatandivecrew.com\/wp-content\/uploads\/2023\/07\/divecrew9.jpeg","type":"","width":"","height":""}],"twitter_card":"summary_large_image","twitter_misc":{"Dur\u00e9e de lecture estim\u00e9e":"2 minutes"},"schema":{"@context":"https:\/\/schema.org","@graph":[{"@type":"WebPage","@id":"https:\/\/yucatandivecrew.com\/about-us\/","url":"https:\/\/yucatandivecrew.com\/about-us\/","name":"\u00c0 propos de nous - L&#039;\u00e9quipe de plong\u00e9e du Yucatan","isPartOf":{"@id":"https:\/\/yucatandivecrew.com\/#website"},"primaryImageOfPage":{"@id":"https:\/\/yucatandivecrew.com\/about-us\/#primaryimage"},"image":{"@id":"https:\/\/yucatandivecrew.com\/about-us\/#primaryimage"},"thumbnailUrl":"https:\/\/yucatandivecrew.com\/wp-content\/uploads\/2023\/07\/divecrew9.jpeg","datePublished":"2023-06-28T05:14:26+00:00","dateModified":"2023-08-07T16:08:27+00:00","description":"Apprenez-en davantage sur Yucatan Dive Crew sur notre page \u00ab\u00a0\u00c0 propos\u00a0\u00bb. D\u00e9couvrez notre mission, nos valeurs et l\u2019\u00e9quipe d\u00e9vou\u00e9e qui se cache derri\u00e8re nos exp\u00e9riences de plong\u00e9e exceptionnelles.","breadcrumb":{"@id":"https:\/\/yucatandivecrew.com\/about-us\/#breadcrumb"},"inLanguage":"fr-FR","potentialAction":[{"@type":"ReadAction","target":["https:\/\/yucatandivecrew.com\/about-us\/"]}]},{"@type":"ImageObject","inLanguage":"fr-FR","@id":"https:\/\/yucatandivecrew.com\/about-us\/#primaryimage","url":"https:\/\/yucatandivecrew.com\/wp-content\/uploads\/2023\/07\/divecrew9.jpeg","contentUrl":"https:\/\/yucatandivecrew.com\/wp-content\/uploads\/2023\/07\/divecrew9.jpeg"},{"@type":"BreadcrumbList","@id":"https:\/\/yucatandivecrew.com\/about-us\/#breadcrumb","itemListElement":[{"@type":"ListItem","position":1,"name":"Inicio","item":"https:\/\/yucatandivecrew.com\/"},{"@type":"ListItem","position":2,"name":"About Us"}]},{"@type":"WebSite","@id":"https:\/\/yucatandivecrew.com\/#website","url":"https:\/\/yucatandivecrew.com\/","name":"\u00c9quipe de plong\u00e9e du Yucatan","description":"","publisher":{"@id":"https:\/\/yucatandivecrew.com\/#organization"},"potentialAction":[{"@type":"SearchAction","target":{"@type":"EntryPoint","urlTemplate":"https:\/\/yucatandivecrew.com\/?s={search_term_string}"},"query-input":{"@type":"PropertyValueSpecification","valueRequired":true,"valueName":"search_term_string"}}],"inLanguage":"fr-FR"},{"@type":"Organization","@id":"https:\/\/yucatandivecrew.com\/#organization","name":"\u00c9quipe de plong\u00e9e du Yucatan","url":"https:\/\/yucatandivecrew.com\/","logo":{"@type":"ImageObject","inLanguage":"fr-FR","@id":"https:\/\/yucatandivecrew.com\/#\/schema\/logo\/image\/","url":"https:\/\/yucatandivecrew.com\/wp-content\/uploads\/2023\/06\/yucatan-dive-crew.svg","contentUrl":"https:\/\/yucatandivecrew.com\/wp-content\/uploads\/2023\/06\/yucatan-dive-crew.svg","width":157,"height":60,"caption":"Yucatan Dive Crew"},"image":{"@id":"https:\/\/yucatandivecrew.com\/#\/schema\/logo\/image\/"},"sameAs":["https:\/\/www.facebook.com\/yucatandivecrew","https:\/\/www.instagram.com\/yucatandivecrew\/","https:\/\/www.youtube.com\/@YucatanDiveCrew\/","https:\/\/www.tiktok.com\/@yucatandivecrew"]}]}},"_links":{"self":[{"href":"https:\/\/yucatandivecrew.com\/fr\/wp-json\/wp\/v2\/pages\/26","targetHints":{"allow":["GET"]}}],"collection":[{"href":"https:\/\/yucatandivecrew.com\/fr\/wp-json\/wp\/v2\/pages"}],"about":[{"href":"https:\/\/yucatandivecrew.com\/fr\/wp-json\/wp\/v2\/types\/page"}],"author":[{"embeddable":true,"href":"https:\/\/yucatandivecrew.com\/fr\/wp-json\/wp\/v2\/users\/1"}],"replies":[{"embeddable":true,"href":"https:\/\/yucatandivecrew.com\/fr\/wp-json\/wp\/v2\/comments?post=26"}],"version-history":[{"count":0,"href":"https:\/\/yucatandivecrew.com\/fr\/wp-json\/wp\/v2\/pages\/26\/revisions"}],"wp:attachment":[{"href":"https:\/\/yucatandivecrew.com\/fr\/wp-json\/wp\/v2\/media?parent=26"}],"curies":[{"name":"wp","href":"https:\/\/api.w.org\/{rel}","templated":true}]}}