{"id":954,"date":"2023-07-21T16:34:17","date_gmt":"2023-07-21T16:34:17","guid":{"rendered":"https:\/\/yucatandivecrew.com\/?page_id=954"},"modified":"2023-07-31T21:49:28","modified_gmt":"2023-07-31T21:49:28","slug":"cenote-sabak-ha","status":"publish","type":"page","link":"https:\/\/yucatandivecrew.com\/es\/dive-sites\/cenote-sabak-ha\/","title":{"rendered":"Cenote Sabak H\u00e1"},"content":{"rendered":"\t\t<div data-elementor-type=\"wp-page\" data-elementor-id=\"954\" class=\"elementor elementor-954\" data-elementor-post-type=\"page\">\n\t\t\t\t<div class=\"elementor-element elementor-element-56509c71 e-con-full e-flex e-con e-parent\" data-id=\"56509c71\" data-element_type=\"container\" data-e-type=\"container\" data-settings=\"{&quot;background_background&quot;:&quot;classic&quot;}\">\n\t\t<div class=\"elementor-element elementor-element-2a44f844 e-con-full e-flex e-con e-child\" data-id=\"2a44f844\" data-element_type=\"container\" data-e-type=\"container\">\n\t\t\t\t<div class=\"elementor-element elementor-element-378b83f3 elementor-widget elementor-widget-heading\" data-id=\"378b83f3\" data-element_type=\"widget\" data-e-type=\"widget\" data-widget_type=\"heading.default\">\n\t\t\t\t<div class=\"elementor-widget-container\">\n\t\t\t\t\t<h1 class=\"elementor-heading-title elementor-size-default\">Cenote Sabak Ha\n<\/h1>\t\t\t\t<\/div>\n\t\t\t\t<\/div>\n\t\t\t\t<div class=\"elementor-element elementor-element-62ec2e9f elementor-widget elementor-widget-text-editor\" data-id=\"62ec2e9f\" data-element_type=\"widget\" data-e-type=\"widget\" data-widget_type=\"text-editor.default\">\n\t\t\t\t<div class=\"elementor-widget-container\">\n\t\t\t\t\t\t\t\t\t<p>Delve into the mesmerizing depths of Cenote Sabak Ha (dark water), considered the deepest cenote in Yucatan with an estimated depth of 150 meters &#8211; still remains unknown. Nestled in the municipality of Sacalum, it&#8217;s located 70 kilometers south of the city of Merida. <\/p>\t\t\t\t\t\t\t\t<\/div>\n\t\t\t\t<\/div>\n\t\t\t\t<div class=\"elementor-element elementor-element-1e93bcec elementor-widget elementor-widget-button\" data-id=\"1e93bcec\" data-element_type=\"widget\" data-e-type=\"widget\" data-widget_type=\"button.default\">\n\t\t\t\t<div class=\"elementor-widget-container\">\n\t\t\t\t\t\t\t\t\t<div class=\"elementor-button-wrapper\">\n\t\t\t\t\t<a class=\"elementor-button elementor-button-link elementor-size-md\" href=\"https:\/\/goo.gl\/maps\/MoBXwraaNPkq7YqMA\">\n\t\t\t\t\t\t<span class=\"elementor-button-content-wrapper\">\n\t\t\t\t\t\t<span class=\"elementor-button-icon\">\n\t\t\t\t<i aria-hidden=\"true\" class=\"far fa-calendar-check\"><\/i>\t\t\t<\/span>\n\t\t\t\t\t\t\t\t\t<span class=\"elementor-button-text\">Get Directions<\/span>\n\t\t\t\t\t<\/span>\n\t\t\t\t\t<\/a>\n\t\t\t\t<\/div>\n\t\t\t\t\t\t\t\t<\/div>\n\t\t\t\t<\/div>\n\t\t\t\t<\/div>\n\t\t<div class=\"elementor-element elementor-element-56cfc400 e-con-full e-flex e-con e-child\" data-id=\"56cfc400\" data-element_type=\"container\" data-e-type=\"container\" data-settings=\"{&quot;background_background&quot;:&quot;slideshow&quot;,&quot;animation&quot;:&quot;none&quot;,&quot;background_slideshow_gallery&quot;:[{&quot;id&quot;:827,&quot;url&quot;:&quot;https:\\\/\\\/yucatandivecrew.com\\\/wp-content\\\/uploads\\\/2023\\\/07\\\/Cenote-Yaal-Utzil-1.jpeg&quot;},{&quot;id&quot;:825,&quot;url&quot;:&quot;https:\\\/\\\/yucatandivecrew.com\\\/wp-content\\\/uploads\\\/2023\\\/07\\\/Cenote-Sabak-Ha.jpeg&quot;},{&quot;id&quot;:822,&quot;url&quot;:&quot;https:\\\/\\\/yucatandivecrew.com\\\/wp-content\\\/uploads\\\/2023\\\/07\\\/cenote_nahyah.jpeg&quot;}],&quot;background_slideshow_loop&quot;:&quot;yes&quot;,&quot;background_slideshow_slide_duration&quot;:5000,&quot;background_slideshow_slide_transition&quot;:&quot;fade&quot;,&quot;background_slideshow_transition_duration&quot;:500}\">\n\t\t\t\t<\/div>\n\t\t\t\t<\/div>\n\t\t<div class=\"elementor-element elementor-element-1ecd5523 e-flex e-con-boxed e-con e-parent\" data-id=\"1ecd5523\" data-element_type=\"container\" data-e-type=\"container\" data-settings=\"{&quot;background_background&quot;:&quot;classic&quot;}\">\n\t\t\t\t\t<div class=\"e-con-inner\">\n\t\t<div class=\"elementor-element elementor-element-2d7f925 e-flex e-con-boxed e-con e-child\" data-id=\"2d7f925\" data-element_type=\"container\" data-e-type=\"container\" data-settings=\"{&quot;background_background&quot;:&quot;classic&quot;}\">\n\t\t\t\t\t<div class=\"e-con-inner\">\n\t\t<div class=\"elementor-element elementor-element-1104aa67 e-flex e-con-boxed elementor-invisible e-con e-child\" data-id=\"1104aa67\" data-element_type=\"container\" data-e-type=\"container\" data-settings=\"{&quot;animation&quot;:&quot;rotateIn&quot;}\">\n\t\t\t\t\t<div class=\"e-con-inner\">\n\t\t\t\t<div class=\"elementor-element elementor-element-1476d0b0 elementor-widget elementor-widget-google_maps\" data-id=\"1476d0b0\" data-element_type=\"widget\" data-e-type=\"widget\" data-widget_type=\"google_maps.default\">\n\t\t\t\t<div class=\"elementor-widget-container\">\n\t\t\t\t\t\t\t<div class=\"elementor-custom-embed\">\n\t\t\t<iframe loading=\"lazy\"\n\t\t\t\t\tsrc=\"https:\/\/maps.google.com\/maps?q=Cenote%20sabak%20ha&#038;t=m&#038;z=10&#038;output=embed&#038;iwloc=near\"\n\t\t\t\t\ttitle=\"Cenote sabak ha\"\n\t\t\t\t\taria-label=\"Cenote sabak ha\"\n\t\t\t><\/iframe>\n\t\t<\/div>\n\t\t\t\t\t\t<\/div>\n\t\t\t\t<\/div>\n\t\t\t\t\t<\/div>\n\t\t\t\t<\/div>\n\t\t<div class=\"elementor-element elementor-element-3451df7b e-flex e-con-boxed e-con e-child\" data-id=\"3451df7b\" data-element_type=\"container\" data-e-type=\"container\">\n\t\t\t\t\t<div class=\"e-con-inner\">\n\t\t\t\t<div class=\"elementor-element elementor-element-755a4254 elementor-widget elementor-widget-text-editor\" data-id=\"755a4254\" data-element_type=\"widget\" data-e-type=\"widget\" data-widget_type=\"text-editor.default\">\n\t\t\t\t<div class=\"elementor-widget-container\">\n\t\t\t\t\t\t\t\t\t<h2>Cenote Sabak H\u00e1 Information<\/h2>\t\t\t\t\t\t\t\t<\/div>\n\t\t\t\t<\/div>\n\t\t\t\t<div class=\"elementor-element elementor-element-738df72f elementor-icon-list--layout-traditional elementor-list-item-link-full_width elementor-widget elementor-widget-icon-list\" data-id=\"738df72f\" data-element_type=\"widget\" data-e-type=\"widget\" data-widget_type=\"icon-list.default\">\n\t\t\t\t<div class=\"elementor-widget-container\">\n\t\t\t\t\t\t\t<ul class=\"elementor-icon-list-items\">\n\t\t\t\t\t\t\t<li class=\"elementor-icon-list-item\">\n\t\t\t\t\t\t\t\t\t\t\t<span class=\"elementor-icon-list-icon\">\n\t\t\t\t\t\t\t<i aria-hidden=\"true\" class=\"far fa-calendar-alt\"><\/i>\t\t\t\t\t\t<\/span>\n\t\t\t\t\t\t\t\t\t\t<span class=\"elementor-icon-list-text\">Open: Monday - Sunday<\/span>\n\t\t\t\t\t\t\t\t\t<\/li>\n\t\t\t\t\t\t\t\t<li class=\"elementor-icon-list-item\">\n\t\t\t\t\t\t\t\t\t\t\t<span class=\"elementor-icon-list-icon\">\n\t\t\t\t\t\t\t<i aria-hidden=\"true\" class=\"far fa-clock\"><\/i>\t\t\t\t\t\t<\/span>\n\t\t\t\t\t\t\t\t\t\t<span class=\"elementor-icon-list-text\">Hours: 08:00 - 18:00 hrs.<\/span>\n\t\t\t\t\t\t\t\t\t<\/li>\n\t\t\t\t\t\t\t\t<li class=\"elementor-icon-list-item\">\n\t\t\t\t\t\t\t\t\t\t\t<span class=\"elementor-icon-list-icon\">\n\t\t\t\t\t\t\t<i aria-hidden=\"true\" class=\"fas fa-sort-amount-down\"><\/i>\t\t\t\t\t\t<\/span>\n\t\t\t\t\t\t\t\t\t\t<span class=\"elementor-icon-list-text\">Max Depth: Unknown.<\/span>\n\t\t\t\t\t\t\t\t\t<\/li>\n\t\t\t\t\t\t\t\t<li class=\"elementor-icon-list-item\">\n\t\t\t\t\t\t\t\t\t\t\t<span class=\"elementor-icon-list-icon\">\n\t\t\t\t\t\t\t<i aria-hidden=\"true\" class=\"fas fa-thermometer-quarter\"><\/i>\t\t\t\t\t\t<\/span>\n\t\t\t\t\t\t\t\t\t\t<span class=\"elementor-icon-list-text\">Water Temperature 27c \/ 80.6f<\/span>\n\t\t\t\t\t\t\t\t\t<\/li>\n\t\t\t\t\t\t\t\t<li class=\"elementor-icon-list-item\">\n\t\t\t\t\t\t\t\t\t\t\t<span class=\"elementor-icon-list-icon\">\n\t\t\t\t\t\t\t<i aria-hidden=\"true\" class=\"far fa-dot-circle\"><\/i>\t\t\t\t\t\t<\/span>\n\t\t\t\t\t\t\t\t\t\t<span class=\"elementor-icon-list-text\">Cenote Type: Open<\/span>\n\t\t\t\t\t\t\t\t\t<\/li>\n\t\t\t\t\t\t\t\t<li class=\"elementor-icon-list-item\">\n\t\t\t\t\t\t\t\t\t\t\t<span class=\"elementor-icon-list-icon\">\n\t\t\t\t\t\t\t<i aria-hidden=\"true\" class=\"fas fa-certificate\"><\/i>\t\t\t\t\t\t<\/span>\n\t\t\t\t\t\t\t\t\t\t<span class=\"elementor-icon-list-text\">Certification Level: PADI Advanced Open Water | PADI Deep Diver<\/span>\n\t\t\t\t\t\t\t\t\t<\/li>\n\t\t\t\t\t\t<\/ul>\n\t\t\t\t\t\t<\/div>\n\t\t\t\t<\/div>\n\t\t\t\t\t<\/div>\n\t\t\t\t<\/div>\n\t\t\t\t\t<\/div>\n\t\t\t\t<\/div>\n\t\t\t\t\t<\/div>\n\t\t\t\t<\/div>\n\t\t<div class=\"elementor-element elementor-element-1e8542fe e-flex e-con-boxed e-con e-parent\" data-id=\"1e8542fe\" data-element_type=\"container\" data-e-type=\"container\" data-settings=\"{&quot;background_background&quot;:&quot;classic&quot;}\">\n\t\t\t\t\t<div class=\"e-con-inner\">\n\t\t<div class=\"elementor-element elementor-element-22c234df e-flex e-con-boxed e-con e-child\" data-id=\"22c234df\" data-element_type=\"container\" data-e-type=\"container\">\n\t\t\t\t\t<div class=\"e-con-inner\">\n\t\t\t\t<div class=\"elementor-element elementor-element-2d7bae4b elementor-widget elementor-widget-heading\" data-id=\"2d7bae4b\" data-element_type=\"widget\" data-e-type=\"widget\" data-widget_type=\"heading.default\">\n\t\t\t\t<div class=\"elementor-widget-container\">\n\t\t\t\t\t<h2 class=\"elementor-heading-title elementor-size-default\">Cenotes Nearby<\/h2>\t\t\t\t<\/div>\n\t\t\t\t<\/div>\n\t\t\t\t<div class=\"elementor-element elementor-element-2ddadeda elementor-widget elementor-widget-image\" data-id=\"2ddadeda\" data-element_type=\"widget\" data-e-type=\"widget\" data-widget_type=\"image.default\">\n\t\t\t\t<div class=\"elementor-widget-container\">\n\t\t\t\t\t\t\t\t\t\t\t\t\t\t\t<img decoding=\"async\" width=\"60\" height=\"4\" src=\"https:\/\/yucatandivecrew.com\/wp-content\/uploads\/2023\/06\/wave.svg\" class=\"attachment-full size-full wp-image-155\" alt=\"\" \/>\t\t\t\t\t\t\t\t\t\t\t\t\t\t\t<\/div>\n\t\t\t\t<\/div>\n\t\t\t\t\t<\/div>\n\t\t\t\t<\/div>\n\t\t<div class=\"elementor-element elementor-element-5b7ec5b8 e-flex e-con-boxed e-con e-child\" data-id=\"5b7ec5b8\" data-element_type=\"container\" data-e-type=\"container\">\n\t\t\t\t\t<div class=\"e-con-inner\">\n\t\t<div class=\"elementor-element elementor-element-443b53f8 e-con-full e-flex e-con e-child\" data-id=\"443b53f8\" data-element_type=\"container\" data-e-type=\"container\">\n\t\t\t\t<div class=\"elementor-element elementor-element-2aa9fcec elementor-widget elementor-widget-image\" data-id=\"2aa9fcec\" data-element_type=\"widget\" data-e-type=\"widget\" data-widget_type=\"image.default\">\n\t\t\t\t<div class=\"elementor-widget-container\">\n\t\t\t\t\t\t\t\t\t\t\t\t\t\t\t\t<a href=\"\/cenotes\/cenote-kankirixche\">\n\t\t\t\t\t\t\t<img fetchpriority=\"high\" decoding=\"async\" width=\"1080\" height=\"810\" src=\"https:\/\/yucatandivecrew.com\/wp-content\/uploads\/2023\/07\/cenote_kankirixe.jpeg\" class=\"attachment-full size-full wp-image-821\" alt=\"cenote Kankirixch\u00e9\" srcset=\"https:\/\/yucatandivecrew.com\/wp-content\/uploads\/2023\/07\/cenote_kankirixe.jpeg 1080w, https:\/\/yucatandivecrew.com\/wp-content\/uploads\/2023\/07\/cenote_kankirixe-300x225.jpeg 300w, https:\/\/yucatandivecrew.com\/wp-content\/uploads\/2023\/07\/cenote_kankirixe-1024x768.jpeg 1024w, https:\/\/yucatandivecrew.com\/wp-content\/uploads\/2023\/07\/cenote_kankirixe-768x576.jpeg 768w\" sizes=\"(max-width: 1080px) 100vw, 1080px\" \/>\t\t\t\t\t\t\t\t<\/a>\n\t\t\t\t\t\t\t\t\t\t\t\t\t\t\t<\/div>\n\t\t\t\t<\/div>\n\t\t\t\t<div class=\"elementor-element elementor-element-4e10b99c elementor-widget elementor-widget-text-editor\" data-id=\"4e10b99c\" data-element_type=\"widget\" data-e-type=\"widget\" data-widget_type=\"text-editor.default\">\n\t\t\t\t<div class=\"elementor-widget-container\">\n\t\t\t\t\t\t\t\t\t<h4>Cenote Kankirixche<\/h4><p>Enter the magical world of Cenote Kankirixche, a large underground cavern cenote surrounded by stalactite formations and tree roots reaching into the clear, cool waters.<\/p>\t\t\t\t\t\t\t\t<\/div>\n\t\t\t\t<\/div>\n\t\t\t\t<\/div>\n\t\t<div class=\"elementor-element elementor-element-7bc1fecb e-con-full e-flex e-con e-child\" data-id=\"7bc1fecb\" data-element_type=\"container\" data-e-type=\"container\">\n\t\t\t\t<div class=\"elementor-element elementor-element-1a12041a elementor-widget elementor-widget-image\" data-id=\"1a12041a\" data-element_type=\"widget\" data-e-type=\"widget\" data-widget_type=\"image.default\">\n\t\t\t\t<div class=\"elementor-widget-container\">\n\t\t\t\t\t\t\t\t\t\t\t\t\t\t\t\t<a href=\"\/cenotes\/cenote-nah-yah\">\n\t\t\t\t\t\t\t<img decoding=\"async\" width=\"1080\" height=\"1079\" src=\"https:\/\/yucatandivecrew.com\/wp-content\/uploads\/2023\/07\/Cenote-Yaal-Utzil.jpeg\" class=\"attachment-full size-full wp-image-826\" alt=\"Cenote Yaal Utzil foto\" srcset=\"https:\/\/yucatandivecrew.com\/wp-content\/uploads\/2023\/07\/Cenote-Yaal-Utzil.jpeg 1080w, https:\/\/yucatandivecrew.com\/wp-content\/uploads\/2023\/07\/Cenote-Yaal-Utzil-300x300.jpeg 300w, https:\/\/yucatandivecrew.com\/wp-content\/uploads\/2023\/07\/Cenote-Yaal-Utzil-1024x1024.jpeg 1024w, https:\/\/yucatandivecrew.com\/wp-content\/uploads\/2023\/07\/Cenote-Yaal-Utzil-150x150.jpeg 150w, https:\/\/yucatandivecrew.com\/wp-content\/uploads\/2023\/07\/Cenote-Yaal-Utzil-768x767.jpeg 768w\" sizes=\"(max-width: 1080px) 100vw, 1080px\" \/>\t\t\t\t\t\t\t\t<\/a>\n\t\t\t\t\t\t\t\t\t\t\t\t\t\t\t<\/div>\n\t\t\t\t<\/div>\n\t\t\t\t<div class=\"elementor-element elementor-element-690aa17b elementor-widget elementor-widget-text-editor\" data-id=\"690aa17b\" data-element_type=\"widget\" data-e-type=\"widget\" data-widget_type=\"text-editor.default\">\n\t\t\t\t<div class=\"elementor-widget-container\">\n\t\t\t\t\t\t\t\t\t<h4>Cenote Cenote Yaal Utzil<\/h4><p>This open cenote offers a stunning scenic view through its entrance. Descend a 20-meter stone staircase into the inviting blue waters that stretch 5 meters long by 25 meters wide.<\/p>\t\t\t\t\t\t\t\t<\/div>\n\t\t\t\t<\/div>\n\t\t\t\t<\/div>\n\t\t\t\t\t<\/div>\n\t\t\t\t<\/div>\n\t\t\t\t\t<\/div>\n\t\t\t\t<\/div>\n\t\t\t\t<\/div>\n\t\t","protected":false},"excerpt":{"rendered":"<p>Cenote Sabak Ha Delve into the mesmerizing depths of Cenote Sabak Ha (dark water), considered the deepest cenote in Yucatan with an estimated depth of 150 meters &#8211; still remains unknown. Nestled in the municipality of Sacalum, it&#8217;s located 70 kilometers south of the city of Merida. Get Directions Cenote Sabak H\u00e1 Information Open: Monday [&hellip;]<\/p>\n","protected":false},"author":1,"featured_media":825,"parent":24,"menu_order":0,"comment_status":"closed","ping_status":"closed","template":"","meta":{"_acf_changed":false,"om_disable_all_campaigns":false,"_joinchat":[],"footnotes":""},"class_list":["post-954","page","type-page","status-publish","has-post-thumbnail","hentry"],"acf":[],"yoast_head":"<!-- This site is optimized with the Yoast SEO plugin v27.4 - https:\/\/yoast.com\/product\/yoast-seo-wordpress\/ -->\n<title>Cenote Sabak H\u00e1 | Yucatan, Mexico<\/title>\n<meta name=\"description\" content=\"Everything you need to know about Cenote Sabak H\u00e1 an incredible open cenote with it&#039;s depth&#039;s still remaining a complete mystery.\" \/>\n<meta name=\"robots\" content=\"index, follow, max-snippet:-1, max-image-preview:large, max-video-preview:-1\" \/>\n<link rel=\"canonical\" href=\"https:\/\/yucatandivecrew.com\/es\/sitios-de-buceo\/cenote-sabak-ha\/\" \/>\n<meta property=\"og:locale\" content=\"es_MX\" \/>\n<meta property=\"og:type\" content=\"article\" \/>\n<meta property=\"og:title\" content=\"Cenote Sabak H\u00e1 | Yucatan, Mexico\" \/>\n<meta property=\"og:description\" content=\"Everything you need to know about Cenote Sabak H\u00e1 an incredible open cenote with it&#039;s depth&#039;s still remaining a complete mystery.\" \/>\n<meta property=\"og:url\" content=\"https:\/\/yucatandivecrew.com\/es\/sitios-de-buceo\/cenote-sabak-ha\/\" \/>\n<meta property=\"og:site_name\" content=\"Yucatan Dive Crew\" \/>\n<meta property=\"article:publisher\" content=\"https:\/\/www.facebook.com\/yucatandivecrew\" \/>\n<meta property=\"article:modified_time\" content=\"2023-07-31T21:49:28+00:00\" \/>\n<meta property=\"og:image\" content=\"https:\/\/yucatandivecrew.com\/wp-content\/uploads\/2023\/07\/Cenote-Sabak-Ha.jpeg\" \/>\n\t<meta property=\"og:image:width\" content=\"1080\" \/>\n\t<meta property=\"og:image:height\" content=\"810\" \/>\n\t<meta property=\"og:image:type\" content=\"image\/jpeg\" \/>\n<meta name=\"twitter:card\" content=\"summary_large_image\" \/>\n<meta name=\"twitter:label1\" content=\"Tiempo de lectura\" \/>\n\t<meta name=\"twitter:data1\" content=\"2 minutos\" \/>\n<script type=\"application\/ld+json\" class=\"yoast-schema-graph\">{\"@context\":\"https:\\\/\\\/schema.org\",\"@graph\":[{\"@type\":\"WebPage\",\"@id\":\"https:\\\/\\\/yucatandivecrew.com\\\/dive-sites\\\/cenote-sabak-ha\\\/\",\"url\":\"https:\\\/\\\/yucatandivecrew.com\\\/dive-sites\\\/cenote-sabak-ha\\\/\",\"name\":\"Cenote Sabak H\u00e1 | Yucatan, Mexico\",\"isPartOf\":{\"@id\":\"https:\\\/\\\/yucatandivecrew.com\\\/#website\"},\"primaryImageOfPage\":{\"@id\":\"https:\\\/\\\/yucatandivecrew.com\\\/dive-sites\\\/cenote-sabak-ha\\\/#primaryimage\"},\"image\":{\"@id\":\"https:\\\/\\\/yucatandivecrew.com\\\/dive-sites\\\/cenote-sabak-ha\\\/#primaryimage\"},\"thumbnailUrl\":\"https:\\\/\\\/yucatandivecrew.com\\\/wp-content\\\/uploads\\\/2023\\\/07\\\/Cenote-Sabak-Ha.jpeg\",\"datePublished\":\"2023-07-21T16:34:17+00:00\",\"dateModified\":\"2023-07-31T21:49:28+00:00\",\"description\":\"Everything you need to know about Cenote Sabak H\u00e1 an incredible open cenote with it's depth's still remaining a complete mystery.\",\"breadcrumb\":{\"@id\":\"https:\\\/\\\/yucatandivecrew.com\\\/dive-sites\\\/cenote-sabak-ha\\\/#breadcrumb\"},\"inLanguage\":\"es\",\"potentialAction\":[{\"@type\":\"ReadAction\",\"target\":[\"https:\\\/\\\/yucatandivecrew.com\\\/dive-sites\\\/cenote-sabak-ha\\\/\"]}]},{\"@type\":\"ImageObject\",\"inLanguage\":\"es\",\"@id\":\"https:\\\/\\\/yucatandivecrew.com\\\/dive-sites\\\/cenote-sabak-ha\\\/#primaryimage\",\"url\":\"https:\\\/\\\/yucatandivecrew.com\\\/wp-content\\\/uploads\\\/2023\\\/07\\\/Cenote-Sabak-Ha.jpeg\",\"contentUrl\":\"https:\\\/\\\/yucatandivecrew.com\\\/wp-content\\\/uploads\\\/2023\\\/07\\\/Cenote-Sabak-Ha.jpeg\",\"width\":1080,\"height\":810},{\"@type\":\"BreadcrumbList\",\"@id\":\"https:\\\/\\\/yucatandivecrew.com\\\/dive-sites\\\/cenote-sabak-ha\\\/#breadcrumb\",\"itemListElement\":[{\"@type\":\"ListItem\",\"position\":1,\"name\":\"Inicio\",\"item\":\"https:\\\/\\\/yucatandivecrew.com\\\/\"},{\"@type\":\"ListItem\",\"position\":2,\"name\":\"Dive Sites\",\"item\":\"https:\\\/\\\/yucatandivecrew.com\\\/dive-sites\\\/\"},{\"@type\":\"ListItem\",\"position\":3,\"name\":\"Cenote Sabak H\u00e1\"}]},{\"@type\":\"WebSite\",\"@id\":\"https:\\\/\\\/yucatandivecrew.com\\\/#website\",\"url\":\"https:\\\/\\\/yucatandivecrew.com\\\/\",\"name\":\"Yucatan Dive Crew\",\"description\":\"\",\"publisher\":{\"@id\":\"https:\\\/\\\/yucatandivecrew.com\\\/#organization\"},\"potentialAction\":[{\"@type\":\"SearchAction\",\"target\":{\"@type\":\"EntryPoint\",\"urlTemplate\":\"https:\\\/\\\/yucatandivecrew.com\\\/?s={search_term_string}\"},\"query-input\":{\"@type\":\"PropertyValueSpecification\",\"valueRequired\":true,\"valueName\":\"search_term_string\"}}],\"inLanguage\":\"es\"},{\"@type\":\"Organization\",\"@id\":\"https:\\\/\\\/yucatandivecrew.com\\\/#organization\",\"name\":\"Yucatan Dive Crew\",\"url\":\"https:\\\/\\\/yucatandivecrew.com\\\/\",\"logo\":{\"@type\":\"ImageObject\",\"inLanguage\":\"es\",\"@id\":\"https:\\\/\\\/yucatandivecrew.com\\\/#\\\/schema\\\/logo\\\/image\\\/\",\"url\":\"https:\\\/\\\/yucatandivecrew.com\\\/wp-content\\\/uploads\\\/2023\\\/06\\\/yucatan-dive-crew.svg\",\"contentUrl\":\"https:\\\/\\\/yucatandivecrew.com\\\/wp-content\\\/uploads\\\/2023\\\/06\\\/yucatan-dive-crew.svg\",\"width\":157,\"height\":60,\"caption\":\"Yucatan Dive Crew\"},\"image\":{\"@id\":\"https:\\\/\\\/yucatandivecrew.com\\\/#\\\/schema\\\/logo\\\/image\\\/\"},\"sameAs\":[\"https:\\\/\\\/www.facebook.com\\\/yucatandivecrew\",\"https:\\\/\\\/www.instagram.com\\\/yucatandivecrew\\\/\",\"https:\\\/\\\/www.youtube.com\\\/@YucatanDiveCrew\\\/\",\"https:\\\/\\\/www.tiktok.com\\\/@yucatandivecrew\"]}]}<\/script>\n<!-- \/ Yoast SEO plugin. -->","yoast_head_json":{"title":"Cenote Sabak H\u00e1 | Yucat\u00e1n, M\u00e9xico","description":"Todo lo que necesitas saber sobre el cenote Sabak H\u00e1, un incre\u00edble cenote abierto cuya profundidad sigue siendo un completo misterio.","robots":{"index":"index","follow":"follow","max-snippet":"max-snippet:-1","max-image-preview":"max-image-preview:large","max-video-preview":"max-video-preview:-1"},"canonical":"https:\/\/yucatandivecrew.com\/es\/sitios-de-buceo\/cenote-sabak-ha\/","og_locale":"es_MX","og_type":"article","og_title":"Cenote Sabak H\u00e1 | Yucatan, Mexico","og_description":"Everything you need to know about Cenote Sabak H\u00e1 an incredible open cenote with it's depth's still remaining a complete mystery.","og_url":"https:\/\/yucatandivecrew.com\/es\/sitios-de-buceo\/cenote-sabak-ha\/","og_site_name":"Yucatan Dive Crew","article_publisher":"https:\/\/www.facebook.com\/yucatandivecrew","article_modified_time":"2023-07-31T21:49:28+00:00","og_image":[{"width":1080,"height":810,"url":"https:\/\/yucatandivecrew.com\/wp-content\/uploads\/2023\/07\/Cenote-Sabak-Ha.jpeg","type":"image\/jpeg"}],"twitter_card":"summary_large_image","twitter_misc":{"Tiempo de lectura":"2 minutos"},"schema":{"@context":"https:\/\/schema.org","@graph":[{"@type":"WebPage","@id":"https:\/\/yucatandivecrew.com\/dive-sites\/cenote-sabak-ha\/","url":"https:\/\/yucatandivecrew.com\/dive-sites\/cenote-sabak-ha\/","name":"Cenote Sabak H\u00e1 | Yucat\u00e1n, M\u00e9xico","isPartOf":{"@id":"https:\/\/yucatandivecrew.com\/#website"},"primaryImageOfPage":{"@id":"https:\/\/yucatandivecrew.com\/dive-sites\/cenote-sabak-ha\/#primaryimage"},"image":{"@id":"https:\/\/yucatandivecrew.com\/dive-sites\/cenote-sabak-ha\/#primaryimage"},"thumbnailUrl":"https:\/\/yucatandivecrew.com\/wp-content\/uploads\/2023\/07\/Cenote-Sabak-Ha.jpeg","datePublished":"2023-07-21T16:34:17+00:00","dateModified":"2023-07-31T21:49:28+00:00","description":"Todo lo que necesitas saber sobre el cenote Sabak H\u00e1, un incre\u00edble cenote abierto cuya profundidad sigue siendo un completo misterio.","breadcrumb":{"@id":"https:\/\/yucatandivecrew.com\/dive-sites\/cenote-sabak-ha\/#breadcrumb"},"inLanguage":"es","potentialAction":[{"@type":"ReadAction","target":["https:\/\/yucatandivecrew.com\/dive-sites\/cenote-sabak-ha\/"]}]},{"@type":"ImageObject","inLanguage":"es","@id":"https:\/\/yucatandivecrew.com\/dive-sites\/cenote-sabak-ha\/#primaryimage","url":"https:\/\/yucatandivecrew.com\/wp-content\/uploads\/2023\/07\/Cenote-Sabak-Ha.jpeg","contentUrl":"https:\/\/yucatandivecrew.com\/wp-content\/uploads\/2023\/07\/Cenote-Sabak-Ha.jpeg","width":1080,"height":810},{"@type":"BreadcrumbList","@id":"https:\/\/yucatandivecrew.com\/dive-sites\/cenote-sabak-ha\/#breadcrumb","itemListElement":[{"@type":"ListItem","position":1,"name":"Inicio","item":"https:\/\/yucatandivecrew.com\/"},{"@type":"ListItem","position":2,"name":"Dive Sites","item":"https:\/\/yucatandivecrew.com\/dive-sites\/"},{"@type":"ListItem","position":3,"name":"Cenote Sabak H\u00e1"}]},{"@type":"WebSite","@id":"https:\/\/yucatandivecrew.com\/#website","url":"https:\/\/yucatandivecrew.com\/","name":"Yucatan Dive Crew","description":"","publisher":{"@id":"https:\/\/yucatandivecrew.com\/#organization"},"potentialAction":[{"@type":"SearchAction","target":{"@type":"EntryPoint","urlTemplate":"https:\/\/yucatandivecrew.com\/?s={search_term_string}"},"query-input":{"@type":"PropertyValueSpecification","valueRequired":true,"valueName":"search_term_string"}}],"inLanguage":"es"},{"@type":"Organization","@id":"https:\/\/yucatandivecrew.com\/#organization","name":"Yucatan Dive Crew","url":"https:\/\/yucatandivecrew.com\/","logo":{"@type":"ImageObject","inLanguage":"es","@id":"https:\/\/yucatandivecrew.com\/#\/schema\/logo\/image\/","url":"https:\/\/yucatandivecrew.com\/wp-content\/uploads\/2023\/06\/yucatan-dive-crew.svg","contentUrl":"https:\/\/yucatandivecrew.com\/wp-content\/uploads\/2023\/06\/yucatan-dive-crew.svg","width":157,"height":60,"caption":"Yucatan Dive Crew"},"image":{"@id":"https:\/\/yucatandivecrew.com\/#\/schema\/logo\/image\/"},"sameAs":["https:\/\/www.facebook.com\/yucatandivecrew","https:\/\/www.instagram.com\/yucatandivecrew\/","https:\/\/www.youtube.com\/@YucatanDiveCrew\/","https:\/\/www.tiktok.com\/@yucatandivecrew"]}]}},"_links":{"self":[{"href":"https:\/\/yucatandivecrew.com\/es\/wp-json\/wp\/v2\/pages\/954","targetHints":{"allow":["GET"]}}],"collection":[{"href":"https:\/\/yucatandivecrew.com\/es\/wp-json\/wp\/v2\/pages"}],"about":[{"href":"https:\/\/yucatandivecrew.com\/es\/wp-json\/wp\/v2\/types\/page"}],"author":[{"embeddable":true,"href":"https:\/\/yucatandivecrew.com\/es\/wp-json\/wp\/v2\/users\/1"}],"replies":[{"embeddable":true,"href":"https:\/\/yucatandivecrew.com\/es\/wp-json\/wp\/v2\/comments?post=954"}],"version-history":[{"count":0,"href":"https:\/\/yucatandivecrew.com\/es\/wp-json\/wp\/v2\/pages\/954\/revisions"}],"up":[{"embeddable":true,"href":"https:\/\/yucatandivecrew.com\/es\/wp-json\/wp\/v2\/pages\/24"}],"wp:featuredmedia":[{"embeddable":true,"href":"https:\/\/yucatandivecrew.com\/es\/wp-json\/wp\/v2\/media\/825"}],"wp:attachment":[{"href":"https:\/\/yucatandivecrew.com\/es\/wp-json\/wp\/v2\/media?parent=954"}],"curies":[{"name":"Gracias","href":"https:\/\/api.w.org\/{rel}","templated":true}]}}