{"id":918,"date":"2023-07-21T15:56:00","date_gmt":"2023-07-21T15:56:00","guid":{"rendered":"https:\/\/yucatandivecrew.com\/?page_id=918"},"modified":"2023-07-31T21:44:49","modified_gmt":"2023-07-31T21:44:49","slug":"cenote-no-yah","status":"publish","type":"page","link":"https:\/\/yucatandivecrew.com\/es\/sitios-de-buceo\/cenote-no-yah\/","title":{"rendered":"Cenote Nah-Yah"},"content":{"rendered":"<div data-elementor-type=\"wp-page\" data-elementor-id=\"918\" class=\"elementor elementor-918\" data-elementor-post-type=\"page\">\n\t\t\t\t<div class=\"elementor-element elementor-element-1a7deaa9 e-con-full e-flex e-con e-parent\" data-id=\"1a7deaa9\" data-element_type=\"container\" data-settings=\"{&quot;background_background&quot;:&quot;classic&quot;}\">\n\t\t<div class=\"elementor-element elementor-element-238f19e0 e-con-full e-flex e-con e-parent\" data-id=\"238f19e0\" data-element_type=\"container\">\n\t\t\t\t<div class=\"elementor-element elementor-element-38f36aa2 elementor-widget elementor-widget-heading\" data-id=\"38f36aa2\" data-element_type=\"widget\" data-widget_type=\"heading.default\">\n\t\t\t\t<div class=\"elementor-widget-container\">\n\t\t\t\t\t<h1 class=\"elementor-heading-title elementor-size-default\">Cenote Nah-Yah\n<\/h1>\t\t\t\t<\/div>\n\t\t\t\t<\/div>\n\t\t\t\t<div class=\"elementor-element elementor-element-5525233f elementor-widget elementor-widget-text-editor\" data-id=\"5525233f\" data-element_type=\"widget\" data-widget_type=\"text-editor.default\">\n\t\t\t\t<div class=\"elementor-widget-container\">\n\t\t\t\t\t\t\t\t\t<p><span style=\"font-weight: 400;\">Cenote Nah-Yah es un cenote semiabierto lleno de agua incre\u00edblemente azul. El haz de luz que atraviesa el cenote crea una vista espectacular que te dejar\u00e1 asombrado.<\/span><\/p><p><span style=\"font-weight: 400;\">Este cenote semiabierto revela un descenso espectacular, que ofrece una ca\u00edda vertical de 9 metros (30 pies) en aguas cristalinas azules. La claraboya natural se refleja en la superficie del agua, creando un fascinante efecto de espejo que abarca aproximadamente 22 metros (72 pies) de largo y 24 metros (78 pies) de ancho. Con una profundidad m\u00e1xima que alcanza los incre\u00edbles 42 metros (137 pies), es un viaje submarino al reino de lo m\u00edstico y lo bello.<\/span><\/p>\t\t\t\t\t\t\t\t<\/div>\n\t\t\t\t<\/div>\n\t\t\t\t<div class=\"elementor-element elementor-element-bbdc0ac elementor-widget elementor-widget-button\" data-id=\"bbdc0ac\" data-element_type=\"widget\" data-widget_type=\"button.default\">\n\t\t\t\t<div class=\"elementor-widget-container\">\n\t\t\t\t\t\t\t\t\t<div class=\"elementor-button-wrapper\">\n\t\t\t\t\t<a class=\"elementor-button elementor-button-link elementor-size-md\" href=\"\">\n\t\t\t\t\t\t<span class=\"elementor-button-content-wrapper\">\n\t\t\t\t\t\t<span class=\"elementor-button-icon\">\n\t\t\t\t<i aria-hidden=\"true\" class=\"fas fa-directions\"><\/i>\t\t\t<\/span>\n\t\t\t\t\t\t\t\t\t<span class=\"elementor-button-text\">Obtener las direcciones<\/span>\n\t\t\t\t\t<\/span>\n\t\t\t\t\t<\/a>\n\t\t\t\t<\/div>\n\t\t\t\t\t\t\t\t<\/div>\n\t\t\t\t<\/div>\n\t\t\t\t<\/div>\n\t\t<div class=\"elementor-element elementor-element-4b18dd92 e-con-full e-flex e-con e-parent\" data-id=\"4b18dd92\" data-element_type=\"container\" data-settings=\"{&quot;background_background&quot;:&quot;slideshow&quot;,&quot;animation&quot;:&quot;none&quot;,&quot;background_slideshow_gallery&quot;:[{&quot;id&quot;:822,&quot;url&quot;:&quot;https:\\\/\\\/yucatandivecrew.com\\\/wp-content\\\/uploads\\\/2023\\\/07\\\/cenote_nahyah.jpeg&quot;}],&quot;background_slideshow_loop&quot;:&quot;yes&quot;,&quot;background_slideshow_slide_duration&quot;:5000,&quot;background_slideshow_slide_transition&quot;:&quot;fade&quot;,&quot;background_slideshow_transition_duration&quot;:500}\">\n\t\t\t\t<\/div>\n\t\t\t\t<\/div>\n\t\t<div class=\"elementor-element elementor-element-29a0fb32 e-flex e-con-boxed e-con e-parent\" data-id=\"29a0fb32\" data-element_type=\"container\" data-settings=\"{&quot;background_background&quot;:&quot;classic&quot;}\">\n\t\t\t\t\t<div class=\"e-con-inner\">\n\t\t<div class=\"elementor-element elementor-element-1a6b064 e-flex e-con-boxed e-con e-parent\" data-id=\"1a6b064\" data-element_type=\"container\" data-settings=\"{&quot;background_background&quot;:&quot;classic&quot;}\">\n\t\t\t\t\t<div class=\"e-con-inner\">\n\t\t<div class=\"elementor-element elementor-element-5293836 e-flex e-con-boxed elementor-invisible e-con e-parent\" data-id=\"5293836\" data-element_type=\"container\" data-settings=\"{&quot;animation&quot;:&quot;rotateIn&quot;}\">\n\t\t\t\t\t<div class=\"e-con-inner\">\n\t\t\t\t<div class=\"elementor-element elementor-element-49ef4282 elementor-widget elementor-widget-google_maps\" data-id=\"49ef4282\" data-element_type=\"widget\" data-widget_type=\"google_maps.default\">\n\t\t\t\t<div class=\"elementor-widget-container\">\n\t\t\t\t\t\t\t<div class=\"elementor-custom-embed\">\n\t\t\t<iframe loading=\"lazy\"\n\t\t\t\t\tsrc=\"https:\/\/maps.google.com\/maps?q=cenote%20nah-yah&#038;t=m&#038;z=10&#038;output=embed&#038;iwloc=near\"\n\t\t\t\t\ttitle=\"cenote nah-yah\"\n\t\t\t\t\taria-label=\"cenote nah-yah\"\n\t\t\t><\/iframe>\n\t\t<\/div>\n\t\t\t\t\t\t<\/div>\n\t\t\t\t<\/div>\n\t\t\t\t\t<\/div>\n\t\t\t\t<\/div>\n\t\t<div class=\"elementor-element elementor-element-4764dbea e-flex e-con-boxed e-con e-parent\" data-id=\"4764dbea\" data-element_type=\"container\">\n\t\t\t\t\t<div class=\"e-con-inner\">\n\t\t\t\t<div class=\"elementor-element elementor-element-5095e0fb elementor-widget elementor-widget-text-editor\" data-id=\"5095e0fb\" data-element_type=\"widget\" data-widget_type=\"text-editor.default\">\n\t\t\t\t<div class=\"elementor-widget-container\">\n\t\t\t\t\t\t\t\t\t<h2>Informaci\u00f3n de Cenote Nah-Yah<\/h2>\t\t\t\t\t\t\t\t<\/div>\n\t\t\t\t<\/div>\n\t\t\t\t<div class=\"elementor-element elementor-element-23b7c86c elementor-icon-list--layout-traditional elementor-list-item-link-full_width elementor-widget elementor-widget-icon-list\" data-id=\"23b7c86c\" data-element_type=\"widget\" data-widget_type=\"icon-list.default\">\n\t\t\t\t<div class=\"elementor-widget-container\">\n\t\t\t\t\t\t\t<ul class=\"elementor-icon-list-items\">\n\t\t\t\t\t\t\t<li class=\"elementor-icon-list-item\">\n\t\t\t\t\t\t\t\t\t\t\t<span class=\"elementor-icon-list-icon\">\n\t\t\t\t\t\t\t<i aria-hidden=\"true\" class=\"far fa-calendar-alt\"><\/i>\t\t\t\t\t\t<\/span>\n\t\t\t\t\t\t\t\t\t\t<span class=\"elementor-icon-list-text\">Abierto: Lunes - Domingo<\/span>\n\t\t\t\t\t\t\t\t\t<\/li>\n\t\t\t\t\t\t\t\t<li class=\"elementor-icon-list-item\">\n\t\t\t\t\t\t\t\t\t\t\t<span class=\"elementor-icon-list-icon\">\n\t\t\t\t\t\t\t<i aria-hidden=\"true\" class=\"far fa-clock\"><\/i>\t\t\t\t\t\t<\/span>\n\t\t\t\t\t\t\t\t\t\t<span class=\"elementor-icon-list-text\">Horario: 08:00 - 17:00 hrs.<\/span>\n\t\t\t\t\t\t\t\t\t<\/li>\n\t\t\t\t\t\t\t\t<li class=\"elementor-icon-list-item\">\n\t\t\t\t\t\t\t\t\t\t\t<span class=\"elementor-icon-list-icon\">\n\t\t\t\t\t\t\t<i aria-hidden=\"true\" class=\"fas fa-sort-amount-down\"><\/i>\t\t\t\t\t\t<\/span>\n\t\t\t\t\t\t\t\t\t\t<span class=\"elementor-icon-list-text\">Profundidad m\u00e1xima: 48 m.<\/span>\n\t\t\t\t\t\t\t\t\t<\/li>\n\t\t\t\t\t\t\t\t<li class=\"elementor-icon-list-item\">\n\t\t\t\t\t\t\t\t\t\t\t<span class=\"elementor-icon-list-icon\">\n\t\t\t\t\t\t\t<i aria-hidden=\"true\" class=\"fas fa-thermometer-quarter\"><\/i>\t\t\t\t\t\t<\/span>\n\t\t\t\t\t\t\t\t\t\t<span class=\"elementor-icon-list-text\">Temperatura del Agua: 27c \/ 80.6f<\/span>\n\t\t\t\t\t\t\t\t\t<\/li>\n\t\t\t\t\t\t\t\t<li class=\"elementor-icon-list-item\">\n\t\t\t\t\t\t\t\t\t\t\t<span class=\"elementor-icon-list-icon\">\n\t\t\t\t\t\t\t<i aria-hidden=\"true\" class=\"far fa-dot-circle\"><\/i>\t\t\t\t\t\t<\/span>\n\t\t\t\t\t\t\t\t\t\t<span class=\"elementor-icon-list-text\">Tipo de cenote: Semiabierto - Cueva<\/span>\n\t\t\t\t\t\t\t\t\t<\/li>\n\t\t\t\t\t\t\t\t<li class=\"elementor-icon-list-item\">\n\t\t\t\t\t\t\t\t\t\t\t<span class=\"elementor-icon-list-icon\">\n\t\t\t\t\t\t\t<i aria-hidden=\"true\" class=\"fas fa-certificate\"><\/i>\t\t\t\t\t\t<\/span>\n\t\t\t\t\t\t\t\t\t\t<span class=\"elementor-icon-list-text\">Nivel de certificaci\u00f3n: PADI Open Water<\/span>\n\t\t\t\t\t\t\t\t\t<\/li>\n\t\t\t\t\t\t\t\t<li class=\"elementor-icon-list-item\">\n\t\t\t\t\t\t\t\t\t\t\t<span class=\"elementor-icon-list-icon\">\n\t\t\t\t\t\t\t<i aria-hidden=\"true\" class=\"far fa-life-ring\"><\/i>\t\t\t\t\t\t<\/span>\n\t\t\t\t\t\t\t\t\t\t<span class=\"elementor-icon-list-text\">Renta de chalecos salvavidas<\/span>\n\t\t\t\t\t\t\t\t\t<\/li>\n\t\t\t\t\t\t<\/ul>\n\t\t\t\t\t\t<\/div>\n\t\t\t\t<\/div>\n\t\t\t\t\t<\/div>\n\t\t\t\t<\/div>\n\t\t\t\t\t<\/div>\n\t\t\t\t<\/div>\n\t\t\t\t\t<\/div>\n\t\t\t\t<\/div>\n\t\t<div class=\"elementor-element elementor-element-620e3863 e-flex e-con-boxed e-con e-parent\" data-id=\"620e3863\" data-element_type=\"container\" data-settings=\"{&quot;background_background&quot;:&quot;classic&quot;}\">\n\t\t\t\t\t<div class=\"e-con-inner\">\n\t\t<div class=\"elementor-element elementor-element-48b92576 e-flex e-con-boxed e-con e-parent\" data-id=\"48b92576\" data-element_type=\"container\">\n\t\t\t\t\t<div class=\"e-con-inner\">\n\t\t\t\t<div class=\"elementor-element elementor-element-1710b1bd elementor-widget elementor-widget-heading\" data-id=\"1710b1bd\" data-element_type=\"widget\" data-widget_type=\"heading.default\">\n\t\t\t\t<div class=\"elementor-widget-container\">\n\t\t\t\t\t<h2 class=\"elementor-heading-title elementor-size-default\">Cenotes cercanos<\/h2>\t\t\t\t<\/div>\n\t\t\t\t<\/div>\n\t\t\t\t<div class=\"elementor-element elementor-element-174896c4 elementor-widget elementor-widget-image\" data-id=\"174896c4\" data-element_type=\"widget\" data-widget_type=\"image.default\">\n\t\t\t\t<div class=\"elementor-widget-container\">\n\t\t\t\t\t\t\t\t\t\t\t\t\t\t\t<img decoding=\"async\" width=\"60\" height=\"4\" src=\"https:\/\/yucatandivecrew.com\/wp-content\/uploads\/2023\/06\/wave.svg\" class=\"attachment-full size-full wp-image-155\" alt=\"\" \/>\t\t\t\t\t\t\t\t\t\t\t\t\t\t\t<\/div>\n\t\t\t\t<\/div>\n\t\t\t\t\t<\/div>\n\t\t\t\t<\/div>\n\t\t<div class=\"elementor-element elementor-element-22a769b5 e-flex e-con-boxed e-con e-parent\" data-id=\"22a769b5\" data-element_type=\"container\">\n\t\t\t\t\t<div class=\"e-con-inner\">\n\t\t<div class=\"elementor-element elementor-element-257f7352 e-con-full e-flex e-con e-parent\" data-id=\"257f7352\" data-element_type=\"container\">\n\t\t\t\t<div class=\"elementor-element elementor-element-46f02a17 elementor-widget elementor-widget-image\" data-id=\"46f02a17\" data-element_type=\"widget\" data-widget_type=\"image.default\">\n\t\t\t\t<div class=\"elementor-widget-container\">\n\t\t\t\t\t\t\t\t\t\t\t\t\t\t\t\t<a href=\"\/es\/cenotes\/cenote-noh-mozon\/\">\n\t\t\t\t\t\t\t<img fetchpriority=\"high\" decoding=\"async\" width=\"1080\" height=\"810\" src=\"https:\/\/yucatandivecrew.com\/wp-content\/uploads\/2023\/07\/cenote_nohmozon_suba.jpeg\" class=\"attachment-full size-full wp-image-544\" alt=\"cenote_nohmozon_scuba\" srcset=\"https:\/\/yucatandivecrew.com\/wp-content\/uploads\/2023\/07\/cenote_nohmozon_suba.jpeg 1080w, https:\/\/yucatandivecrew.com\/wp-content\/uploads\/2023\/07\/cenote_nohmozon_suba-300x225.jpeg 300w, https:\/\/yucatandivecrew.com\/wp-content\/uploads\/2023\/07\/cenote_nohmozon_suba-1024x768.jpeg 1024w, https:\/\/yucatandivecrew.com\/wp-content\/uploads\/2023\/07\/cenote_nohmozon_suba-768x576.jpeg 768w\" sizes=\"(max-width: 1080px) 100vw, 1080px\" \/>\t\t\t\t\t\t\t\t<\/a>\n\t\t\t\t\t\t\t\t\t\t\t\t\t\t\t<\/div>\n\t\t\t\t<\/div>\n\t\t\t\t<div class=\"elementor-element elementor-element-183c0bf0 elementor-widget elementor-widget-text-editor\" data-id=\"183c0bf0\" data-element_type=\"widget\" data-widget_type=\"text-editor.default\">\n\t\t\t\t<div class=\"elementor-widget-container\">\n\t\t\t\t\t\t\t\t\t<h4>Cenote Noh Moz\u00f3n<\/h4><p>Cenote Noh Mozon es uno de los cenotes con m\u00e1s encanto de la pen\u00ednsula de Yucat\u00e1n. Su apariencia de piscina natural lo convierte en un lugar encantador para bucear, observar y nadar.<\/p>\t\t\t\t\t\t\t\t<\/div>\n\t\t\t\t<\/div>\n\t\t\t\t<\/div>\n\t\t<div class=\"elementor-element elementor-element-1f6fe03e e-con-full e-flex e-con e-parent\" data-id=\"1f6fe03e\" data-element_type=\"container\">\n\t\t\t\t<div class=\"elementor-element elementor-element-f9f7123 elementor-widget elementor-widget-image\" data-id=\"f9f7123\" data-element_type=\"widget\" data-widget_type=\"image.default\">\n\t\t\t\t<div class=\"elementor-widget-container\">\n\t\t\t\t\t\t\t\t\t\t\t\t\t\t\t\t<a href=\"\/es\/cenotes\/cenote-kankirixche\/\">\n\t\t\t\t\t\t\t<img decoding=\"async\" width=\"1080\" height=\"810\" src=\"https:\/\/yucatandivecrew.com\/wp-content\/uploads\/2023\/07\/cenote_kankirixe.jpeg\" class=\"attachment-full size-full wp-image-821\" alt=\"cenote Kankirixch\u00e9\" srcset=\"https:\/\/yucatandivecrew.com\/wp-content\/uploads\/2023\/07\/cenote_kankirixe.jpeg 1080w, https:\/\/yucatandivecrew.com\/wp-content\/uploads\/2023\/07\/cenote_kankirixe-300x225.jpeg 300w, https:\/\/yucatandivecrew.com\/wp-content\/uploads\/2023\/07\/cenote_kankirixe-1024x768.jpeg 1024w, https:\/\/yucatandivecrew.com\/wp-content\/uploads\/2023\/07\/cenote_kankirixe-768x576.jpeg 768w\" sizes=\"(max-width: 1080px) 100vw, 1080px\" \/>\t\t\t\t\t\t\t\t<\/a>\n\t\t\t\t\t\t\t\t\t\t\t\t\t\t\t<\/div>\n\t\t\t\t<\/div>\n\t\t\t\t<div class=\"elementor-element elementor-element-6c6c4f2a elementor-widget elementor-widget-text-editor\" data-id=\"6c6c4f2a\" data-element_type=\"widget\" data-widget_type=\"text-editor.default\">\n\t\t\t\t<div class=\"elementor-widget-container\">\n\t\t\t\t\t\t\t\t\t<h4>Cenote Kankirixch\u00e9<\/h4><p>Ingrese al mundo m\u00e1gico del cenote Kankirixche, un gran cenote cavernoso subterr\u00e1neo rodeado de formaciones de estalactitas y ra\u00edces de \u00e1rboles que se adentran en las aguas claras y frescas.<\/p>\t\t\t\t\t\t\t\t<\/div>\n\t\t\t\t<\/div>\n\t\t\t\t<\/div>\n\t\t<div class=\"elementor-element elementor-element-361acb79 e-con-full e-flex e-con e-parent\" data-id=\"361acb79\" data-element_type=\"container\">\n\t\t\t\t<div class=\"elementor-element elementor-element-45f6c518 elementor-widget elementor-widget-image\" data-id=\"45f6c518\" data-element_type=\"widget\" data-widget_type=\"image.default\">\n\t\t\t\t<div class=\"elementor-widget-container\">\n\t\t\t\t\t\t\t\t\t\t\t\t\t\t\t\t<a href=\"https:\/\/yucatandivecrew.com\/es\/sitios-de-buceo\/cenote-yaal-utzil\/\">\n\t\t\t\t\t\t\t<img loading=\"lazy\" decoding=\"async\" width=\"1080\" height=\"1079\" src=\"https:\/\/yucatandivecrew.com\/wp-content\/uploads\/2023\/07\/Cenote-Yaal-Utzil.jpeg\" class=\"attachment-full size-full wp-image-826\" alt=\"Cenote Yaal Utzil foto\" srcset=\"https:\/\/yucatandivecrew.com\/wp-content\/uploads\/2023\/07\/Cenote-Yaal-Utzil.jpeg 1080w, https:\/\/yucatandivecrew.com\/wp-content\/uploads\/2023\/07\/Cenote-Yaal-Utzil-300x300.jpeg 300w, https:\/\/yucatandivecrew.com\/wp-content\/uploads\/2023\/07\/Cenote-Yaal-Utzil-1024x1024.jpeg 1024w, https:\/\/yucatandivecrew.com\/wp-content\/uploads\/2023\/07\/Cenote-Yaal-Utzil-150x150.jpeg 150w, https:\/\/yucatandivecrew.com\/wp-content\/uploads\/2023\/07\/Cenote-Yaal-Utzil-768x767.jpeg 768w\" sizes=\"(max-width: 1080px) 100vw, 1080px\" \/>\t\t\t\t\t\t\t\t<\/a>\n\t\t\t\t\t\t\t\t\t\t\t\t\t\t\t<\/div>\n\t\t\t\t<\/div>\n\t\t\t\t<div class=\"elementor-element elementor-element-5c3d1a50 elementor-widget elementor-widget-text-editor\" data-id=\"5c3d1a50\" data-element_type=\"widget\" data-widget_type=\"text-editor.default\">\n\t\t\t\t<div class=\"elementor-widget-container\">\n\t\t\t\t\t\t\t\t\t<h4>Cenote Yaal Utzil<\/h4><p>Este cenote abierto ofrece una impresionante vista panor\u00e1mica a trav\u00e9s de su entrada. Descienda una escalera de piedra de 20 metros hacia las tentadoras aguas azules que se extienden a lo largo de 5 metros por 25 metros de ancho.<\/p>\t\t\t\t\t\t\t\t<\/div>\n\t\t\t\t<\/div>\n\t\t\t\t<\/div>\n\t\t\t\t\t<\/div>\n\t\t\t\t<\/div>\n\t\t\t\t\t<\/div>\n\t\t\t\t<\/div>\n\t\t\t\t<\/div>","protected":false},"excerpt":{"rendered":"<p>Cenote Nah-Yah Cenote Nah-Yah es un cenote semiabierto lleno de agua incre\u00edblemente azul. El rayo de luz que atraviesa el cenote crea una vista espectacular que te dejar\u00e1 asombrado. Este cenote semiabierto presenta un descenso espectacular, ofreciendo una ca\u00edda vertical de 9 metros (30 pies) hacia aguas cristalinas. El tragaluz natural refleja la superficie del agua [\u2026]<\/p>","protected":false},"author":1,"featured_media":822,"parent":24,"menu_order":0,"comment_status":"closed","ping_status":"closed","template":"","meta":{"_acf_changed":false,"om_disable_all_campaigns":false,"_joinchat":[],"footnotes":""},"class_list":["post-918","page","type-page","status-publish","has-post-thumbnail","hentry"],"acf":[],"yoast_head":"<!-- This site is optimized with the Yoast SEO plugin v26.8 - https:\/\/yoast.com\/product\/yoast-seo-wordpress\/ -->\n<title>Cenote Nah-Yah | Yucatan, Mexico<\/title>\n<meta name=\"description\" content=\"Everything you need to know about Cenote Nah-Yah - filled with incredibly blue water, and a view that will leave you awestruck.\" \/>\n<meta name=\"robots\" content=\"index, follow, max-snippet:-1, max-image-preview:large, max-video-preview:-1\" \/>\n<link rel=\"canonical\" href=\"https:\/\/yucatandivecrew.com\/es\/sitios-de-buceo\/cenote-no-yah\/\" \/>\n<meta property=\"og:locale\" content=\"es_MX\" \/>\n<meta property=\"og:type\" content=\"article\" \/>\n<meta property=\"og:title\" content=\"Cenote Nah-Yah | Yucatan, Mexico\" \/>\n<meta property=\"og:description\" content=\"Everything you need to know about Cenote Nah-Yah - filled with incredibly blue water, and a view that will leave you awestruck.\" \/>\n<meta property=\"og:url\" content=\"https:\/\/yucatandivecrew.com\/es\/sitios-de-buceo\/cenote-no-yah\/\" \/>\n<meta property=\"og:site_name\" content=\"Yucatan Dive Crew\" \/>\n<meta property=\"article:publisher\" content=\"https:\/\/www.facebook.com\/yucatandivecrew\" \/>\n<meta property=\"article:modified_time\" content=\"2023-07-31T21:44:49+00:00\" \/>\n<meta property=\"og:image\" content=\"https:\/\/yucatandivecrew.com\/wp-content\/uploads\/2023\/07\/cenote_nahyah.jpeg\" \/>\n\t<meta property=\"og:image:width\" content=\"1080\" \/>\n\t<meta property=\"og:image:height\" content=\"1080\" \/>\n\t<meta property=\"og:image:type\" content=\"image\/jpeg\" \/>\n<meta name=\"twitter:card\" content=\"summary_large_image\" \/>\n<meta name=\"twitter:label1\" content=\"Tiempo de lectura\" \/>\n\t<meta name=\"twitter:data1\" content=\"2 minutos\" \/>\n<script type=\"application\/ld+json\" class=\"yoast-schema-graph\">{\"@context\":\"https:\/\/schema.org\",\"@graph\":[{\"@type\":\"WebPage\",\"@id\":\"https:\/\/yucatandivecrew.com\/dive-sites\/cenote-nah-yah\/\",\"url\":\"https:\/\/yucatandivecrew.com\/dive-sites\/cenote-nah-yah\/\",\"name\":\"Cenote Nah-Yah | Yucatan, Mexico\",\"isPartOf\":{\"@id\":\"https:\/\/yucatandivecrew.com\/#website\"},\"primaryImageOfPage\":{\"@id\":\"https:\/\/yucatandivecrew.com\/dive-sites\/cenote-nah-yah\/#primaryimage\"},\"image\":{\"@id\":\"https:\/\/yucatandivecrew.com\/dive-sites\/cenote-nah-yah\/#primaryimage\"},\"thumbnailUrl\":\"https:\/\/yucatandivecrew.com\/wp-content\/uploads\/2023\/07\/cenote_nahyah.jpeg\",\"datePublished\":\"2023-07-21T15:56:00+00:00\",\"dateModified\":\"2023-07-31T21:44:49+00:00\",\"description\":\"Everything you need to know about Cenote Nah-Yah - filled with incredibly blue water, and a view that will leave you awestruck.\",\"breadcrumb\":{\"@id\":\"https:\/\/yucatandivecrew.com\/dive-sites\/cenote-nah-yah\/#breadcrumb\"},\"inLanguage\":\"es\",\"potentialAction\":[{\"@type\":\"ReadAction\",\"target\":[\"https:\/\/yucatandivecrew.com\/dive-sites\/cenote-nah-yah\/\"]}]},{\"@type\":\"ImageObject\",\"inLanguage\":\"es\",\"@id\":\"https:\/\/yucatandivecrew.com\/dive-sites\/cenote-nah-yah\/#primaryimage\",\"url\":\"https:\/\/yucatandivecrew.com\/wp-content\/uploads\/2023\/07\/cenote_nahyah.jpeg\",\"contentUrl\":\"https:\/\/yucatandivecrew.com\/wp-content\/uploads\/2023\/07\/cenote_nahyah.jpeg\",\"width\":1080,\"height\":1080,\"caption\":\"cenote_nahyah\"},{\"@type\":\"BreadcrumbList\",\"@id\":\"https:\/\/yucatandivecrew.com\/dive-sites\/cenote-nah-yah\/#breadcrumb\",\"itemListElement\":[{\"@type\":\"ListItem\",\"position\":1,\"name\":\"Inicio\",\"item\":\"https:\/\/yucatandivecrew.com\/\"},{\"@type\":\"ListItem\",\"position\":2,\"name\":\"Dive Sites\",\"item\":\"https:\/\/yucatandivecrew.com\/dive-sites\/\"},{\"@type\":\"ListItem\",\"position\":3,\"name\":\"Cenote Nah-Yah\"}]},{\"@type\":\"WebSite\",\"@id\":\"https:\/\/yucatandivecrew.com\/#website\",\"url\":\"https:\/\/yucatandivecrew.com\/\",\"name\":\"Yucatan Dive Crew\",\"description\":\"\",\"publisher\":{\"@id\":\"https:\/\/yucatandivecrew.com\/#organization\"},\"potentialAction\":[{\"@type\":\"SearchAction\",\"target\":{\"@type\":\"EntryPoint\",\"urlTemplate\":\"https:\/\/yucatandivecrew.com\/?s={search_term_string}\"},\"query-input\":{\"@type\":\"PropertyValueSpecification\",\"valueRequired\":true,\"valueName\":\"search_term_string\"}}],\"inLanguage\":\"es\"},{\"@type\":\"Organization\",\"@id\":\"https:\/\/yucatandivecrew.com\/#organization\",\"name\":\"Yucatan Dive Crew\",\"url\":\"https:\/\/yucatandivecrew.com\/\",\"logo\":{\"@type\":\"ImageObject\",\"inLanguage\":\"es\",\"@id\":\"https:\/\/yucatandivecrew.com\/#\/schema\/logo\/image\/\",\"url\":\"https:\/\/yucatandivecrew.com\/wp-content\/uploads\/2023\/06\/yucatan-dive-crew.svg\",\"contentUrl\":\"https:\/\/yucatandivecrew.com\/wp-content\/uploads\/2023\/06\/yucatan-dive-crew.svg\",\"width\":157,\"height\":60,\"caption\":\"Yucatan Dive Crew\"},\"image\":{\"@id\":\"https:\/\/yucatandivecrew.com\/#\/schema\/logo\/image\/\"},\"sameAs\":[\"https:\/\/www.facebook.com\/yucatandivecrew\",\"https:\/\/www.instagram.com\/yucatandivecrew\/\",\"https:\/\/www.youtube.com\/@YucatanDiveCrew\/\",\"https:\/\/www.tiktok.com\/@yucatandivecrew\"]}]}<\/script>\n<!-- \/ Yoast SEO plugin. -->","yoast_head_json":{"title":"Cenote Nah-Yah | Yucat\u00e1n, M\u00e9xico","description":"Todo lo que necesitas saber sobre el cenote Nah-Yah: lleno de agua incre\u00edblemente azul y una vista que te dejar\u00e1 asombrado.","robots":{"index":"index","follow":"follow","max-snippet":"max-snippet:-1","max-image-preview":"max-image-preview:large","max-video-preview":"max-video-preview:-1"},"canonical":"https:\/\/yucatandivecrew.com\/es\/sitios-de-buceo\/cenote-no-yah\/","og_locale":"es_MX","og_type":"article","og_title":"Cenote Nah-Yah | Yucatan, Mexico","og_description":"Everything you need to know about Cenote Nah-Yah - filled with incredibly blue water, and a view that will leave you awestruck.","og_url":"https:\/\/yucatandivecrew.com\/es\/sitios-de-buceo\/cenote-no-yah\/","og_site_name":"Yucatan Dive Crew","article_publisher":"https:\/\/www.facebook.com\/yucatandivecrew","article_modified_time":"2023-07-31T21:44:49+00:00","og_image":[{"width":1080,"height":1080,"url":"https:\/\/yucatandivecrew.com\/wp-content\/uploads\/2023\/07\/cenote_nahyah.jpeg","type":"image\/jpeg"}],"twitter_card":"summary_large_image","twitter_misc":{"Tiempo de lectura":"2 minutos"},"schema":{"@context":"https:\/\/schema.org","@graph":[{"@type":"WebPage","@id":"https:\/\/yucatandivecrew.com\/dive-sites\/cenote-nah-yah\/","url":"https:\/\/yucatandivecrew.com\/dive-sites\/cenote-nah-yah\/","name":"Cenote Nah-Yah | Yucat\u00e1n, M\u00e9xico","isPartOf":{"@id":"https:\/\/yucatandivecrew.com\/#website"},"primaryImageOfPage":{"@id":"https:\/\/yucatandivecrew.com\/dive-sites\/cenote-nah-yah\/#primaryimage"},"image":{"@id":"https:\/\/yucatandivecrew.com\/dive-sites\/cenote-nah-yah\/#primaryimage"},"thumbnailUrl":"https:\/\/yucatandivecrew.com\/wp-content\/uploads\/2023\/07\/cenote_nahyah.jpeg","datePublished":"2023-07-21T15:56:00+00:00","dateModified":"2023-07-31T21:44:49+00:00","description":"Todo lo que necesitas saber sobre el cenote Nah-Yah: lleno de agua incre\u00edblemente azul y una vista que te dejar\u00e1 asombrado.","breadcrumb":{"@id":"https:\/\/yucatandivecrew.com\/dive-sites\/cenote-nah-yah\/#breadcrumb"},"inLanguage":"es","potentialAction":[{"@type":"ReadAction","target":["https:\/\/yucatandivecrew.com\/dive-sites\/cenote-nah-yah\/"]}]},{"@type":"ImageObject","inLanguage":"es","@id":"https:\/\/yucatandivecrew.com\/dive-sites\/cenote-nah-yah\/#primaryimage","url":"https:\/\/yucatandivecrew.com\/wp-content\/uploads\/2023\/07\/cenote_nahyah.jpeg","contentUrl":"https:\/\/yucatandivecrew.com\/wp-content\/uploads\/2023\/07\/cenote_nahyah.jpeg","width":1080,"height":1080,"caption":"cenote_nahyah"},{"@type":"BreadcrumbList","@id":"https:\/\/yucatandivecrew.com\/dive-sites\/cenote-nah-yah\/#breadcrumb","itemListElement":[{"@type":"ListItem","position":1,"name":"Inicio","item":"https:\/\/yucatandivecrew.com\/"},{"@type":"ListItem","position":2,"name":"Dive Sites","item":"https:\/\/yucatandivecrew.com\/dive-sites\/"},{"@type":"ListItem","position":3,"name":"Cenote Nah-Yah"}]},{"@type":"WebSite","@id":"https:\/\/yucatandivecrew.com\/#website","url":"https:\/\/yucatandivecrew.com\/","name":"Yucatan Dive Crew","description":"","publisher":{"@id":"https:\/\/yucatandivecrew.com\/#organization"},"potentialAction":[{"@type":"SearchAction","target":{"@type":"EntryPoint","urlTemplate":"https:\/\/yucatandivecrew.com\/?s={search_term_string}"},"query-input":{"@type":"PropertyValueSpecification","valueRequired":true,"valueName":"search_term_string"}}],"inLanguage":"es"},{"@type":"Organization","@id":"https:\/\/yucatandivecrew.com\/#organization","name":"Yucatan Dive Crew","url":"https:\/\/yucatandivecrew.com\/","logo":{"@type":"ImageObject","inLanguage":"es","@id":"https:\/\/yucatandivecrew.com\/#\/schema\/logo\/image\/","url":"https:\/\/yucatandivecrew.com\/wp-content\/uploads\/2023\/06\/yucatan-dive-crew.svg","contentUrl":"https:\/\/yucatandivecrew.com\/wp-content\/uploads\/2023\/06\/yucatan-dive-crew.svg","width":157,"height":60,"caption":"Yucatan Dive Crew"},"image":{"@id":"https:\/\/yucatandivecrew.com\/#\/schema\/logo\/image\/"},"sameAs":["https:\/\/www.facebook.com\/yucatandivecrew","https:\/\/www.instagram.com\/yucatandivecrew\/","https:\/\/www.youtube.com\/@YucatanDiveCrew\/","https:\/\/www.tiktok.com\/@yucatandivecrew"]}]}},"_links":{"self":[{"href":"https:\/\/yucatandivecrew.com\/es\/wp-json\/wp\/v2\/pages\/918","targetHints":{"allow":["GET"]}}],"collection":[{"href":"https:\/\/yucatandivecrew.com\/es\/wp-json\/wp\/v2\/pages"}],"about":[{"href":"https:\/\/yucatandivecrew.com\/es\/wp-json\/wp\/v2\/types\/page"}],"author":[{"embeddable":true,"href":"https:\/\/yucatandivecrew.com\/es\/wp-json\/wp\/v2\/users\/1"}],"replies":[{"embeddable":true,"href":"https:\/\/yucatandivecrew.com\/es\/wp-json\/wp\/v2\/comments?post=918"}],"version-history":[{"count":0,"href":"https:\/\/yucatandivecrew.com\/es\/wp-json\/wp\/v2\/pages\/918\/revisions"}],"up":[{"embeddable":true,"href":"https:\/\/yucatandivecrew.com\/es\/wp-json\/wp\/v2\/pages\/24"}],"wp:featuredmedia":[{"embeddable":true,"href":"https:\/\/yucatandivecrew.com\/es\/wp-json\/wp\/v2\/media\/822"}],"wp:attachment":[{"href":"https:\/\/yucatandivecrew.com\/es\/wp-json\/wp\/v2\/media?parent=918"}],"curies":[{"name":"Gracias","href":"https:\/\/api.w.org\/{rel}","templated":true}]}}