{"id":402,"date":"2023-07-12T14:51:57","date_gmt":"2023-07-12T14:51:57","guid":{"rendered":"https:\/\/yucatandivecrew.com\/?page_id=402"},"modified":"2023-08-07T16:07:35","modified_gmt":"2023-08-07T16:07:35","slug":"terminos-y-condiciones","status":"publish","type":"page","link":"https:\/\/yucatandivecrew.com\/es\/terminos-y-condiciones\/","title":{"rendered":"T\u00e9rminos y Condiciones"},"content":{"rendered":"<div data-elementor-type=\"wp-page\" data-elementor-id=\"402\" class=\"elementor elementor-402\" data-elementor-post-type=\"page\">\n\t\t\t\t<div class=\"elementor-element elementor-element-87f1836 e-flex e-con-boxed e-con e-parent\" data-id=\"87f1836\" data-element_type=\"container\">\n\t\t\t\t\t<div class=\"e-con-inner\">\n\t\t\t\t<div class=\"elementor-element elementor-element-0a83d9a elementor-widget elementor-widget-text-editor\" data-id=\"0a83d9a\" data-element_type=\"widget\" data-widget_type=\"text-editor.default\">\n\t\t\t\t<div class=\"elementor-widget-container\">\n\t\t\t\t\t\t\t\t\t<p><\/p>\n<h1 class=\"wp-block-heading\">T\u00e9rminos y condiciones<\/h1>\n<h4 class=\"wp-block-heading\">Por favor revise nuestras Pol\u00edticas antes de reservar sus inmersiones. Si tiene alguna pregunta con respecto a cualquier cosa indicada, no dude en contactarnos.<\/h4>\n<p><\/p>\n<h4 class=\"wp-block-heading\">Estaremos encantados de revisar cualquiera de sus preguntas o inquietudes.<\/h4>\n<p><\/p>\n<p><em>Al confirmar su reserva, acepta todos los t\u00e9rminos y condiciones a continuaci\u00f3n.<\/em><\/p>\n<p><\/p>\n<h4 class=\"wp-block-heading\"><b>Precios y reservas<\/b><\/h4>\n<p><\/p>\n<ul class=\"wp-block-list\"><p><\/p>\n<li>Todos los precios est\u00e1n en Pesos MXN. .<\/li>\n<p><\/p>\n<li>Las confirmaciones de reserva requieren un dep\u00f3sito de 50% o 100% si la reserva se realiza dentro de un per\u00edodo de 14 d\u00edas, a menos que se indique lo contrario.&nbsp;<\/li>\n<p><\/p>\n<li>Las reservas se consideran confirmadas tras la confirmaci\u00f3n de la recepci\u00f3n del dep\u00f3sito.<\/li>\n<p><\/p>\n<li>El saldo de pago se debe a la llegada el primer d\u00eda de su viaje.<\/li>\n<p><\/p>\n<li>Aceptamos pagos en: Pesos Mexicanos a tasa de mercado diario, Tarjetas de Cr\u00e9dito y Paypal (tarifa de procesamiento de tarjeta 5%).<\/li>\n<p><\/p>\n<li>Todos los precios cotizados est\u00e1n sujetos a cambios y disponibilidad hasta que se haya realizado el pago.<\/li>\n<p><\/p><\/ul>\n<p><\/p>\n<h4 class=\"wp-block-heading\"><b>Pol\u00edtica de cancelaci\u00f3n<\/b><\/h4>\n<p><\/p>\n<ul class=\"wp-block-list\"><p><\/p>\n<li>Un dep\u00f3sito de 50% por adelantado es obligatorio para todas las actividades de buceo.&nbsp;<\/li>\n<p><\/p>\n<li>Puede reembolsar su dep\u00f3sito 72 horas antes de su reserva programada, dentro de las 72 horas no es reembolsable.&nbsp;<\/li>\n<p><\/p>\n<li>De acuerdo con las instrucciones del Cuestionario m\u00e9dico, si no se puede proporcionar una autorizaci\u00f3n m\u00e9dica de un m\u00e9dico despu\u00e9s de una respuesta S\u00cd antes de su salida, no se le permitir\u00e1 participar en la excursi\u00f3n.<br>El incumplimiento de lo anterior no es motivo de devoluci\u00f3n, parcial ni total.<\/li>\n<p><\/p>\n<li>El buceo, especialmente el buceo t\u00e9cnico y en cuevas, es una actividad que requiere un grado razonable de condici\u00f3n f\u00edsica y la ausencia de problemas m\u00e9dicos que puedan tener un efecto perjudicial en la seguridad del buceo. Si un buzo presenta problemas m\u00e9dicos obvios que no se han informado en el cuestionario m\u00e9dico y\/o no han sido aprobados como seguros para el buceo por un m\u00e9dico calificado, nos reservamos el derecho de cancelar cualquier actividad de buceo y entrenamiento planificada para ese buzo. En ese caso, no se otorgar\u00e1 ning\u00fan reembolso, parcial o total.<\/li>\n<p><\/p>\n<li>El horario puede ser adaptado y sujeto a cambios debido a log\u00edstica, disponibilidad y condiciones clim\u00e1ticas. Dichas modificaciones no son motivo de reembolso si se ofrecen opciones de buceo alternativas.<\/li>\n<p><\/p>\n<li>Si las condiciones clim\u00e1ticas obligan a cancelar y no se puede ofrecer una alternativa de buceo, se otorgar\u00e1 un reembolso completo.<\/li>\n<p><\/p><\/ul>\n<p><\/p>\n<h4 class=\"wp-block-heading\"><b>Pol\u00edtica de buceo<\/b><\/h4>\n<p><\/p>\n<ul class=\"wp-block-list\"><p><\/p>\n<li>Todos los buzos certificados deben mostrar prueba de su certificaci\u00f3n de buceo de una agencia de capacitaci\u00f3n reconocida.<\/li>\n<p><\/p>\n<li>Todos los buzos deben completar la Liberaci\u00f3n de responsabilidad general digital, la Asunci\u00f3n expresa de riesgo y el Cuestionario m\u00e9dico antes de la llegada. Hacer clic <strong>AQU\u00cd<\/strong> para revisar los documentos antes de su reserva para confirmar que cumple con los requisitos.<\/li>\n<p><\/p>\n<li>Si la Liberaci\u00f3n de responsabilidad general, la Asunci\u00f3n expresa de riesgo y el Cuestionario m\u00e9dico no se completan antes de su salida, no se le permitir\u00e1 participar en la excursi\u00f3n.<\/li>\n<p><\/p>\n<li>Cualquier buceo por encima de la cabeza es un tipo avanzado de buceo que requiere un buen control y conciencia de la flotabilidad.<\/li>\n<p><\/p>\n<li>Si bien estamos planificando todas las inmersiones de acuerdo con la experiencia del buzo, queda a discreci\u00f3n de nuestros gu\u00edas e instructores de cuevas\/cavernas\/oc\u00e9anos evaluar la capacidad de una persona para continuar, ajustar o finalizar el plan de buceo y\/o la inmersi\u00f3n para el buzo. seguridad y conservaci\u00f3n del sitio de buceo.<\/li>\n<p><\/p><\/ul>\n<p><\/p>\n<h4 class=\"wp-block-heading\"><b>C\u00e1maras<\/b><\/h4>\n<p><\/p>\n<ul class=\"wp-block-list\"><p><\/p>\n<li>Tenga en cuenta que todas las experiencias de buceo en cenotes ocurren en terrenos de propiedad privada, por lo tanto, los propietarios establecen sus propias reglas. Las c\u00e1maras est\u00e1n permitidas en la mayor\u00eda de los cenotes, sin embargo, algunos pedir\u00e1n un cargo por cubrir su uso bajo el agua, y algunos no las permiten en absoluto. Esta tarifa de c\u00e1mara va exclusivamente a los propietarios de la tierra. Tenga la amabilidad de informarnos si el uso de la c\u00e1mara es una prioridad para usted para que podamos planificar las inmersiones en consecuencia y asesorarle sobre el costo adicional.<\/li>\n<p><\/p>\n<li>Queda a discreci\u00f3n de nuestros gu\u00edas e instructores evaluar la capacidad de una persona para usar una c\u00e1mara y prohibir su uso para la seguridad del buzo y la conservaci\u00f3n del sitio de buceo.<\/li>\n<p><\/p><\/ul>\n<p><\/p>\n<h4 class=\"wp-block-heading\"><b>Solo estudiantes<\/b><\/h4>\n<p><\/p>\n<ul class=\"wp-block-list\"><p><\/p>\n<li>Los estudiantes reciben videos y materiales de capacitaci\u00f3n para practicar y prepararse para su clase. Se espera que est\u00e9n listos para la clase que han reservado y demuestren los requisitos de rendimiento previos que se les comunicaron. Si un estudiante no puede hacerlo en su primer d\u00eda, no ser\u00e1 aceptado para comenzar el programa previsto. Sus tarifas y d\u00edas reservados se acreditar\u00e1n para programas de capacitaci\u00f3n alternativos y\/o inmersiones guiadas. La falta de preparaci\u00f3n para iniciar el programa previsto no es motivo de reembolso, parcial o total.<\/li>\n<p><\/p>\n<li>Los estudiantes pagan por un curso, pero se deben obtener certificaciones.<\/li>\n<p><\/p>\n<li>Haremos todo lo posible para que sus habilidades y conocimientos est\u00e9n a la altura, y si esto significa inmersiones adicionales o sesiones acad\u00e9micas, que as\u00ed sea (se aplicar\u00e1 una tarifa adicional si es necesario).<\/li>\n<p><\/p>\n<li>Recomendamos a nuestros estudiantes que planifiquen al menos 2 d\u00edas adicionales para recuperarse \/ condiciones clim\u00e1ticas \/ enfermedad \/ recesos a mitad de curso u otros eventos imprevistos.<\/li>\n<p><\/p><\/ul>\n<p><\/p>\n<h4 class=\"wp-block-heading\"><b>Almacenamiento de equipos<\/b><\/h4>\n<p><\/p>\n<ul class=\"wp-block-list\"><p><\/p>\n<li>Estaremos encantados de mantener su equipo en nuestro almac\u00e9n durante la duraci\u00f3n de su viaje de buceo con nosotros.<\/li>\n<p><\/p>\n<li>Si elige hacerlo, los buzos aceptan que nuestra empresa no asume la responsabilidad de p\u00e9rdida, da\u00f1o o robo que pueda ocurrir a su equipo.<\/li>\n<p><\/p><\/ul>\n<p><\/p>\t\t\t\t\t\t\t\t<\/div>\n\t\t\t\t<\/div>\n\t\t\t\t\t<\/div>\n\t\t\t\t<\/div>\n\t\t\t\t<\/div>","protected":false},"excerpt":{"rendered":"<p>T\u00e9rminos y condiciones Revise nuestras Pol\u00edticas antes de reservar sus inmersiones. Si tiene alguna pregunta sobre lo indicado, no dude en contactarnos. Estaremos encantados de atender cualquiera de sus preguntas o inquietudes. Al confirmar su reserva, acepta todos los t\u00e9rminos y condiciones a continuaci\u00f3n. Precios y cancelaci\u00f3n de reservas [\u2026]<\/p>","protected":false},"author":1,"featured_media":0,"parent":0,"menu_order":0,"comment_status":"closed","ping_status":"closed","template":"","meta":{"_acf_changed":false,"om_disable_all_campaigns":false,"_joinchat":[],"footnotes":""},"class_list":["post-402","page","type-page","status-publish","hentry"],"acf":[],"yoast_head":"<!-- This site is optimized with the Yoast SEO plugin v26.8 - https:\/\/yoast.com\/product\/yoast-seo-wordpress\/ -->\n<title>Terms &amp; Conditions - Yucatan Dive Crew<\/title>\n<meta name=\"description\" content=\"Explore the Terms and Conditions at Yucatan Dive Crew to understand the guidelines governing the use of our website and services.\" \/>\n<meta name=\"robots\" content=\"index, follow, max-snippet:-1, max-image-preview:large, max-video-preview:-1\" \/>\n<link rel=\"canonical\" href=\"https:\/\/yucatandivecrew.com\/es\/terminos-y-condiciones\/\" \/>\n<meta property=\"og:locale\" content=\"es_MX\" \/>\n<meta property=\"og:type\" content=\"article\" \/>\n<meta property=\"og:title\" content=\"Terms &amp; Conditions - Yucatan Dive Crew\" \/>\n<meta property=\"og:description\" content=\"Explore the Terms and Conditions at Yucatan Dive Crew to understand the guidelines governing the use of our website and services.\" \/>\n<meta property=\"og:url\" content=\"https:\/\/yucatandivecrew.com\/es\/terminos-y-condiciones\/\" \/>\n<meta property=\"og:site_name\" content=\"Yucatan Dive Crew\" \/>\n<meta property=\"article:publisher\" content=\"https:\/\/www.facebook.com\/yucatandivecrew\" \/>\n<meta property=\"article:modified_time\" content=\"2023-08-07T16:07:35+00:00\" \/>\n<meta name=\"twitter:card\" content=\"summary_large_image\" \/>\n<meta name=\"twitter:label1\" content=\"Tiempo de lectura\" \/>\n\t<meta name=\"twitter:data1\" content=\"4 minutos\" \/>\n<script type=\"application\/ld+json\" class=\"yoast-schema-graph\">{\"@context\":\"https:\/\/schema.org\",\"@graph\":[{\"@type\":\"WebPage\",\"@id\":\"https:\/\/yucatandivecrew.com\/terms-conditions\/\",\"url\":\"https:\/\/yucatandivecrew.com\/terms-conditions\/\",\"name\":\"Terms & Conditions - Yucatan Dive Crew\",\"isPartOf\":{\"@id\":\"https:\/\/yucatandivecrew.com\/#website\"},\"datePublished\":\"2023-07-12T14:51:57+00:00\",\"dateModified\":\"2023-08-07T16:07:35+00:00\",\"description\":\"Explore the Terms and Conditions at Yucatan Dive Crew to understand the guidelines governing the use of our website and services.\",\"breadcrumb\":{\"@id\":\"https:\/\/yucatandivecrew.com\/terms-conditions\/#breadcrumb\"},\"inLanguage\":\"es\",\"potentialAction\":[{\"@type\":\"ReadAction\",\"target\":[\"https:\/\/yucatandivecrew.com\/terms-conditions\/\"]}]},{\"@type\":\"BreadcrumbList\",\"@id\":\"https:\/\/yucatandivecrew.com\/terms-conditions\/#breadcrumb\",\"itemListElement\":[{\"@type\":\"ListItem\",\"position\":1,\"name\":\"Inicio\",\"item\":\"https:\/\/yucatandivecrew.com\/\"},{\"@type\":\"ListItem\",\"position\":2,\"name\":\"Terms &#038; Conditions\"}]},{\"@type\":\"WebSite\",\"@id\":\"https:\/\/yucatandivecrew.com\/#website\",\"url\":\"https:\/\/yucatandivecrew.com\/\",\"name\":\"Yucatan Dive Crew\",\"description\":\"\",\"publisher\":{\"@id\":\"https:\/\/yucatandivecrew.com\/#organization\"},\"potentialAction\":[{\"@type\":\"SearchAction\",\"target\":{\"@type\":\"EntryPoint\",\"urlTemplate\":\"https:\/\/yucatandivecrew.com\/?s={search_term_string}\"},\"query-input\":{\"@type\":\"PropertyValueSpecification\",\"valueRequired\":true,\"valueName\":\"search_term_string\"}}],\"inLanguage\":\"es\"},{\"@type\":\"Organization\",\"@id\":\"https:\/\/yucatandivecrew.com\/#organization\",\"name\":\"Yucatan Dive Crew\",\"url\":\"https:\/\/yucatandivecrew.com\/\",\"logo\":{\"@type\":\"ImageObject\",\"inLanguage\":\"es\",\"@id\":\"https:\/\/yucatandivecrew.com\/#\/schema\/logo\/image\/\",\"url\":\"https:\/\/yucatandivecrew.com\/wp-content\/uploads\/2023\/06\/yucatan-dive-crew.svg\",\"contentUrl\":\"https:\/\/yucatandivecrew.com\/wp-content\/uploads\/2023\/06\/yucatan-dive-crew.svg\",\"width\":157,\"height\":60,\"caption\":\"Yucatan Dive Crew\"},\"image\":{\"@id\":\"https:\/\/yucatandivecrew.com\/#\/schema\/logo\/image\/\"},\"sameAs\":[\"https:\/\/www.facebook.com\/yucatandivecrew\",\"https:\/\/www.instagram.com\/yucatandivecrew\/\",\"https:\/\/www.youtube.com\/@YucatanDiveCrew\/\",\"https:\/\/www.tiktok.com\/@yucatandivecrew\"]}]}<\/script>\n<!-- \/ Yoast SEO plugin. -->","yoast_head_json":{"title":"T\u00e9rminos y Condiciones - Yucatan Dive Crew","description":"Explore los T\u00e9rminos y condiciones en Yucatan Dive Crew para comprender las pautas que rigen el uso de nuestro sitio web y servicios.","robots":{"index":"index","follow":"follow","max-snippet":"max-snippet:-1","max-image-preview":"max-image-preview:large","max-video-preview":"max-video-preview:-1"},"canonical":"https:\/\/yucatandivecrew.com\/es\/terminos-y-condiciones\/","og_locale":"es_MX","og_type":"article","og_title":"Terms & Conditions - Yucatan Dive Crew","og_description":"Explore the Terms and Conditions at Yucatan Dive Crew to understand the guidelines governing the use of our website and services.","og_url":"https:\/\/yucatandivecrew.com\/es\/terminos-y-condiciones\/","og_site_name":"Yucatan Dive Crew","article_publisher":"https:\/\/www.facebook.com\/yucatandivecrew","article_modified_time":"2023-08-07T16:07:35+00:00","twitter_card":"summary_large_image","twitter_misc":{"Tiempo de lectura":"4 minutos"},"schema":{"@context":"https:\/\/schema.org","@graph":[{"@type":"WebPage","@id":"https:\/\/yucatandivecrew.com\/terms-conditions\/","url":"https:\/\/yucatandivecrew.com\/terms-conditions\/","name":"T\u00e9rminos y Condiciones - Yucatan Dive Crew","isPartOf":{"@id":"https:\/\/yucatandivecrew.com\/#website"},"datePublished":"2023-07-12T14:51:57+00:00","dateModified":"2023-08-07T16:07:35+00:00","description":"Explore los T\u00e9rminos y condiciones en Yucatan Dive Crew para comprender las pautas que rigen el uso de nuestro sitio web y servicios.","breadcrumb":{"@id":"https:\/\/yucatandivecrew.com\/terms-conditions\/#breadcrumb"},"inLanguage":"es","potentialAction":[{"@type":"ReadAction","target":["https:\/\/yucatandivecrew.com\/terms-conditions\/"]}]},{"@type":"BreadcrumbList","@id":"https:\/\/yucatandivecrew.com\/terms-conditions\/#breadcrumb","itemListElement":[{"@type":"ListItem","position":1,"name":"Inicio","item":"https:\/\/yucatandivecrew.com\/"},{"@type":"ListItem","position":2,"name":"Terms &#038; Conditions"}]},{"@type":"WebSite","@id":"https:\/\/yucatandivecrew.com\/#website","url":"https:\/\/yucatandivecrew.com\/","name":"Yucatan Dive Crew","description":"","publisher":{"@id":"https:\/\/yucatandivecrew.com\/#organization"},"potentialAction":[{"@type":"SearchAction","target":{"@type":"EntryPoint","urlTemplate":"https:\/\/yucatandivecrew.com\/?s={search_term_string}"},"query-input":{"@type":"PropertyValueSpecification","valueRequired":true,"valueName":"search_term_string"}}],"inLanguage":"es"},{"@type":"Organization","@id":"https:\/\/yucatandivecrew.com\/#organization","name":"Yucatan Dive Crew","url":"https:\/\/yucatandivecrew.com\/","logo":{"@type":"ImageObject","inLanguage":"es","@id":"https:\/\/yucatandivecrew.com\/#\/schema\/logo\/image\/","url":"https:\/\/yucatandivecrew.com\/wp-content\/uploads\/2023\/06\/yucatan-dive-crew.svg","contentUrl":"https:\/\/yucatandivecrew.com\/wp-content\/uploads\/2023\/06\/yucatan-dive-crew.svg","width":157,"height":60,"caption":"Yucatan Dive Crew"},"image":{"@id":"https:\/\/yucatandivecrew.com\/#\/schema\/logo\/image\/"},"sameAs":["https:\/\/www.facebook.com\/yucatandivecrew","https:\/\/www.instagram.com\/yucatandivecrew\/","https:\/\/www.youtube.com\/@YucatanDiveCrew\/","https:\/\/www.tiktok.com\/@yucatandivecrew"]}]}},"_links":{"self":[{"href":"https:\/\/yucatandivecrew.com\/es\/wp-json\/wp\/v2\/pages\/402","targetHints":{"allow":["GET"]}}],"collection":[{"href":"https:\/\/yucatandivecrew.com\/es\/wp-json\/wp\/v2\/pages"}],"about":[{"href":"https:\/\/yucatandivecrew.com\/es\/wp-json\/wp\/v2\/types\/page"}],"author":[{"embeddable":true,"href":"https:\/\/yucatandivecrew.com\/es\/wp-json\/wp\/v2\/users\/1"}],"replies":[{"embeddable":true,"href":"https:\/\/yucatandivecrew.com\/es\/wp-json\/wp\/v2\/comments?post=402"}],"version-history":[{"count":0,"href":"https:\/\/yucatandivecrew.com\/es\/wp-json\/wp\/v2\/pages\/402\/revisions"}],"wp:attachment":[{"href":"https:\/\/yucatandivecrew.com\/es\/wp-json\/wp\/v2\/media?parent=402"}],"curies":[{"name":"Gracias","href":"https:\/\/api.w.org\/{rel}","templated":true}]}}