{"id":26,"date":"2023-06-28T05:14:26","date_gmt":"2023-06-28T05:14:26","guid":{"rendered":"https:\/\/yucatandivecrew.com\/?page_id=26"},"modified":"2023-08-07T16:08:27","modified_gmt":"2023-08-07T16:08:27","slug":"sobre-nosotros","status":"publish","type":"page","link":"https:\/\/yucatandivecrew.com\/es\/sobre-nosotros\/","title":{"rendered":"Sobre Nosotros"},"content":{"rendered":"<div data-elementor-type=\"wp-page\" data-elementor-id=\"26\" class=\"elementor elementor-26\" data-elementor-post-type=\"page\">\n\t\t\t\t<div class=\"elementor-element elementor-element-c502c86 e-con-full e-flex e-con e-parent\" data-id=\"c502c86\" data-element_type=\"container\" data-settings=\"{&quot;background_background&quot;:&quot;classic&quot;,&quot;background_motion_fx_motion_fx_scrolling&quot;:&quot;yes&quot;,&quot;background_motion_fx_translateY_effect&quot;:&quot;yes&quot;,&quot;background_motion_fx_translateY_speed&quot;:{&quot;unit&quot;:&quot;px&quot;,&quot;size&quot;:4,&quot;sizes&quot;:[]},&quot;background_motion_fx_translateY_affectedRange&quot;:{&quot;unit&quot;:&quot;%&quot;,&quot;size&quot;:&quot;&quot;,&quot;sizes&quot;:{&quot;start&quot;:0,&quot;end&quot;:100}},&quot;background_motion_fx_devices&quot;:[&quot;desktop&quot;,&quot;tablet&quot;,&quot;mobile&quot;]}\">\n\t\t<div class=\"elementor-element elementor-element-86d737a e-flex e-con-boxed e-con e-parent\" data-id=\"86d737a\" data-element_type=\"container\">\n\t\t\t\t\t<div class=\"e-con-inner\">\n\t\t\t\t<div class=\"elementor-element elementor-element-7d3c367 elementor-widget elementor-widget-heading\" data-id=\"7d3c367\" data-element_type=\"widget\" data-widget_type=\"heading.default\">\n\t\t\t\t<div class=\"elementor-widget-container\">\n\t\t\t\t\t<h1 class=\"elementor-heading-title elementor-size-default\">Sobre Nosotros<\/h1>\t\t\t\t<\/div>\n\t\t\t\t<\/div>\n\t\t\t\t\t<\/div>\n\t\t\t\t<\/div>\n\t\t\t\t<\/div>\n\t\t<div class=\"elementor-element elementor-element-b5f2eac e-flex e-con-boxed e-con e-parent\" data-id=\"b5f2eac\" data-element_type=\"container\">\n\t\t\t\t\t<div class=\"e-con-inner\">\n\t\t<div class=\"elementor-element elementor-element-7499cd8 e-con-full e-flex e-con e-parent\" data-id=\"7499cd8\" data-element_type=\"container\">\n\t\t\t\t<div class=\"elementor-element elementor-element-ad96c49 elementor-widget elementor-widget-heading\" data-id=\"ad96c49\" data-element_type=\"widget\" data-widget_type=\"heading.default\">\n\t\t\t\t<div class=\"elementor-widget-container\">\n\t\t\t\t\t<h1 class=\"elementor-heading-title elementor-size-default\">Bienvenido a Yucatan Dive Crew<\/h1>\t\t\t\t<\/div>\n\t\t\t\t<\/div>\n\t\t\t\t<\/div>\n\t\t<div class=\"elementor-element elementor-element-c1ef100 e-con-full e-flex e-con e-parent\" data-id=\"c1ef100\" data-element_type=\"container\">\n\t\t\t\t<\/div>\n\t\t\t\t\t<\/div>\n\t\t\t\t<\/div>\n\t\t<div class=\"elementor-element elementor-element-08cf44c e-flex e-con-boxed e-con e-parent\" data-id=\"08cf44c\" data-element_type=\"container\">\n\t\t\t\t\t<div class=\"e-con-inner\">\n\t\t<div class=\"elementor-element elementor-element-5e730a7 e-con-full e-flex e-con e-parent\" data-id=\"5e730a7\" data-element_type=\"container\">\n\t\t\t\t<div class=\"elementor-element elementor-element-b012954 elementor-widget elementor-widget-text-editor\" data-id=\"b012954\" data-element_type=\"widget\" data-widget_type=\"text-editor.default\">\n\t\t\t\t<div class=\"elementor-widget-container\">\n\t\t\t\t\t\t\t\t\t<h4><span style=\"color: #0070e0;\">La puerta de entrada a su exploraci\u00f3n subacu\u00e1tico y una pr\u00f3spera comunidad de entusiastas del buceo.<\/span><\/h4><p><span style=\"font-weight: 400;\">Somos Rodrigo y Michael, cofundadores, veteranos del buceo y apasionados defensores del mundo submarino.<\/span><\/p><p><span style=\"font-weight: 400;\">Nuestra experiencia combinada abarca m\u00e1s de 25 a\u00f1os, y cada uno de nosotros aporta una gran cantidad de conocimientos y pasi\u00f3n a nuestra empresa. Rodrigo, un buzo comercial experimentado, tiene un curr\u00edculum \u00fanico que se extiende m\u00e1s all\u00e1 de guiar a los buzos a las fascinantes profundidades.<\/span><\/p>\t\t\t\t\t\t\t\t<\/div>\n\t\t\t\t<\/div>\n\t\t\t\t<\/div>\n\t\t<div class=\"elementor-element elementor-element-4b131b6 e-con-full e-flex e-con e-parent\" data-id=\"4b131b6\" data-element_type=\"container\">\n\t\t\t\t<div class=\"elementor-element elementor-element-863898f elementor-widget elementor-widget-text-editor\" data-id=\"863898f\" data-element_type=\"widget\" data-widget_type=\"text-editor.default\">\n\t\t\t\t<div class=\"elementor-widget-container\">\n\t\t\t\t\t\t\t\t\t<p><span style=\"font-weight: 400;\">Como ocean\u00f3grafo, colabora con universidades, contribuyendo a estudios fundamentales destinados a comprender mejor nuestros oc\u00e9anos y desarrollar tecnolog\u00edas renovables. Su experiencia se extiende al trabajo en escenarios de pel\u00edculas, donde ha navegado en condiciones submarinas exigentes y ha descubierto mundos marinos con los que muchos solo sue\u00f1an.<\/span><\/p>\n<p><span style=\"font-weight: 400;\">Por otro lado, Michael ha pasado innumerables horas compartiendo la emoci\u00f3n del buceo con buzos principiantes y experimentados, refinando sus habilidades y encendiendo una pasi\u00f3n compartida por el mundo acu\u00e1tico.<\/span><\/p>\t\t\t\t\t\t\t\t<\/div>\n\t\t\t\t<\/div>\n\t\t\t\t<\/div>\n\t\t\t\t\t<\/div>\n\t\t\t\t<\/div>\n\t\t<div class=\"elementor-element elementor-element-0ee061e e-flex e-con-boxed e-con e-parent\" data-id=\"0ee061e\" data-element_type=\"container\" data-settings=\"{&quot;background_background&quot;:&quot;classic&quot;,&quot;background_motion_fx_motion_fx_scrolling&quot;:&quot;yes&quot;,&quot;background_motion_fx_translateY_effect&quot;:&quot;yes&quot;,&quot;background_motion_fx_translateY_speed&quot;:{&quot;unit&quot;:&quot;px&quot;,&quot;size&quot;:4,&quot;sizes&quot;:[]},&quot;background_motion_fx_translateY_affectedRange&quot;:{&quot;unit&quot;:&quot;%&quot;,&quot;size&quot;:&quot;&quot;,&quot;sizes&quot;:{&quot;start&quot;:0,&quot;end&quot;:100}},&quot;background_motion_fx_devices&quot;:[&quot;desktop&quot;,&quot;tablet&quot;,&quot;mobile&quot;]}\">\n\t\t\t\t\t<div class=\"e-con-inner\">\n\t\t<div class=\"elementor-element elementor-element-a5fc84f e-flex e-con-boxed e-con e-parent\" data-id=\"a5fc84f\" data-element_type=\"container\">\n\t\t\t\t\t<div class=\"e-con-inner\">\n\t\t\t\t<div class=\"elementor-element elementor-element-66e777f elementor-widget elementor-widget-text-editor\" data-id=\"66e777f\" data-element_type=\"widget\" data-widget_type=\"text-editor.default\">\n\t\t\t\t<div class=\"elementor-widget-container\">\n\t\t\t\t\t\t\t\t\t<p><span style=\"color: #ffffff;\">Nuestra visi\u00f3n con Yucatan Dive Crew va m\u00e1s all\u00e1 de nuestras experiencias individuales. Nuestra misi\u00f3n es cultivar una comunidad global de buzos, un espacio donde se puedan compartir conocimientos, historias y experiencias, y donde se celebre la emoci\u00f3n de la exploraci\u00f3n submarina.<\/span><\/p>\t\t\t\t\t\t\t\t<\/div>\n\t\t\t\t<\/div>\n\t\t\t\t<div class=\"elementor-element elementor-element-71947e8 elementor-widget elementor-widget-text-editor\" data-id=\"71947e8\" data-element_type=\"widget\" data-widget_type=\"text-editor.default\">\n\t\t\t\t<div class=\"elementor-widget-container\">\n\t\t\t\t\t\t\t\t\t<span style=\"color: #ffffff;\">Para nosotros, el buceo no es solo un deporte, es una experiencia transformadora que ofrece una perspectiva \u00fanica de nuestro mundo. Es una invitaci\u00f3n a conectarse con la naturaleza en su forma m\u00e1s primitiva, una oportunidad de comprender y apreciar el delicado equilibrio de la vida marina y un viaje que puede despertar una pasi\u00f3n de por vida por la exploraci\u00f3n acu\u00e1tica.<\/span>\t\t\t\t\t\t\t\t<\/div>\n\t\t\t\t<\/div>\n\t\t\t\t\t<\/div>\n\t\t\t\t<\/div>\n\t\t<div class=\"elementor-element elementor-element-6cdedf8 e-con-full e-flex e-con e-parent\" data-id=\"6cdedf8\" data-element_type=\"container\">\n\t\t\t\t<\/div>\n\t\t\t\t\t<\/div>\n\t\t\t\t<\/div>\n\t\t<div class=\"elementor-element elementor-element-5bcf5d3 e-con-full e-flex e-con e-parent\" data-id=\"5bcf5d3\" data-element_type=\"container\">\n\t\t<div class=\"elementor-element elementor-element-3143a46 e-flex e-con-boxed e-con e-parent\" data-id=\"3143a46\" data-element_type=\"container\" data-settings=\"{&quot;background_background&quot;:&quot;classic&quot;}\">\n\t\t\t\t\t<div class=\"e-con-inner\">\n\t\t<div class=\"elementor-element elementor-element-31e236b e-flex e-con-boxed e-con e-parent\" data-id=\"31e236b\" data-element_type=\"container\">\n\t\t\t\t\t<div class=\"e-con-inner\">\n\t\t<div class=\"elementor-element elementor-element-5fd728b e-flex e-con-boxed e-con e-parent\" data-id=\"5fd728b\" data-element_type=\"container\">\n\t\t\t\t\t<div class=\"e-con-inner\">\n\t\t\t\t<div class=\"elementor-element elementor-element-42b2625 elementor-invisible elementor-widget elementor-widget-image\" data-id=\"42b2625\" data-element_type=\"widget\" data-settings=\"{&quot;_animation&quot;:&quot;rotateIn&quot;}\" data-widget_type=\"image.default\">\n\t\t\t\t<div class=\"elementor-widget-container\">\n\t\t\t\t\t\t\t\t\t\t\t\t\t\t\t<img fetchpriority=\"high\" decoding=\"async\" width=\"960\" height=\"1280\" src=\"https:\/\/yucatandivecrew.com\/wp-content\/uploads\/2023\/07\/divecrew9.jpeg\" class=\"attachment-full size-full wp-image-1653\" alt=\"\" srcset=\"https:\/\/yucatandivecrew.com\/wp-content\/uploads\/2023\/07\/divecrew9.jpeg 960w, https:\/\/yucatandivecrew.com\/wp-content\/uploads\/2023\/07\/divecrew9-225x300.jpeg 225w, https:\/\/yucatandivecrew.com\/wp-content\/uploads\/2023\/07\/divecrew9-768x1024.jpeg 768w, https:\/\/yucatandivecrew.com\/wp-content\/uploads\/2023\/07\/divecrew9-9x12.jpeg 9w\" sizes=\"(max-width: 960px) 100vw, 960px\" \/>\t\t\t\t\t\t\t\t\t\t\t\t\t\t\t<\/div>\n\t\t\t\t<\/div>\n\t\t\t\t\t<\/div>\n\t\t\t\t<\/div>\n\t\t<div class=\"elementor-element elementor-element-12a3e81 e-con-full e-flex e-con e-parent\" data-id=\"12a3e81\" data-element_type=\"container\">\n\t\t\t\t<div class=\"elementor-element elementor-element-28eeaaf elementor-widget elementor-widget-text-editor\" data-id=\"28eeaaf\" data-element_type=\"widget\" data-widget_type=\"text-editor.default\">\n\t\t\t\t<div class=\"elementor-widget-container\">\n\t\t\t\t\t\t\t\t\t<h3>Yucatan Dive Crew es m\u00e1s que un centro de buceo.<\/h3>\t\t\t\t\t\t\t\t<\/div>\n\t\t\t\t<\/div>\n\t\t\t\t<div class=\"elementor-element elementor-element-9329727 elementor-widget elementor-widget-text-editor\" data-id=\"9329727\" data-element_type=\"widget\" data-widget_type=\"text-editor.default\">\n\t\t\t\t<div class=\"elementor-widget-container\">\n\t\t\t\t\t\t\t\t\t<p><span style=\"font-weight: 400;\">Es una plataforma para aquellos que se atreven a desafiar lo com\u00fan, salir de su zona de confort y sumergirse en los fascinantes misterios del oc\u00e9ano.<\/span><\/p><p><span style=\"font-weight: 400;\">Al unirse a nosotros, no solo est\u00e1 aprendiendo a bucear, sino que se est\u00e1 convirtiendo en parte de una comunidad global que comparte el amor por las profundidades del oc\u00e9ano. Te est\u00e1s embarcando en una aventura que cambiar\u00e1 tu forma de ver el mundo.<\/span><\/p><p><span style=\"font-weight: 400;\">Esperamos ansiosamente la oportunidad de guiarlo hacia lo desconocido, compartir la emoci\u00f3n indescriptible de su primer aliento bajo la superficie y darle la bienvenida a Yucatan Dive Crew, el comienzo de su propio viaje de buceo.\u00a0<\/span><\/p>\t\t\t\t\t\t\t\t<\/div>\n\t\t\t\t<\/div>\n\t\t\t\t<\/div>\n\t\t\t\t\t<\/div>\n\t\t\t\t<\/div>\n\t\t\t\t\t<\/div>\n\t\t\t\t<\/div>\n\t\t\t\t<\/div>\n\t\t\t\t<\/div>","protected":false},"excerpt":{"rendered":"<p>Acerca de nosotros Bienvenido a Yucatan Dive Crew La puerta de entrada a su exploraci\u00f3n submarina y una pr\u00f3spera comunidad de entusiastas del buceo. Somos Rodrigo y Michael, cofundadores, veteranos del buceo y apasionados defensores del mundo submarino. Nuestra experiencia combinada abarca m\u00e1s de 25 a\u00f1os, y cada uno de nosotros aporta una gran cantidad de conocimientos y pasi\u00f3n a nuestro [\u2026]<\/p>","protected":false},"author":1,"featured_media":0,"parent":0,"menu_order":0,"comment_status":"closed","ping_status":"closed","template":"","meta":{"_acf_changed":false,"om_disable_all_campaigns":false,"_joinchat":[],"footnotes":""},"class_list":["post-26","page","type-page","status-publish","hentry"],"acf":[],"yoast_head":"<!-- This site is optimized with the Yoast SEO plugin v26.8 - https:\/\/yoast.com\/product\/yoast-seo-wordpress\/ -->\n<title>About Us - Yucatan Dive Crew<\/title>\n<meta name=\"description\" content=\"Learn more about Yucatan Dive Crew on our About Us page. Discover our mission, values, and the dedicated team behind our exceptional diving experiences.\" \/>\n<meta name=\"robots\" content=\"index, follow, max-snippet:-1, max-image-preview:large, max-video-preview:-1\" \/>\n<link rel=\"canonical\" href=\"https:\/\/yucatandivecrew.com\/es\/sobre-nosotros\/\" \/>\n<meta property=\"og:locale\" content=\"es_MX\" \/>\n<meta property=\"og:type\" content=\"article\" \/>\n<meta property=\"og:title\" content=\"About Us - Yucatan Dive Crew\" \/>\n<meta property=\"og:description\" content=\"Learn more about Yucatan Dive Crew on our About Us page. Discover our mission, values, and the dedicated team behind our exceptional diving experiences.\" \/>\n<meta property=\"og:url\" content=\"https:\/\/yucatandivecrew.com\/es\/sobre-nosotros\/\" \/>\n<meta property=\"og:site_name\" content=\"Yucatan Dive Crew\" \/>\n<meta property=\"article:publisher\" content=\"https:\/\/www.facebook.com\/yucatandivecrew\" \/>\n<meta property=\"article:modified_time\" content=\"2023-08-07T16:08:27+00:00\" \/>\n<meta property=\"og:image\" content=\"https:\/\/yucatandivecrew.com\/wp-content\/uploads\/2023\/07\/divecrew9.jpeg\" \/>\n<meta name=\"twitter:card\" content=\"summary_large_image\" \/>\n<meta name=\"twitter:label1\" content=\"Tiempo de lectura\" \/>\n\t<meta name=\"twitter:data1\" content=\"2 minutos\" \/>\n<script type=\"application\/ld+json\" class=\"yoast-schema-graph\">{\"@context\":\"https:\/\/schema.org\",\"@graph\":[{\"@type\":\"WebPage\",\"@id\":\"https:\/\/yucatandivecrew.com\/about-us\/\",\"url\":\"https:\/\/yucatandivecrew.com\/about-us\/\",\"name\":\"About Us - Yucatan Dive Crew\",\"isPartOf\":{\"@id\":\"https:\/\/yucatandivecrew.com\/#website\"},\"primaryImageOfPage\":{\"@id\":\"https:\/\/yucatandivecrew.com\/about-us\/#primaryimage\"},\"image\":{\"@id\":\"https:\/\/yucatandivecrew.com\/about-us\/#primaryimage\"},\"thumbnailUrl\":\"https:\/\/yucatandivecrew.com\/wp-content\/uploads\/2023\/07\/divecrew9.jpeg\",\"datePublished\":\"2023-06-28T05:14:26+00:00\",\"dateModified\":\"2023-08-07T16:08:27+00:00\",\"description\":\"Learn more about Yucatan Dive Crew on our About Us page. Discover our mission, values, and the dedicated team behind our exceptional diving experiences.\",\"breadcrumb\":{\"@id\":\"https:\/\/yucatandivecrew.com\/about-us\/#breadcrumb\"},\"inLanguage\":\"es\",\"potentialAction\":[{\"@type\":\"ReadAction\",\"target\":[\"https:\/\/yucatandivecrew.com\/about-us\/\"]}]},{\"@type\":\"ImageObject\",\"inLanguage\":\"es\",\"@id\":\"https:\/\/yucatandivecrew.com\/about-us\/#primaryimage\",\"url\":\"https:\/\/yucatandivecrew.com\/wp-content\/uploads\/2023\/07\/divecrew9.jpeg\",\"contentUrl\":\"https:\/\/yucatandivecrew.com\/wp-content\/uploads\/2023\/07\/divecrew9.jpeg\"},{\"@type\":\"BreadcrumbList\",\"@id\":\"https:\/\/yucatandivecrew.com\/about-us\/#breadcrumb\",\"itemListElement\":[{\"@type\":\"ListItem\",\"position\":1,\"name\":\"Inicio\",\"item\":\"https:\/\/yucatandivecrew.com\/\"},{\"@type\":\"ListItem\",\"position\":2,\"name\":\"About Us\"}]},{\"@type\":\"WebSite\",\"@id\":\"https:\/\/yucatandivecrew.com\/#website\",\"url\":\"https:\/\/yucatandivecrew.com\/\",\"name\":\"Yucatan Dive Crew\",\"description\":\"\",\"publisher\":{\"@id\":\"https:\/\/yucatandivecrew.com\/#organization\"},\"potentialAction\":[{\"@type\":\"SearchAction\",\"target\":{\"@type\":\"EntryPoint\",\"urlTemplate\":\"https:\/\/yucatandivecrew.com\/?s={search_term_string}\"},\"query-input\":{\"@type\":\"PropertyValueSpecification\",\"valueRequired\":true,\"valueName\":\"search_term_string\"}}],\"inLanguage\":\"es\"},{\"@type\":\"Organization\",\"@id\":\"https:\/\/yucatandivecrew.com\/#organization\",\"name\":\"Yucatan Dive Crew\",\"url\":\"https:\/\/yucatandivecrew.com\/\",\"logo\":{\"@type\":\"ImageObject\",\"inLanguage\":\"es\",\"@id\":\"https:\/\/yucatandivecrew.com\/#\/schema\/logo\/image\/\",\"url\":\"https:\/\/yucatandivecrew.com\/wp-content\/uploads\/2023\/06\/yucatan-dive-crew.svg\",\"contentUrl\":\"https:\/\/yucatandivecrew.com\/wp-content\/uploads\/2023\/06\/yucatan-dive-crew.svg\",\"width\":157,\"height\":60,\"caption\":\"Yucatan Dive Crew\"},\"image\":{\"@id\":\"https:\/\/yucatandivecrew.com\/#\/schema\/logo\/image\/\"},\"sameAs\":[\"https:\/\/www.facebook.com\/yucatandivecrew\",\"https:\/\/www.instagram.com\/yucatandivecrew\/\",\"https:\/\/www.youtube.com\/@YucatanDiveCrew\/\",\"https:\/\/www.tiktok.com\/@yucatandivecrew\"]}]}<\/script>\n<!-- \/ Yoast SEO plugin. -->","yoast_head_json":{"title":"Sobre Nosotros - Yucatan Dive Crew","description":"Obtenga m\u00e1s informaci\u00f3n sobre Yucatan Dive Crew en nuestra p\u00e1gina Acerca de nosotros. Descubre nuestra misi\u00f3n, valores y el equipo dedicado detr\u00e1s de nuestras excepcionales experiencias de buceo.","robots":{"index":"index","follow":"follow","max-snippet":"max-snippet:-1","max-image-preview":"max-image-preview:large","max-video-preview":"max-video-preview:-1"},"canonical":"https:\/\/yucatandivecrew.com\/es\/sobre-nosotros\/","og_locale":"es_MX","og_type":"article","og_title":"About Us - Yucatan Dive Crew","og_description":"Learn more about Yucatan Dive Crew on our About Us page. Discover our mission, values, and the dedicated team behind our exceptional diving experiences.","og_url":"https:\/\/yucatandivecrew.com\/es\/sobre-nosotros\/","og_site_name":"Yucatan Dive Crew","article_publisher":"https:\/\/www.facebook.com\/yucatandivecrew","article_modified_time":"2023-08-07T16:08:27+00:00","og_image":[{"url":"https:\/\/yucatandivecrew.com\/wp-content\/uploads\/2023\/07\/divecrew9.jpeg","type":"","width":"","height":""}],"twitter_card":"summary_large_image","twitter_misc":{"Tiempo de lectura":"2 minutos"},"schema":{"@context":"https:\/\/schema.org","@graph":[{"@type":"WebPage","@id":"https:\/\/yucatandivecrew.com\/about-us\/","url":"https:\/\/yucatandivecrew.com\/about-us\/","name":"Sobre Nosotros - Yucatan Dive Crew","isPartOf":{"@id":"https:\/\/yucatandivecrew.com\/#website"},"primaryImageOfPage":{"@id":"https:\/\/yucatandivecrew.com\/about-us\/#primaryimage"},"image":{"@id":"https:\/\/yucatandivecrew.com\/about-us\/#primaryimage"},"thumbnailUrl":"https:\/\/yucatandivecrew.com\/wp-content\/uploads\/2023\/07\/divecrew9.jpeg","datePublished":"2023-06-28T05:14:26+00:00","dateModified":"2023-08-07T16:08:27+00:00","description":"Obtenga m\u00e1s informaci\u00f3n sobre Yucatan Dive Crew en nuestra p\u00e1gina Acerca de nosotros. Descubre nuestra misi\u00f3n, valores y el equipo dedicado detr\u00e1s de nuestras excepcionales experiencias de buceo.","breadcrumb":{"@id":"https:\/\/yucatandivecrew.com\/about-us\/#breadcrumb"},"inLanguage":"es","potentialAction":[{"@type":"ReadAction","target":["https:\/\/yucatandivecrew.com\/about-us\/"]}]},{"@type":"ImageObject","inLanguage":"es","@id":"https:\/\/yucatandivecrew.com\/about-us\/#primaryimage","url":"https:\/\/yucatandivecrew.com\/wp-content\/uploads\/2023\/07\/divecrew9.jpeg","contentUrl":"https:\/\/yucatandivecrew.com\/wp-content\/uploads\/2023\/07\/divecrew9.jpeg"},{"@type":"BreadcrumbList","@id":"https:\/\/yucatandivecrew.com\/about-us\/#breadcrumb","itemListElement":[{"@type":"ListItem","position":1,"name":"Inicio","item":"https:\/\/yucatandivecrew.com\/"},{"@type":"ListItem","position":2,"name":"About Us"}]},{"@type":"WebSite","@id":"https:\/\/yucatandivecrew.com\/#website","url":"https:\/\/yucatandivecrew.com\/","name":"Yucatan Dive Crew","description":"","publisher":{"@id":"https:\/\/yucatandivecrew.com\/#organization"},"potentialAction":[{"@type":"SearchAction","target":{"@type":"EntryPoint","urlTemplate":"https:\/\/yucatandivecrew.com\/?s={search_term_string}"},"query-input":{"@type":"PropertyValueSpecification","valueRequired":true,"valueName":"search_term_string"}}],"inLanguage":"es"},{"@type":"Organization","@id":"https:\/\/yucatandivecrew.com\/#organization","name":"Yucatan Dive Crew","url":"https:\/\/yucatandivecrew.com\/","logo":{"@type":"ImageObject","inLanguage":"es","@id":"https:\/\/yucatandivecrew.com\/#\/schema\/logo\/image\/","url":"https:\/\/yucatandivecrew.com\/wp-content\/uploads\/2023\/06\/yucatan-dive-crew.svg","contentUrl":"https:\/\/yucatandivecrew.com\/wp-content\/uploads\/2023\/06\/yucatan-dive-crew.svg","width":157,"height":60,"caption":"Yucatan Dive Crew"},"image":{"@id":"https:\/\/yucatandivecrew.com\/#\/schema\/logo\/image\/"},"sameAs":["https:\/\/www.facebook.com\/yucatandivecrew","https:\/\/www.instagram.com\/yucatandivecrew\/","https:\/\/www.youtube.com\/@YucatanDiveCrew\/","https:\/\/www.tiktok.com\/@yucatandivecrew"]}]}},"_links":{"self":[{"href":"https:\/\/yucatandivecrew.com\/es\/wp-json\/wp\/v2\/pages\/26","targetHints":{"allow":["GET"]}}],"collection":[{"href":"https:\/\/yucatandivecrew.com\/es\/wp-json\/wp\/v2\/pages"}],"about":[{"href":"https:\/\/yucatandivecrew.com\/es\/wp-json\/wp\/v2\/types\/page"}],"author":[{"embeddable":true,"href":"https:\/\/yucatandivecrew.com\/es\/wp-json\/wp\/v2\/users\/1"}],"replies":[{"embeddable":true,"href":"https:\/\/yucatandivecrew.com\/es\/wp-json\/wp\/v2\/comments?post=26"}],"version-history":[{"count":0,"href":"https:\/\/yucatandivecrew.com\/es\/wp-json\/wp\/v2\/pages\/26\/revisions"}],"wp:attachment":[{"href":"https:\/\/yucatandivecrew.com\/es\/wp-json\/wp\/v2\/media?parent=26"}],"curies":[{"name":"Gracias","href":"https:\/\/api.w.org\/{rel}","templated":true}]}}