{"id":402,"date":"2023-07-12T14:51:57","date_gmt":"2023-07-12T14:51:57","guid":{"rendered":"https:\/\/yucatandivecrew.com\/?page_id=402"},"modified":"2023-08-07T16:07:35","modified_gmt":"2023-08-07T16:07:35","slug":"geschaftsbedingungen","status":"publish","type":"page","link":"https:\/\/yucatandivecrew.com\/de\/geschaftsbedingungen\/","title":{"rendered":"Allgemeine Gesch\u00e4ftsbedingungen"},"content":{"rendered":"<div data-elementor-type=\"wp-page\" data-elementor-id=\"402\" class=\"elementor elementor-402\" data-elementor-post-type=\"page\">\n\t\t\t\t<div class=\"elementor-element elementor-element-87f1836 e-flex e-con-boxed e-con e-parent\" data-id=\"87f1836\" data-element_type=\"container\">\n\t\t\t\t\t<div class=\"e-con-inner\">\n\t\t\t\t<div class=\"elementor-element elementor-element-0a83d9a elementor-widget elementor-widget-text-editor\" data-id=\"0a83d9a\" data-element_type=\"widget\" data-widget_type=\"text-editor.default\">\n\t\t\t\t<div class=\"elementor-widget-container\">\n\t\t\t\t\t\t\t\t\t<p><\/p>\n<h1 class=\"wp-block-heading\">Allgemeine Gesch\u00e4ftsbedingungen<\/h1>\n<h4 class=\"wp-block-heading\">Bitte lesen Sie unsere Richtlinien, bevor Sie Ihre Tauchg\u00e4nge buchen. Sollten Sie Fragen zu den Inhalten haben, kontaktieren Sie uns bitte.<\/h4>\n<p><\/p>\n<h4 class=\"wp-block-heading\">Wir beantworten gerne alle Ihre Fragen und Anliegen.<\/h4>\n<p><\/p>\n<p><em>Mit der Best\u00e4tigung Ihrer Reservierung akzeptieren Sie alle nachfolgenden Gesch\u00e4ftsbedingungen.<\/em><\/p>\n<p><\/p>\n<h4 class=\"wp-block-heading\"><b>Preise &amp; Buchung<\/b><\/h4>\n<p><\/p>\n<ul class=\"wp-block-list\"><p><\/p>\n<li>Alle Preise sind in mexikanischen Pesos angegeben. .<\/li>\n<p><\/p>\n<li>F\u00fcr Buchungsbest\u00e4tigungen ist eine Anzahlung von 50% oder 100% erforderlich, wenn die Buchung innerhalb eines Zeitraums von 14 Tagen erfolgt, sofern nichts anderes angegeben ist.&nbsp;<\/li>\n<p><\/p>\n<li>Buchungen gelten mit der Best\u00e4tigung des Eingangs der Anzahlung als best\u00e4tigt.<\/li>\n<p><\/p>\n<li>Der Restbetrag ist bei Ankunft am ersten Tag Ihrer Reise f\u00e4llig.<\/li>\n<p><\/p>\n<li>Wir akzeptieren Zahlungen in mexikanischen Pesos zum tagesaktuellen Marktkurs, Kreditkarten und Paypal (5% Kartenbearbeitungsgeb\u00fchr).<\/li>\n<p><\/p>\n<li>Alle angegebenen Preise sind freibleibend und gelten vorbehaltlich der Verf\u00fcgbarkeit bis zur vollst\u00e4ndigen Bezahlung.<\/li>\n<p><\/p><\/ul>\n<p><\/p>\n<h4 class=\"wp-block-heading\"><b>Stornierungsbedingungen<\/b><\/h4>\n<p><\/p>\n<ul class=\"wp-block-list\"><p><\/p>\n<li>F\u00fcr alle Tauchaktivit\u00e4ten ist eine Vorauszahlung gem\u00e4\u00df 50% obligatorisch.&nbsp;<\/li>\n<p><\/p>\n<li>Sie k\u00f6nnen Ihre Anzahlung bis 72 Stunden vor Ihrem geplanten Termin zur\u00fcckerhalten, innerhalb von 72 Stunden ist sie nicht mehr erstattungsf\u00e4hig.&nbsp;<\/li>\n<p><\/p>\n<li>Gem\u00e4\u00df den Anweisungen im medizinischen Fragebogen ist Ihnen die Teilnahme an der Exkursion nicht gestattet, wenn Sie nach einer JA-Antwort vor Ihrem Ausflug keine \u00e4rztliche Bescheinigung vorlegen k\u00f6nnen.<br>Die Nichteinhaltung der oben genannten Bestimmungen berechtigt nicht zu einer R\u00fcckerstattung, weder teilweise noch vollst\u00e4ndig.<\/li>\n<p><\/p>\n<li>Tauchen, insbesondere technisches Tauchen und H\u00f6hlentauchen, erfordert eine angemessene Fitness und die Abwesenheit von gesundheitlichen Problemen, die die Tauchsicherheit beeintr\u00e4chtigen k\u00f6nnten. Sollte ein Taucher offensichtliche gesundheitliche Probleme aufweisen, die im medizinischen Fragebogen nicht angegeben wurden und\/oder von einem qualifizierten Arzt nicht als tauchtauglich best\u00e4tigt wurden, behalten wir uns das Recht vor, alle f\u00fcr diesen Taucher geplanten Tauch- und Ausbildungsaktivit\u00e4ten abzusagen. In diesem Fall erfolgt keine R\u00fcckerstattung, weder teilweise noch vollst\u00e4ndig.<\/li>\n<p><\/p>\n<li>Der Zeitplan kann aufgrund logistischer Gegebenheiten, Verf\u00fcgbarkeiten und Wetterbedingungen angepasst werden und \u00c4nderungen unterliegen. Solche \u00c4nderungen berechtigen nicht zu einer R\u00fcckerstattung, sofern alternative Tauchm\u00f6glichkeiten angeboten werden.<\/li>\n<p><\/p>\n<li>Falls die Wetterbedingungen eine Absage erzwingen und keine Tauchalternative angeboten werden kann, wird eine vollst\u00e4ndige R\u00fcckerstattung gew\u00e4hrt.<\/li>\n<p><\/p><\/ul>\n<p><\/p>\n<h4 class=\"wp-block-heading\"><b>Richtlinien f\u00fcr das Tauchen<\/b><\/h4>\n<p><\/p>\n<ul class=\"wp-block-list\"><p><\/p>\n<li>Alle zertifizierten Taucher m\u00fcssen einen Nachweis \u00fcber ihre Tauchzertifizierung von einer anerkannten Ausbildungsorganisation vorlegen.<\/li>\n<p><\/p>\n<li>Alle Taucher m\u00fcssen vor ihrer Ankunft die digitale Haftungsausschlusserkl\u00e4rung, die ausdr\u00fcckliche Risiko\u00fcbernahmeerkl\u00e4rung und den medizinischen Fragebogen ausf\u00fcllen. Klicken Sie hier. <strong>HIER<\/strong> Bitte pr\u00fcfen Sie die Unterlagen vor Ihrer Buchung, um sicherzustellen, dass Sie die Voraussetzungen erf\u00fcllen.<\/li>\n<p><\/p>\n<li>Wenn die allgemeine Haftungsfreistellung, die ausdr\u00fcckliche Risiko\u00fcbernahmeerkl\u00e4rung und der medizinische Fragebogen nicht vor Ihrem Ausflug ausgef\u00fcllt werden, ist Ihnen die Teilnahme an der Exkursion nicht gestattet.<\/li>\n<p><\/p>\n<li>\u00dcberkopftauchen ist eine anspruchsvolle Tauchart, die eine gute Tarierungskontrolle und ein hohes Bewusstsein erfordert.<\/li>\n<p><\/p>\n<li>Obwohl wir alle Tauchg\u00e4nge entsprechend der Erfahrung des Tauchers planen, liegt es im Ermessen unserer H\u00f6hlen-\/Grotten-\/Meeresf\u00fchrer und -lehrer, die F\u00e4higkeit einer Person zur Fortsetzung des Tauchgangs zu beurteilen, den Tauchplan anzupassen oder den Tauchgang abzubrechen, um die Sicherheit des Tauchers und den Erhalt des Tauchplatzes zu gew\u00e4hrleisten.<\/li>\n<p><\/p><\/ul>\n<p><\/p>\n<h4 class=\"wp-block-heading\"><b>Kameras<\/b><\/h4>\n<p><\/p>\n<ul class=\"wp-block-list\"><p><\/p>\n<li>Bitte beachten Sie, dass alle Cenoten-Tauchg\u00e4nge auf Privatgrundst\u00fccken stattfinden. Die Eigent\u00fcmer legen daher ihre eigenen Regeln fest. Kameras sind in den meisten Cenoten erlaubt, in einigen wird jedoch eine Geb\u00fchr f\u00fcr die Unterwassernutzung erhoben, in anderen sind Kameras g\u00e4nzlich verboten. Diese Geb\u00fchr geht ausschlie\u00dflich an die Grundst\u00fcckseigent\u00fcmer. Teilen Sie uns bitte mit, wenn Ihnen die Nutzung einer Kamera wichtig ist, damit wir die Tauchg\u00e4nge entsprechend planen und Sie \u00fcber eventuelle Zusatzkosten informieren k\u00f6nnen.<\/li>\n<p><\/p>\n<li>Es liegt im Ermessen unserer Guides und Tauchlehrer, die F\u00e4higkeit einer Person zur Bedienung einer Kamera einzusch\u00e4tzen und deren Verwendung zum Schutz des Tauchers und zum Erhalt des Tauchplatzes zu untersagen.<\/li>\n<p><\/p><\/ul>\n<p><\/p>\n<h4 class=\"wp-block-heading\"><b>Nur f\u00fcr Studenten<\/b><\/h4>\n<p><\/p>\n<ul class=\"wp-block-list\"><p><\/p>\n<li>Den Teilnehmern werden Trainingsvideos und -materialien zur Verf\u00fcgung gestellt, um sich auf den Unterricht vorzubereiten. Sie werden dazu verpflichtet, vorbereitet zum gebuchten Kurs zu erscheinen und die ihnen mitgeteilten Leistungsanforderungen zu erf\u00fcllen. Sollte ein Teilnehmer dies am ersten Tag nicht k\u00f6nnen, wird er nicht zum geplanten Programm zugelassen. Die Geb\u00fchren und reservierten Tage werden f\u00fcr alternative Trainingsprogramme und\/oder gef\u00fchrte Tauchg\u00e4nge angerechnet. Eine fehlende Vorbereitung auf das geplante Programm berechtigt nicht zu einer R\u00fcckerstattung, weder teilweise noch vollst\u00e4ndig.<\/li>\n<p><\/p>\n<li>Die Studierenden bezahlen f\u00fcr einen Kurs, aber die Zertifikate m\u00fcssen erst erworben werden.<\/li>\n<p><\/p>\n<li>Wir werden unser M\u00f6glichstes tun, um Ihre F\u00e4higkeiten und Kenntnisse auf den neuesten Stand zu bringen, und wenn dies zus\u00e4tzliche Tauchg\u00e4nge oder theoretische Einheiten bedeutet, dann ist das eben so (gegebenenfalls wird ein Aufpreis f\u00e4llig).<\/li>\n<p><\/p>\n<li>Wir empfehlen unseren Studenten, mindestens 2 zus\u00e4tzliche Tage f\u00fcr Nachholtermine, schlechtes Wetter, Krankheit, Kursunterbrechungen oder andere unvorhergesehene Ereignisse einzuplanen.<\/li>\n<p><\/p><\/ul>\n<p><\/p>\n<h4 class=\"wp-block-heading\"><b>Ger\u00e4telagerung<\/b><\/h4>\n<p><\/p>\n<ul class=\"wp-block-list\"><p><\/p>\n<li>Gerne bewahren wir Ihre Ausr\u00fcstung w\u00e4hrend Ihrer Tauchreise bei uns in unserem Lager auf.<\/li>\n<p><\/p>\n<li>Wenn Sie sich daf\u00fcr entscheiden, akzeptieren die Taucher, dass unser Unternehmen nicht f\u00fcr Verlust, Besch\u00e4digung oder Diebstahl ihrer Ausr\u00fcstung haftet.<\/li>\n<p><\/p><\/ul>\n<p><\/p>\t\t\t\t\t\t\t\t<\/div>\n\t\t\t\t<\/div>\n\t\t\t\t\t<\/div>\n\t\t\t\t<\/div>\n\t\t\t\t<\/div>","protected":false},"excerpt":{"rendered":"<p>Terms &amp; Conditions Please review our Policies prior to booking your dives. If you have any questions regarding anything stated, please feel free to contact us. We\u2019ll be happy to go over any of your questions or concerns. By confirming your reservation, you accept all of the below terms &amp; conditions. Pricing &amp; Booking Cancellation [&hellip;]<\/p>","protected":false},"author":1,"featured_media":0,"parent":0,"menu_order":0,"comment_status":"closed","ping_status":"closed","template":"","meta":{"_acf_changed":false,"om_disable_all_campaigns":false,"_joinchat":[],"footnotes":""},"class_list":["post-402","page","type-page","status-publish","hentry"],"acf":[],"yoast_head":"<!-- This site is optimized with the Yoast SEO plugin v26.8 - https:\/\/yoast.com\/product\/yoast-seo-wordpress\/ -->\n<title>Terms &amp; Conditions - Yucatan Dive Crew<\/title>\n<meta name=\"description\" content=\"Explore the Terms and Conditions at Yucatan Dive Crew to understand the guidelines governing the use of our website and services.\" \/>\n<meta name=\"robots\" content=\"index, follow, max-snippet:-1, max-image-preview:large, max-video-preview:-1\" \/>\n<link rel=\"canonical\" href=\"https:\/\/yucatandivecrew.com\/de\/geschaftsbedingungen\/\" \/>\n<meta property=\"og:locale\" content=\"de_DE\" \/>\n<meta property=\"og:type\" content=\"article\" \/>\n<meta property=\"og:title\" content=\"Terms &amp; Conditions - Yucatan Dive Crew\" \/>\n<meta property=\"og:description\" content=\"Explore the Terms and Conditions at Yucatan Dive Crew to understand the guidelines governing the use of our website and services.\" \/>\n<meta property=\"og:url\" content=\"https:\/\/yucatandivecrew.com\/de\/geschaftsbedingungen\/\" \/>\n<meta property=\"og:site_name\" content=\"Yucatan Dive Crew\" \/>\n<meta property=\"article:publisher\" content=\"https:\/\/www.facebook.com\/yucatandivecrew\" \/>\n<meta property=\"article:modified_time\" content=\"2023-08-07T16:07:35+00:00\" \/>\n<meta name=\"twitter:card\" content=\"summary_large_image\" \/>\n<meta name=\"twitter:label1\" content=\"Gesch\u00e4tzte Lesezeit\" \/>\n\t<meta name=\"twitter:data1\" content=\"4\u00a0Minuten\" \/>\n<script type=\"application\/ld+json\" class=\"yoast-schema-graph\">{\"@context\":\"https:\/\/schema.org\",\"@graph\":[{\"@type\":\"WebPage\",\"@id\":\"https:\/\/yucatandivecrew.com\/terms-conditions\/\",\"url\":\"https:\/\/yucatandivecrew.com\/terms-conditions\/\",\"name\":\"Terms & Conditions - Yucatan Dive Crew\",\"isPartOf\":{\"@id\":\"https:\/\/yucatandivecrew.com\/#website\"},\"datePublished\":\"2023-07-12T14:51:57+00:00\",\"dateModified\":\"2023-08-07T16:07:35+00:00\",\"description\":\"Explore the Terms and Conditions at Yucatan Dive Crew to understand the guidelines governing the use of our website and services.\",\"breadcrumb\":{\"@id\":\"https:\/\/yucatandivecrew.com\/terms-conditions\/#breadcrumb\"},\"inLanguage\":\"de\",\"potentialAction\":[{\"@type\":\"ReadAction\",\"target\":[\"https:\/\/yucatandivecrew.com\/terms-conditions\/\"]}]},{\"@type\":\"BreadcrumbList\",\"@id\":\"https:\/\/yucatandivecrew.com\/terms-conditions\/#breadcrumb\",\"itemListElement\":[{\"@type\":\"ListItem\",\"position\":1,\"name\":\"Inicio\",\"item\":\"https:\/\/yucatandivecrew.com\/\"},{\"@type\":\"ListItem\",\"position\":2,\"name\":\"Terms &#038; Conditions\"}]},{\"@type\":\"WebSite\",\"@id\":\"https:\/\/yucatandivecrew.com\/#website\",\"url\":\"https:\/\/yucatandivecrew.com\/\",\"name\":\"Yucatan Dive Crew\",\"description\":\"\",\"publisher\":{\"@id\":\"https:\/\/yucatandivecrew.com\/#organization\"},\"potentialAction\":[{\"@type\":\"SearchAction\",\"target\":{\"@type\":\"EntryPoint\",\"urlTemplate\":\"https:\/\/yucatandivecrew.com\/?s={search_term_string}\"},\"query-input\":{\"@type\":\"PropertyValueSpecification\",\"valueRequired\":true,\"valueName\":\"search_term_string\"}}],\"inLanguage\":\"de\"},{\"@type\":\"Organization\",\"@id\":\"https:\/\/yucatandivecrew.com\/#organization\",\"name\":\"Yucatan Dive Crew\",\"url\":\"https:\/\/yucatandivecrew.com\/\",\"logo\":{\"@type\":\"ImageObject\",\"inLanguage\":\"de\",\"@id\":\"https:\/\/yucatandivecrew.com\/#\/schema\/logo\/image\/\",\"url\":\"https:\/\/yucatandivecrew.com\/wp-content\/uploads\/2023\/06\/yucatan-dive-crew.svg\",\"contentUrl\":\"https:\/\/yucatandivecrew.com\/wp-content\/uploads\/2023\/06\/yucatan-dive-crew.svg\",\"width\":157,\"height\":60,\"caption\":\"Yucatan Dive Crew\"},\"image\":{\"@id\":\"https:\/\/yucatandivecrew.com\/#\/schema\/logo\/image\/\"},\"sameAs\":[\"https:\/\/www.facebook.com\/yucatandivecrew\",\"https:\/\/www.instagram.com\/yucatandivecrew\/\",\"https:\/\/www.youtube.com\/@YucatanDiveCrew\/\",\"https:\/\/www.tiktok.com\/@yucatandivecrew\"]}]}<\/script>\n<!-- \/ Yoast SEO plugin. -->","yoast_head_json":{"title":"Allgemeine Gesch\u00e4ftsbedingungen \u2013 Yucatan Dive Crew","description":"Lesen Sie die Allgemeinen Gesch\u00e4ftsbedingungen von Yucatan Dive Crew, um die Richtlinien f\u00fcr die Nutzung unserer Website und unserer Dienstleistungen zu verstehen.","robots":{"index":"index","follow":"follow","max-snippet":"max-snippet:-1","max-image-preview":"max-image-preview:large","max-video-preview":"max-video-preview:-1"},"canonical":"https:\/\/yucatandivecrew.com\/de\/geschaftsbedingungen\/","og_locale":"de_DE","og_type":"article","og_title":"Terms & Conditions - Yucatan Dive Crew","og_description":"Explore the Terms and Conditions at Yucatan Dive Crew to understand the guidelines governing the use of our website and services.","og_url":"https:\/\/yucatandivecrew.com\/de\/geschaftsbedingungen\/","og_site_name":"Yucatan Dive Crew","article_publisher":"https:\/\/www.facebook.com\/yucatandivecrew","article_modified_time":"2023-08-07T16:07:35+00:00","twitter_card":"summary_large_image","twitter_misc":{"Gesch\u00e4tzte Lesezeit":"4\u00a0Minuten"},"schema":{"@context":"https:\/\/schema.org","@graph":[{"@type":"WebPage","@id":"https:\/\/yucatandivecrew.com\/terms-conditions\/","url":"https:\/\/yucatandivecrew.com\/terms-conditions\/","name":"Allgemeine Gesch\u00e4ftsbedingungen \u2013 Yucatan Dive Crew","isPartOf":{"@id":"https:\/\/yucatandivecrew.com\/#website"},"datePublished":"2023-07-12T14:51:57+00:00","dateModified":"2023-08-07T16:07:35+00:00","description":"Lesen Sie die Allgemeinen Gesch\u00e4ftsbedingungen von Yucatan Dive Crew, um die Richtlinien f\u00fcr die Nutzung unserer Website und unserer Dienstleistungen zu verstehen.","breadcrumb":{"@id":"https:\/\/yucatandivecrew.com\/terms-conditions\/#breadcrumb"},"inLanguage":"de","potentialAction":[{"@type":"ReadAction","target":["https:\/\/yucatandivecrew.com\/terms-conditions\/"]}]},{"@type":"BreadcrumbList","@id":"https:\/\/yucatandivecrew.com\/terms-conditions\/#breadcrumb","itemListElement":[{"@type":"ListItem","position":1,"name":"Inicio","item":"https:\/\/yucatandivecrew.com\/"},{"@type":"ListItem","position":2,"name":"Terms &#038; Conditions"}]},{"@type":"WebSite","@id":"https:\/\/yucatandivecrew.com\/#website","url":"https:\/\/yucatandivecrew.com\/","name":"Taucherteam Yucatan","description":"","publisher":{"@id":"https:\/\/yucatandivecrew.com\/#organization"},"potentialAction":[{"@type":"SearchAction","target":{"@type":"EntryPoint","urlTemplate":"https:\/\/yucatandivecrew.com\/?s={search_term_string}"},"query-input":{"@type":"PropertyValueSpecification","valueRequired":true,"valueName":"search_term_string"}}],"inLanguage":"de"},{"@type":"Organization","@id":"https:\/\/yucatandivecrew.com\/#organization","name":"Taucherteam Yucatan","url":"https:\/\/yucatandivecrew.com\/","logo":{"@type":"ImageObject","inLanguage":"de","@id":"https:\/\/yucatandivecrew.com\/#\/schema\/logo\/image\/","url":"https:\/\/yucatandivecrew.com\/wp-content\/uploads\/2023\/06\/yucatan-dive-crew.svg","contentUrl":"https:\/\/yucatandivecrew.com\/wp-content\/uploads\/2023\/06\/yucatan-dive-crew.svg","width":157,"height":60,"caption":"Yucatan Dive Crew"},"image":{"@id":"https:\/\/yucatandivecrew.com\/#\/schema\/logo\/image\/"},"sameAs":["https:\/\/www.facebook.com\/yucatandivecrew","https:\/\/www.instagram.com\/yucatandivecrew\/","https:\/\/www.youtube.com\/@YucatanDiveCrew\/","https:\/\/www.tiktok.com\/@yucatandivecrew"]}]}},"_links":{"self":[{"href":"https:\/\/yucatandivecrew.com\/de\/wp-json\/wp\/v2\/pages\/402","targetHints":{"allow":["GET"]}}],"collection":[{"href":"https:\/\/yucatandivecrew.com\/de\/wp-json\/wp\/v2\/pages"}],"about":[{"href":"https:\/\/yucatandivecrew.com\/de\/wp-json\/wp\/v2\/types\/page"}],"author":[{"embeddable":true,"href":"https:\/\/yucatandivecrew.com\/de\/wp-json\/wp\/v2\/users\/1"}],"replies":[{"embeddable":true,"href":"https:\/\/yucatandivecrew.com\/de\/wp-json\/wp\/v2\/comments?post=402"}],"version-history":[{"count":0,"href":"https:\/\/yucatandivecrew.com\/de\/wp-json\/wp\/v2\/pages\/402\/revisions"}],"wp:attachment":[{"href":"https:\/\/yucatandivecrew.com\/de\/wp-json\/wp\/v2\/media?parent=402"}],"curies":[{"name":"wp","href":"https:\/\/api.w.org\/{rel}","templated":true}]}}