{"id":26,"date":"2023-06-28T05:14:26","date_gmt":"2023-06-28T05:14:26","guid":{"rendered":"https:\/\/yucatandivecrew.com\/?page_id=26"},"modified":"2023-08-07T16:08:27","modified_gmt":"2023-08-07T16:08:27","slug":"uber-uns","status":"publish","type":"page","link":"https:\/\/yucatandivecrew.com\/de\/uber-uns\/","title":{"rendered":"\u00dcber uns"},"content":{"rendered":"<div data-elementor-type=\"wp-page\" data-elementor-id=\"26\" class=\"elementor elementor-26\" data-elementor-post-type=\"page\">\n\t\t\t\t<div class=\"elementor-element elementor-element-c502c86 e-con-full e-flex e-con e-parent\" data-id=\"c502c86\" data-element_type=\"container\" data-settings=\"{&quot;background_background&quot;:&quot;classic&quot;,&quot;background_motion_fx_motion_fx_scrolling&quot;:&quot;yes&quot;,&quot;background_motion_fx_translateY_effect&quot;:&quot;yes&quot;,&quot;background_motion_fx_translateY_speed&quot;:{&quot;unit&quot;:&quot;px&quot;,&quot;size&quot;:4,&quot;sizes&quot;:[]},&quot;background_motion_fx_translateY_affectedRange&quot;:{&quot;unit&quot;:&quot;%&quot;,&quot;size&quot;:&quot;&quot;,&quot;sizes&quot;:{&quot;start&quot;:0,&quot;end&quot;:100}},&quot;background_motion_fx_devices&quot;:[&quot;desktop&quot;,&quot;tablet&quot;,&quot;mobile&quot;]}\">\n\t\t<div class=\"elementor-element elementor-element-86d737a e-flex e-con-boxed e-con e-parent\" data-id=\"86d737a\" data-element_type=\"container\">\n\t\t\t\t\t<div class=\"e-con-inner\">\n\t\t\t\t<div class=\"elementor-element elementor-element-7d3c367 elementor-widget elementor-widget-heading\" data-id=\"7d3c367\" data-element_type=\"widget\" data-widget_type=\"heading.default\">\n\t\t\t\t<div class=\"elementor-widget-container\">\n\t\t\t\t\t<h1 class=\"elementor-heading-title elementor-size-default\">\u00dcber uns<\/h1>\t\t\t\t<\/div>\n\t\t\t\t<\/div>\n\t\t\t\t\t<\/div>\n\t\t\t\t<\/div>\n\t\t\t\t<\/div>\n\t\t<div class=\"elementor-element elementor-element-b5f2eac e-flex e-con-boxed e-con e-parent\" data-id=\"b5f2eac\" data-element_type=\"container\">\n\t\t\t\t\t<div class=\"e-con-inner\">\n\t\t<div class=\"elementor-element elementor-element-7499cd8 e-con-full e-flex e-con e-parent\" data-id=\"7499cd8\" data-element_type=\"container\">\n\t\t\t\t<div class=\"elementor-element elementor-element-ad96c49 elementor-widget elementor-widget-heading\" data-id=\"ad96c49\" data-element_type=\"widget\" data-widget_type=\"heading.default\">\n\t\t\t\t<div class=\"elementor-widget-container\">\n\t\t\t\t\t<h1 class=\"elementor-heading-title elementor-size-default\">Willkommen bei Yucatan Dive Crew<\/h1>\t\t\t\t<\/div>\n\t\t\t\t<\/div>\n\t\t\t\t<\/div>\n\t\t<div class=\"elementor-element elementor-element-c1ef100 e-con-full e-flex e-con e-parent\" data-id=\"c1ef100\" data-element_type=\"container\">\n\t\t\t\t<\/div>\n\t\t\t\t\t<\/div>\n\t\t\t\t<\/div>\n\t\t<div class=\"elementor-element elementor-element-08cf44c e-flex e-con-boxed e-con e-parent\" data-id=\"08cf44c\" data-element_type=\"container\">\n\t\t\t\t\t<div class=\"e-con-inner\">\n\t\t<div class=\"elementor-element elementor-element-5e730a7 e-con-full e-flex e-con e-parent\" data-id=\"5e730a7\" data-element_type=\"container\">\n\t\t\t\t<div class=\"elementor-element elementor-element-b012954 elementor-widget elementor-widget-text-editor\" data-id=\"b012954\" data-element_type=\"widget\" data-widget_type=\"text-editor.default\">\n\t\t\t\t<div class=\"elementor-widget-container\">\n\t\t\t\t\t\t\t\t\t<h4><span style=\"color: #0070e0;\">Das Tor zu Ihrer Unterwassererkundung und einer bl\u00fchenden Gemeinschaft von Tauchbegeisterten.<\/span><\/h4><p><span style=\"font-weight: 400;\">Wir sind Rodrigo und Michael, die Gr\u00fcnder, erfahrene Taucher und leidenschaftliche Verfechter der Unterwasserwelt.<\/span><\/p><p><span style=\"font-weight: 400;\">Unsere gemeinsame Expertise erstreckt sich \u00fcber mehr als 25 Jahre, und jeder von uns bringt umfassendes Wissen und gro\u00dfe Leidenschaft in unser Projekt ein. Rodrigo, ein erfahrener Berufstaucher, verf\u00fcgt \u00fcber einen einzigartigen Lebenslauf, der weit \u00fcber die F\u00fchrung von Tauchern in die faszinierenden Tiefen hinausgeht.<\/span><\/p>\t\t\t\t\t\t\t\t<\/div>\n\t\t\t\t<\/div>\n\t\t\t\t<\/div>\n\t\t<div class=\"elementor-element elementor-element-4b131b6 e-con-full e-flex e-con e-parent\" data-id=\"4b131b6\" data-element_type=\"container\">\n\t\t\t\t<div class=\"elementor-element elementor-element-863898f elementor-widget elementor-widget-text-editor\" data-id=\"863898f\" data-element_type=\"widget\" data-widget_type=\"text-editor.default\">\n\t\t\t\t<div class=\"elementor-widget-container\">\n\t\t\t\t\t\t\t\t\t<p><span style=\"font-weight: 400;\">Als Ozeanograph arbeitet er mit Universit\u00e4ten zusammen und tr\u00e4gt zu wegweisenden Studien bei, die ein besseres Verst\u00e4ndnis unserer Ozeane und die Entwicklung erneuerbarer Technologien zum Ziel haben. Seine Erfahrung erstreckt sich auch auf die Arbeit am Filmset, wo er sich in anspruchsvollen Unterwasserbedingungen zurechtgefunden und Meereswelten enth\u00fcllt hat, von denen viele nur tr\u00e4umen.<\/span><\/p>\n<p><span style=\"font-weight: 400;\">Andererseits hat Michael unz\u00e4hlige Stunden damit verbracht, die Faszination des Tauchens mit Neulingen und erfahrenen Tauchern zu teilen, ihre F\u00e4higkeiten zu verfeinern und eine gemeinsame Leidenschaft f\u00fcr die Unterwasserwelt zu entfachen.<\/span><\/p>\t\t\t\t\t\t\t\t<\/div>\n\t\t\t\t<\/div>\n\t\t\t\t<\/div>\n\t\t\t\t\t<\/div>\n\t\t\t\t<\/div>\n\t\t<div class=\"elementor-element elementor-element-0ee061e e-flex e-con-boxed e-con e-parent\" data-id=\"0ee061e\" data-element_type=\"container\" data-settings=\"{&quot;background_background&quot;:&quot;classic&quot;,&quot;background_motion_fx_motion_fx_scrolling&quot;:&quot;yes&quot;,&quot;background_motion_fx_translateY_effect&quot;:&quot;yes&quot;,&quot;background_motion_fx_translateY_speed&quot;:{&quot;unit&quot;:&quot;px&quot;,&quot;size&quot;:4,&quot;sizes&quot;:[]},&quot;background_motion_fx_translateY_affectedRange&quot;:{&quot;unit&quot;:&quot;%&quot;,&quot;size&quot;:&quot;&quot;,&quot;sizes&quot;:{&quot;start&quot;:0,&quot;end&quot;:100}},&quot;background_motion_fx_devices&quot;:[&quot;desktop&quot;,&quot;tablet&quot;,&quot;mobile&quot;]}\">\n\t\t\t\t\t<div class=\"e-con-inner\">\n\t\t<div class=\"elementor-element elementor-element-a5fc84f e-flex e-con-boxed e-con e-parent\" data-id=\"a5fc84f\" data-element_type=\"container\">\n\t\t\t\t\t<div class=\"e-con-inner\">\n\t\t\t\t<div class=\"elementor-element elementor-element-66e777f elementor-widget elementor-widget-text-editor\" data-id=\"66e777f\" data-element_type=\"widget\" data-widget_type=\"text-editor.default\">\n\t\t\t\t<div class=\"elementor-widget-container\">\n\t\t\t\t\t\t\t\t\t<p><span style=\"color: #ffffff;\">Unsere Vision mit Yucatan Dive Crew reicht \u00fcber unsere individuellen Erfahrungen hinaus. Unsere Mission ist es, eine globale Tauchergemeinschaft zu schaffen \u2013 einen Ort, an dem Wissen, Geschichten und Erlebnisse geteilt werden und die Faszination der Unterwassererkundung gefeiert wird.<\/span><\/p>\t\t\t\t\t\t\t\t<\/div>\n\t\t\t\t<\/div>\n\t\t\t\t<div class=\"elementor-element elementor-element-71947e8 elementor-widget elementor-widget-text-editor\" data-id=\"71947e8\" data-element_type=\"widget\" data-widget_type=\"text-editor.default\">\n\t\t\t\t<div class=\"elementor-widget-container\">\n\t\t\t\t\t\t\t\t\t<span style=\"color: #ffffff;\">F\u00fcr uns ist Tauchen mehr als nur ein Sport \u2013 es ist ein tiefgreifendes Erlebnis, das uns eine einzigartige Perspektive auf unsere Welt er\u00f6ffnet. Es ist eine Einladung, die Natur in ihrer urspr\u00fcnglichsten Form zu erleben, eine Chance, das empfindliche Gleichgewicht des Meereslebens zu verstehen und wertzusch\u00e4tzen, und eine Reise, die eine lebenslange Leidenschaft f\u00fcr die Erkundung der Unterwasserwelt entfachen kann.<\/span>\t\t\t\t\t\t\t\t<\/div>\n\t\t\t\t<\/div>\n\t\t\t\t\t<\/div>\n\t\t\t\t<\/div>\n\t\t<div class=\"elementor-element elementor-element-6cdedf8 e-con-full e-flex e-con e-parent\" data-id=\"6cdedf8\" data-element_type=\"container\">\n\t\t\t\t<\/div>\n\t\t\t\t\t<\/div>\n\t\t\t\t<\/div>\n\t\t<div class=\"elementor-element elementor-element-5bcf5d3 e-con-full e-flex e-con e-parent\" data-id=\"5bcf5d3\" data-element_type=\"container\">\n\t\t<div class=\"elementor-element elementor-element-3143a46 e-flex e-con-boxed e-con e-parent\" data-id=\"3143a46\" data-element_type=\"container\" data-settings=\"{&quot;background_background&quot;:&quot;classic&quot;}\">\n\t\t\t\t\t<div class=\"e-con-inner\">\n\t\t<div class=\"elementor-element elementor-element-31e236b e-flex e-con-boxed e-con e-parent\" data-id=\"31e236b\" data-element_type=\"container\">\n\t\t\t\t\t<div class=\"e-con-inner\">\n\t\t<div class=\"elementor-element elementor-element-5fd728b e-flex e-con-boxed e-con e-parent\" data-id=\"5fd728b\" data-element_type=\"container\">\n\t\t\t\t\t<div class=\"e-con-inner\">\n\t\t\t\t<div class=\"elementor-element elementor-element-42b2625 elementor-invisible elementor-widget elementor-widget-image\" data-id=\"42b2625\" data-element_type=\"widget\" data-settings=\"{&quot;_animation&quot;:&quot;rotateIn&quot;}\" data-widget_type=\"image.default\">\n\t\t\t\t<div class=\"elementor-widget-container\">\n\t\t\t\t\t\t\t\t\t\t\t\t\t\t\t<img fetchpriority=\"high\" decoding=\"async\" width=\"960\" height=\"1280\" src=\"https:\/\/yucatandivecrew.com\/wp-content\/uploads\/2023\/07\/divecrew9.jpeg\" class=\"attachment-full size-full wp-image-1653\" alt=\"\" srcset=\"https:\/\/yucatandivecrew.com\/wp-content\/uploads\/2023\/07\/divecrew9.jpeg 960w, https:\/\/yucatandivecrew.com\/wp-content\/uploads\/2023\/07\/divecrew9-225x300.jpeg 225w, https:\/\/yucatandivecrew.com\/wp-content\/uploads\/2023\/07\/divecrew9-768x1024.jpeg 768w, https:\/\/yucatandivecrew.com\/wp-content\/uploads\/2023\/07\/divecrew9-9x12.jpeg 9w\" sizes=\"(max-width: 960px) 100vw, 960px\" \/>\t\t\t\t\t\t\t\t\t\t\t\t\t\t\t<\/div>\n\t\t\t\t<\/div>\n\t\t\t\t\t<\/div>\n\t\t\t\t<\/div>\n\t\t<div class=\"elementor-element elementor-element-12a3e81 e-con-full e-flex e-con e-parent\" data-id=\"12a3e81\" data-element_type=\"container\">\n\t\t\t\t<div class=\"elementor-element elementor-element-28eeaaf elementor-widget elementor-widget-text-editor\" data-id=\"28eeaaf\" data-element_type=\"widget\" data-widget_type=\"text-editor.default\">\n\t\t\t\t<div class=\"elementor-widget-container\">\n\t\t\t\t\t\t\t\t\t<h3>Yucatan Dive Crew ist mehr als nur ein Tauchzentrum.<\/h3>\t\t\t\t\t\t\t\t<\/div>\n\t\t\t\t<\/div>\n\t\t\t\t<div class=\"elementor-element elementor-element-9329727 elementor-widget elementor-widget-text-editor\" data-id=\"9329727\" data-element_type=\"widget\" data-widget_type=\"text-editor.default\">\n\t\t\t\t<div class=\"elementor-widget-container\">\n\t\t\t\t\t\t\t\t\t<p><span style=\"font-weight: 400;\">Es ist eine Plattform f\u00fcr all jene, die es wagen, das Gew\u00f6hnliche zu hinterfragen, ihre Komfortzone zu verlassen und in die faszinierenden Geheimnisse des Ozeans einzutauchen.<\/span><\/p><p><span style=\"font-weight: 400;\">Wenn du dich uns anschlie\u00dft, lernst du nicht nur Tauchen, sondern wirst Teil einer globalen Gemeinschaft, die die Liebe zur Tiefe des Ozeans teilt. Du begibst dich auf ein Abenteuer, das deine Sicht auf die Welt ver\u00e4ndern wird.<\/span><\/p><p><span style=\"font-weight: 400;\">Wir freuen uns darauf, Sie ins Unbekannte zu f\u00fchren, den unbeschreiblichen Nervenkitzel Ihres ersten Atemzugs unter Wasser mit Ihnen zu teilen und Sie in der Yucatan Dive Crew willkommen zu hei\u00dfen \u2013 dem Beginn Ihrer ganz eigenen Tauchreise.\u00a0<\/span><\/p>\t\t\t\t\t\t\t\t<\/div>\n\t\t\t\t<\/div>\n\t\t\t\t<\/div>\n\t\t\t\t\t<\/div>\n\t\t\t\t<\/div>\n\t\t\t\t\t<\/div>\n\t\t\t\t<\/div>\n\t\t\t\t<\/div>\n\t\t\t\t<\/div>","protected":false},"excerpt":{"rendered":"<p>About Us Welcome to Yucatan Dive Crew The gateway to your underwater exploration and a thriving community of diving enthusiasts. We are Rodrigo and Michael, co-founders, diving veterans, and passionate advocates for the underwater world. Our combined expertise spans over 25+ years, with each of us bringing a wealth of knowledge and passion to our [&hellip;]<\/p>","protected":false},"author":1,"featured_media":0,"parent":0,"menu_order":0,"comment_status":"closed","ping_status":"closed","template":"","meta":{"_acf_changed":false,"om_disable_all_campaigns":false,"_joinchat":[],"footnotes":""},"class_list":["post-26","page","type-page","status-publish","hentry"],"acf":[],"yoast_head":"<!-- This site is optimized with the Yoast SEO plugin v26.8 - https:\/\/yoast.com\/product\/yoast-seo-wordpress\/ -->\n<title>About Us - Yucatan Dive Crew<\/title>\n<meta name=\"description\" content=\"Learn more about Yucatan Dive Crew on our About Us page. Discover our mission, values, and the dedicated team behind our exceptional diving experiences.\" \/>\n<meta name=\"robots\" content=\"index, follow, max-snippet:-1, max-image-preview:large, max-video-preview:-1\" \/>\n<link rel=\"canonical\" href=\"https:\/\/yucatandivecrew.com\/de\/uber-uns\/\" \/>\n<meta property=\"og:locale\" content=\"de_DE\" \/>\n<meta property=\"og:type\" content=\"article\" \/>\n<meta property=\"og:title\" content=\"About Us - Yucatan Dive Crew\" \/>\n<meta property=\"og:description\" content=\"Learn more about Yucatan Dive Crew on our About Us page. Discover our mission, values, and the dedicated team behind our exceptional diving experiences.\" \/>\n<meta property=\"og:url\" content=\"https:\/\/yucatandivecrew.com\/de\/uber-uns\/\" \/>\n<meta property=\"og:site_name\" content=\"Yucatan Dive Crew\" \/>\n<meta property=\"article:publisher\" content=\"https:\/\/www.facebook.com\/yucatandivecrew\" \/>\n<meta property=\"article:modified_time\" content=\"2023-08-07T16:08:27+00:00\" \/>\n<meta property=\"og:image\" content=\"https:\/\/yucatandivecrew.com\/wp-content\/uploads\/2023\/07\/divecrew9.jpeg\" \/>\n<meta name=\"twitter:card\" content=\"summary_large_image\" \/>\n<meta name=\"twitter:label1\" content=\"Gesch\u00e4tzte Lesezeit\" \/>\n\t<meta name=\"twitter:data1\" content=\"2\u00a0Minuten\" \/>\n<script type=\"application\/ld+json\" class=\"yoast-schema-graph\">{\"@context\":\"https:\/\/schema.org\",\"@graph\":[{\"@type\":\"WebPage\",\"@id\":\"https:\/\/yucatandivecrew.com\/about-us\/\",\"url\":\"https:\/\/yucatandivecrew.com\/about-us\/\",\"name\":\"About Us - Yucatan Dive Crew\",\"isPartOf\":{\"@id\":\"https:\/\/yucatandivecrew.com\/#website\"},\"primaryImageOfPage\":{\"@id\":\"https:\/\/yucatandivecrew.com\/about-us\/#primaryimage\"},\"image\":{\"@id\":\"https:\/\/yucatandivecrew.com\/about-us\/#primaryimage\"},\"thumbnailUrl\":\"https:\/\/yucatandivecrew.com\/wp-content\/uploads\/2023\/07\/divecrew9.jpeg\",\"datePublished\":\"2023-06-28T05:14:26+00:00\",\"dateModified\":\"2023-08-07T16:08:27+00:00\",\"description\":\"Learn more about Yucatan Dive Crew on our About Us page. Discover our mission, values, and the dedicated team behind our exceptional diving experiences.\",\"breadcrumb\":{\"@id\":\"https:\/\/yucatandivecrew.com\/about-us\/#breadcrumb\"},\"inLanguage\":\"de\",\"potentialAction\":[{\"@type\":\"ReadAction\",\"target\":[\"https:\/\/yucatandivecrew.com\/about-us\/\"]}]},{\"@type\":\"ImageObject\",\"inLanguage\":\"de\",\"@id\":\"https:\/\/yucatandivecrew.com\/about-us\/#primaryimage\",\"url\":\"https:\/\/yucatandivecrew.com\/wp-content\/uploads\/2023\/07\/divecrew9.jpeg\",\"contentUrl\":\"https:\/\/yucatandivecrew.com\/wp-content\/uploads\/2023\/07\/divecrew9.jpeg\"},{\"@type\":\"BreadcrumbList\",\"@id\":\"https:\/\/yucatandivecrew.com\/about-us\/#breadcrumb\",\"itemListElement\":[{\"@type\":\"ListItem\",\"position\":1,\"name\":\"Inicio\",\"item\":\"https:\/\/yucatandivecrew.com\/\"},{\"@type\":\"ListItem\",\"position\":2,\"name\":\"About Us\"}]},{\"@type\":\"WebSite\",\"@id\":\"https:\/\/yucatandivecrew.com\/#website\",\"url\":\"https:\/\/yucatandivecrew.com\/\",\"name\":\"Yucatan Dive Crew\",\"description\":\"\",\"publisher\":{\"@id\":\"https:\/\/yucatandivecrew.com\/#organization\"},\"potentialAction\":[{\"@type\":\"SearchAction\",\"target\":{\"@type\":\"EntryPoint\",\"urlTemplate\":\"https:\/\/yucatandivecrew.com\/?s={search_term_string}\"},\"query-input\":{\"@type\":\"PropertyValueSpecification\",\"valueRequired\":true,\"valueName\":\"search_term_string\"}}],\"inLanguage\":\"de\"},{\"@type\":\"Organization\",\"@id\":\"https:\/\/yucatandivecrew.com\/#organization\",\"name\":\"Yucatan Dive Crew\",\"url\":\"https:\/\/yucatandivecrew.com\/\",\"logo\":{\"@type\":\"ImageObject\",\"inLanguage\":\"de\",\"@id\":\"https:\/\/yucatandivecrew.com\/#\/schema\/logo\/image\/\",\"url\":\"https:\/\/yucatandivecrew.com\/wp-content\/uploads\/2023\/06\/yucatan-dive-crew.svg\",\"contentUrl\":\"https:\/\/yucatandivecrew.com\/wp-content\/uploads\/2023\/06\/yucatan-dive-crew.svg\",\"width\":157,\"height\":60,\"caption\":\"Yucatan Dive Crew\"},\"image\":{\"@id\":\"https:\/\/yucatandivecrew.com\/#\/schema\/logo\/image\/\"},\"sameAs\":[\"https:\/\/www.facebook.com\/yucatandivecrew\",\"https:\/\/www.instagram.com\/yucatandivecrew\/\",\"https:\/\/www.youtube.com\/@YucatanDiveCrew\/\",\"https:\/\/www.tiktok.com\/@yucatandivecrew\"]}]}<\/script>\n<!-- \/ Yoast SEO plugin. -->","yoast_head_json":{"title":"\u00dcber uns \u2013 Yucatan Dive Crew","description":"Erfahren Sie mehr \u00fcber Yucatan Dive Crew auf unserer \u201e\u00dcber uns\u201c-Seite. Entdecken Sie unsere Mission, unsere Werte und das engagierte Team, das hinter unseren au\u00dfergew\u00f6hnlichen Taucherlebnissen steht.","robots":{"index":"index","follow":"follow","max-snippet":"max-snippet:-1","max-image-preview":"max-image-preview:large","max-video-preview":"max-video-preview:-1"},"canonical":"https:\/\/yucatandivecrew.com\/de\/uber-uns\/","og_locale":"de_DE","og_type":"article","og_title":"About Us - Yucatan Dive Crew","og_description":"Learn more about Yucatan Dive Crew on our About Us page. Discover our mission, values, and the dedicated team behind our exceptional diving experiences.","og_url":"https:\/\/yucatandivecrew.com\/de\/uber-uns\/","og_site_name":"Yucatan Dive Crew","article_publisher":"https:\/\/www.facebook.com\/yucatandivecrew","article_modified_time":"2023-08-07T16:08:27+00:00","og_image":[{"url":"https:\/\/yucatandivecrew.com\/wp-content\/uploads\/2023\/07\/divecrew9.jpeg","type":"","width":"","height":""}],"twitter_card":"summary_large_image","twitter_misc":{"Gesch\u00e4tzte Lesezeit":"2\u00a0Minuten"},"schema":{"@context":"https:\/\/schema.org","@graph":[{"@type":"WebPage","@id":"https:\/\/yucatandivecrew.com\/about-us\/","url":"https:\/\/yucatandivecrew.com\/about-us\/","name":"\u00dcber uns \u2013 Yucatan Dive Crew","isPartOf":{"@id":"https:\/\/yucatandivecrew.com\/#website"},"primaryImageOfPage":{"@id":"https:\/\/yucatandivecrew.com\/about-us\/#primaryimage"},"image":{"@id":"https:\/\/yucatandivecrew.com\/about-us\/#primaryimage"},"thumbnailUrl":"https:\/\/yucatandivecrew.com\/wp-content\/uploads\/2023\/07\/divecrew9.jpeg","datePublished":"2023-06-28T05:14:26+00:00","dateModified":"2023-08-07T16:08:27+00:00","description":"Erfahren Sie mehr \u00fcber Yucatan Dive Crew auf unserer \u201e\u00dcber uns\u201c-Seite. Entdecken Sie unsere Mission, unsere Werte und das engagierte Team, das hinter unseren au\u00dfergew\u00f6hnlichen Taucherlebnissen steht.","breadcrumb":{"@id":"https:\/\/yucatandivecrew.com\/about-us\/#breadcrumb"},"inLanguage":"de","potentialAction":[{"@type":"ReadAction","target":["https:\/\/yucatandivecrew.com\/about-us\/"]}]},{"@type":"ImageObject","inLanguage":"de","@id":"https:\/\/yucatandivecrew.com\/about-us\/#primaryimage","url":"https:\/\/yucatandivecrew.com\/wp-content\/uploads\/2023\/07\/divecrew9.jpeg","contentUrl":"https:\/\/yucatandivecrew.com\/wp-content\/uploads\/2023\/07\/divecrew9.jpeg"},{"@type":"BreadcrumbList","@id":"https:\/\/yucatandivecrew.com\/about-us\/#breadcrumb","itemListElement":[{"@type":"ListItem","position":1,"name":"Inicio","item":"https:\/\/yucatandivecrew.com\/"},{"@type":"ListItem","position":2,"name":"About Us"}]},{"@type":"WebSite","@id":"https:\/\/yucatandivecrew.com\/#website","url":"https:\/\/yucatandivecrew.com\/","name":"Taucherteam Yucatan","description":"","publisher":{"@id":"https:\/\/yucatandivecrew.com\/#organization"},"potentialAction":[{"@type":"SearchAction","target":{"@type":"EntryPoint","urlTemplate":"https:\/\/yucatandivecrew.com\/?s={search_term_string}"},"query-input":{"@type":"PropertyValueSpecification","valueRequired":true,"valueName":"search_term_string"}}],"inLanguage":"de"},{"@type":"Organization","@id":"https:\/\/yucatandivecrew.com\/#organization","name":"Taucherteam Yucatan","url":"https:\/\/yucatandivecrew.com\/","logo":{"@type":"ImageObject","inLanguage":"de","@id":"https:\/\/yucatandivecrew.com\/#\/schema\/logo\/image\/","url":"https:\/\/yucatandivecrew.com\/wp-content\/uploads\/2023\/06\/yucatan-dive-crew.svg","contentUrl":"https:\/\/yucatandivecrew.com\/wp-content\/uploads\/2023\/06\/yucatan-dive-crew.svg","width":157,"height":60,"caption":"Yucatan Dive Crew"},"image":{"@id":"https:\/\/yucatandivecrew.com\/#\/schema\/logo\/image\/"},"sameAs":["https:\/\/www.facebook.com\/yucatandivecrew","https:\/\/www.instagram.com\/yucatandivecrew\/","https:\/\/www.youtube.com\/@YucatanDiveCrew\/","https:\/\/www.tiktok.com\/@yucatandivecrew"]}]}},"_links":{"self":[{"href":"https:\/\/yucatandivecrew.com\/de\/wp-json\/wp\/v2\/pages\/26","targetHints":{"allow":["GET"]}}],"collection":[{"href":"https:\/\/yucatandivecrew.com\/de\/wp-json\/wp\/v2\/pages"}],"about":[{"href":"https:\/\/yucatandivecrew.com\/de\/wp-json\/wp\/v2\/types\/page"}],"author":[{"embeddable":true,"href":"https:\/\/yucatandivecrew.com\/de\/wp-json\/wp\/v2\/users\/1"}],"replies":[{"embeddable":true,"href":"https:\/\/yucatandivecrew.com\/de\/wp-json\/wp\/v2\/comments?post=26"}],"version-history":[{"count":0,"href":"https:\/\/yucatandivecrew.com\/de\/wp-json\/wp\/v2\/pages\/26\/revisions"}],"wp:attachment":[{"href":"https:\/\/yucatandivecrew.com\/de\/wp-json\/wp\/v2\/media?parent=26"}],"curies":[{"name":"wp","href":"https:\/\/api.w.org\/{rel}","templated":true}]}}